{"id":4018,"date":"2016-10-31T18:47:42","date_gmt":"2016-10-31T18:47:42","guid":{"rendered":"http:\/\/www.andesrace.pe\/?post_type=product&#038;p=4018"},"modified":"2026-01-08T19:22:54","modified_gmt":"2026-01-08T19:22:54","slug":"andes-race-13k","status":"publish","type":"product","link":"https:\/\/www.andesrace.pe\/en\/product\/andes-race-13k\/","title":{"rendered":"Andes Race 13K"},"content":{"rendered":"<p><iframe title=\"Corre el Andes Race 2022\" width=\"1080\" height=\"608\" src=\"https:\/\/www.youtube.com\/embed\/Eo5qqZrYL-c?feature=oembed\" frameborder=\"0\" allow=\"accelerometer; autoplay; clipboard-write; encrypted-media; gyroscope; picture-in-picture; web-share\" referrerpolicy=\"strict-origin-when-cross-origin\" allowfullscreen><\/iframe><\/p>\n<p>&nbsp;<\/p>\n<p>&nbsp;<\/p>\n<p>&nbsp;<\/p>\n<p>&nbsp;<\/p>\n<p>&nbsp;<\/p>","protected":false},"excerpt":{"rendered":"<h3>Toda la informac\u00edon de la carrera <a href=\"https:\/\/www.andesrace.pe\/en\/13k\/\" target=\"_blank\" rel=\"noopener\">AQU\u00cd<\/a><\/h3>\n<p><strong>IMPORTANTE:<\/strong> Al comprar una inscripci\u00f3n al Andes Race, acepto haber le\u00eddo el <a href=\"https:\/\/www.andesrace.pe\/en\/informacion-del-andes-race\/reglamento\/\" target=\"_blank\" rel=\"noopener\">Reglamento<\/a>, as\u00ed como las pol\u00edticas de cambio de distancia y de NO devoluci\u00f3n y\/o reembolso, en caso no pueda participar por motivos ajenos a la competencia.<\/p>","protected":false},"featured_media":10552,"comment_status":"closed","ping_status":"closed","template":"","meta":{"nf_dc_page":""},"product_brand":[],"product_cat":[130,32],"product_tag":[77],"class_list":{"0":"post-4018","1":"product","2":"type-product","3":"status-publish","4":"has-post-thumbnail","6":"product_cat-13k","7":"product_cat-distancias","8":"product_tag-andes-race-13k","10":"first","11":"outofstock","12":"virtual","13":"sold-individually","14":"purchasable","15":"product-type-simple"},"yoast_head":"<!-- This site is optimized with the Yoast SEO plugin v26.9 - https:\/\/yoast.com\/product\/yoast-seo-wordpress\/ -->\n<title>Distancia Andes Race 13K - ANDES RACE - Trail Running Cusco<\/title>\n<meta name=\"description\" content=\"La distancia mas corta del Andes Race. Andes Race 13K recorre el tramo final de la carrera y atraviesa caminos Inkas hasta llegar a Ollantaytambo.\" \/>\n<meta name=\"robots\" content=\"index, follow, max-snippet:-1, max-image-preview:large, max-video-preview:-1\" \/>\n<link rel=\"canonical\" href=\"https:\/\/www.andesrace.pe\/en\/product\/andes-race-13k\/\" \/>\n<meta property=\"og:locale\" content=\"en_US\" \/>\n<meta property=\"og:type\" content=\"article\" \/>\n<meta property=\"og:title\" content=\"Distancia Andes Race 13K - ANDES RACE - Trail Running Cusco\" \/>\n<meta property=\"og:description\" content=\"La distancia mas corta del Andes Race. Andes Race 13K recorre el tramo final de la carrera y atraviesa caminos Inkas hasta llegar a Ollantaytambo.\" \/>\n<meta property=\"og:url\" content=\"https:\/\/www.andesrace.pe\/en\/product\/andes-race-13k\/\" \/>\n<meta property=\"og:site_name\" content=\"ANDES RACE\" \/>\n<meta property=\"article:modified_time\" content=\"2026-01-08T19:22:54+00:00\" \/>\n<meta property=\"og:image\" content=\"https:\/\/www.andesrace.pe\/wp-content\/uploads\/2021\/11\/13K.png\" \/>\n\t<meta property=\"og:image:width\" content=\"400\" \/>\n\t<meta property=\"og:image:height\" content=\"400\" \/>\n\t<meta property=\"og:image:type\" content=\"image\/png\" \/>\n<meta name=\"twitter:card\" content=\"summary_large_image\" \/>\n<meta name=\"twitter:label1\" content=\"Est. reading time\" \/>\n\t<meta name=\"twitter:data1\" content=\"1 minute\" \/>\n<script type=\"application\/ld+json\" class=\"yoast-schema-graph\">{\"@context\":\"https:\/\/schema.org\",\"@graph\":[{\"@type\":\"WebPage\",\"@id\":\"https:\/\/www.andesrace.pe\/producto\/andes-race-13k\/\",\"url\":\"https:\/\/www.andesrace.pe\/producto\/andes-race-13k\/\",\"name\":\"Distancia Andes Race 13K - ANDES RACE - Trail Running Cusco\",\"isPartOf\":{\"@id\":\"https:\/\/www.andesrace.pe\/#website\"},\"primaryImageOfPage\":{\"@id\":\"https:\/\/www.andesrace.pe\/producto\/andes-race-13k\/#primaryimage\"},\"image\":{\"@id\":\"https:\/\/www.andesrace.pe\/producto\/andes-race-13k\/#primaryimage\"},\"thumbnailUrl\":\"https:\/\/www.andesrace.pe\/wp-content\/uploads\/2021\/11\/13K.png\",\"datePublished\":\"2016-10-31T18:47:42+00:00\",\"dateModified\":\"2026-01-08T19:22:54+00:00\",\"description\":\"La distancia mas corta del Andes Race. Andes Race 13K recorre el tramo final de la carrera y atraviesa caminos Inkas hasta llegar a Ollantaytambo.\",\"breadcrumb\":{\"@id\":\"https:\/\/www.andesrace.pe\/producto\/andes-race-13k\/#breadcrumb\"},\"inLanguage\":\"en-US\",\"potentialAction\":[{\"@type\":\"ReadAction\",\"target\":[\"https:\/\/www.andesrace.pe\/producto\/andes-race-13k\/\"]}]},{\"@type\":\"ImageObject\",\"inLanguage\":\"en-US\",\"@id\":\"https:\/\/www.andesrace.pe\/producto\/andes-race-13k\/#primaryimage\",\"url\":\"https:\/\/www.andesrace.pe\/wp-content\/uploads\/2021\/11\/13K.png\",\"contentUrl\":\"https:\/\/www.andesrace.pe\/wp-content\/uploads\/2021\/11\/13K.png\",\"width\":400,\"height\":400},{\"@type\":\"BreadcrumbList\",\"@id\":\"https:\/\/www.andesrace.pe\/producto\/andes-race-13k\/#breadcrumb\",\"itemListElement\":[{\"@type\":\"ListItem\",\"position\":1,\"name\":\"Portada\",\"item\":\"https:\/\/www.andesrace.pe\/\"},{\"@type\":\"ListItem\",\"position\":2,\"name\":\"Shop\",\"item\":\"https:\/\/www.andesrace.pe\/shop\/\"},{\"@type\":\"ListItem\",\"position\":3,\"name\":\"Andes Race 13K\"}]},{\"@type\":\"WebSite\",\"@id\":\"https:\/\/www.andesrace.pe\/#website\",\"url\":\"https:\/\/www.andesrace.pe\/\",\"name\":\"ANDES RACE\",\"description\":\"The Chaski Challenge\",\"publisher\":{\"@id\":\"https:\/\/www.andesrace.pe\/#organization\"},\"potentialAction\":[{\"@type\":\"SearchAction\",\"target\":{\"@type\":\"EntryPoint\",\"urlTemplate\":\"https:\/\/www.andesrace.pe\/?s={search_term_string}\"},\"query-input\":{\"@type\":\"PropertyValueSpecification\",\"valueRequired\":true,\"valueName\":\"search_term_string\"}}],\"inLanguage\":\"en-US\"},{\"@type\":\"Organization\",\"@id\":\"https:\/\/www.andesrace.pe\/#organization\",\"name\":\"Andes Race\",\"url\":\"https:\/\/www.andesrace.pe\/\",\"logo\":{\"@type\":\"ImageObject\",\"inLanguage\":\"en-US\",\"@id\":\"https:\/\/www.andesrace.pe\/#\/schema\/logo\/image\/\",\"url\":\"https:\/\/www.andesrace.pe\/wp-content\/uploads\/2013\/08\/LOGO.png\",\"contentUrl\":\"https:\/\/www.andesrace.pe\/wp-content\/uploads\/2013\/08\/LOGO.png\",\"width\":400,\"height\":118,\"caption\":\"Andes Race\"},\"image\":{\"@id\":\"https:\/\/www.andesrace.pe\/#\/schema\/logo\/image\/\"}}]}<\/script>\n<!-- \/ Yoast SEO plugin. -->","yoast_head_json":{"title":"Distancia Andes Race 13K - ANDES RACE - Trail Running Cusco","description":"La distancia mas corta del Andes Race. Andes Race 13K recorre el tramo final de la carrera y atraviesa caminos Inkas hasta llegar a Ollantaytambo.","robots":{"index":"index","follow":"follow","max-snippet":"max-snippet:-1","max-image-preview":"max-image-preview:large","max-video-preview":"max-video-preview:-1"},"canonical":"https:\/\/www.andesrace.pe\/en\/product\/andes-race-13k\/","og_locale":"en_US","og_type":"article","og_title":"Distancia Andes Race 13K - ANDES RACE - Trail Running Cusco","og_description":"La distancia mas corta del Andes Race. Andes Race 13K recorre el tramo final de la carrera y atraviesa caminos Inkas hasta llegar a Ollantaytambo.","og_url":"https:\/\/www.andesrace.pe\/en\/product\/andes-race-13k\/","og_site_name":"ANDES RACE","article_modified_time":"2026-01-08T19:22:54+00:00","og_image":[{"width":400,"height":400,"url":"https:\/\/www.andesrace.pe\/wp-content\/uploads\/2021\/11\/13K.png","type":"image\/png"}],"twitter_card":"summary_large_image","twitter_misc":{"Est. reading time":"1 minute"},"schema":{"@context":"https:\/\/schema.org","@graph":[{"@type":"WebPage","@id":"https:\/\/www.andesrace.pe\/producto\/andes-race-13k\/","url":"https:\/\/www.andesrace.pe\/producto\/andes-race-13k\/","name":"Distancia Andes Race 13K - ANDES RACE - Trail Running Cusco","isPartOf":{"@id":"https:\/\/www.andesrace.pe\/#website"},"primaryImageOfPage":{"@id":"https:\/\/www.andesrace.pe\/producto\/andes-race-13k\/#primaryimage"},"image":{"@id":"https:\/\/www.andesrace.pe\/producto\/andes-race-13k\/#primaryimage"},"thumbnailUrl":"https:\/\/www.andesrace.pe\/wp-content\/uploads\/2021\/11\/13K.png","datePublished":"2016-10-31T18:47:42+00:00","dateModified":"2026-01-08T19:22:54+00:00","description":"La distancia mas corta del Andes Race. Andes Race 13K recorre el tramo final de la carrera y atraviesa caminos Inkas hasta llegar a Ollantaytambo.","breadcrumb":{"@id":"https:\/\/www.andesrace.pe\/producto\/andes-race-13k\/#breadcrumb"},"inLanguage":"en-US","potentialAction":[{"@type":"ReadAction","target":["https:\/\/www.andesrace.pe\/producto\/andes-race-13k\/"]}]},{"@type":"ImageObject","inLanguage":"en-US","@id":"https:\/\/www.andesrace.pe\/producto\/andes-race-13k\/#primaryimage","url":"https:\/\/www.andesrace.pe\/wp-content\/uploads\/2021\/11\/13K.png","contentUrl":"https:\/\/www.andesrace.pe\/wp-content\/uploads\/2021\/11\/13K.png","width":400,"height":400},{"@type":"BreadcrumbList","@id":"https:\/\/www.andesrace.pe\/producto\/andes-race-13k\/#breadcrumb","itemListElement":[{"@type":"ListItem","position":1,"name":"Portada","item":"https:\/\/www.andesrace.pe\/"},{"@type":"ListItem","position":2,"name":"Shop","item":"https:\/\/www.andesrace.pe\/shop\/"},{"@type":"ListItem","position":3,"name":"Andes Race 13K"}]},{"@type":"WebSite","@id":"https:\/\/www.andesrace.pe\/#website","url":"https:\/\/www.andesrace.pe\/","name":"ANDES RACE","description":"The Chaski Challenge","publisher":{"@id":"https:\/\/www.andesrace.pe\/#organization"},"potentialAction":[{"@type":"SearchAction","target":{"@type":"EntryPoint","urlTemplate":"https:\/\/www.andesrace.pe\/?s={search_term_string}"},"query-input":{"@type":"PropertyValueSpecification","valueRequired":true,"valueName":"search_term_string"}}],"inLanguage":"en-US"},{"@type":"Organization","@id":"https:\/\/www.andesrace.pe\/#organization","name":"Andes Race","url":"https:\/\/www.andesrace.pe\/","logo":{"@type":"ImageObject","inLanguage":"en-US","@id":"https:\/\/www.andesrace.pe\/#\/schema\/logo\/image\/","url":"https:\/\/www.andesrace.pe\/wp-content\/uploads\/2013\/08\/LOGO.png","contentUrl":"https:\/\/www.andesrace.pe\/wp-content\/uploads\/2013\/08\/LOGO.png","width":400,"height":118,"caption":"Andes Race"},"image":{"@id":"https:\/\/www.andesrace.pe\/#\/schema\/logo\/image\/"}}]}},"_links":{"self":[{"href":"https:\/\/www.andesrace.pe\/en\/wp-json\/wp\/v2\/product\/4018","targetHints":{"allow":["GET"]}}],"collection":[{"href":"https:\/\/www.andesrace.pe\/en\/wp-json\/wp\/v2\/product"}],"about":[{"href":"https:\/\/www.andesrace.pe\/en\/wp-json\/wp\/v2\/types\/product"}],"replies":[{"embeddable":true,"href":"https:\/\/www.andesrace.pe\/en\/wp-json\/wp\/v2\/comments?post=4018"}],"wp:featuredmedia":[{"embeddable":true,"href":"https:\/\/www.andesrace.pe\/en\/wp-json\/wp\/v2\/media\/10552"}],"wp:attachment":[{"href":"https:\/\/www.andesrace.pe\/en\/wp-json\/wp\/v2\/media?parent=4018"}],"wp:term":[{"taxonomy":"product_brand","embeddable":true,"href":"https:\/\/www.andesrace.pe\/en\/wp-json\/wp\/v2\/product_brand?post=4018"},{"taxonomy":"product_cat","embeddable":true,"href":"https:\/\/www.andesrace.pe\/en\/wp-json\/wp\/v2\/product_cat?post=4018"},{"taxonomy":"product_tag","embeddable":true,"href":"https:\/\/www.andesrace.pe\/en\/wp-json\/wp\/v2\/product_tag?post=4018"}],"curies":[{"name":"wp","href":"https:\/\/api.w.org\/{rel}","templated":true}]}}