{"id":10246,"date":"2021-11-17T22:44:24","date_gmt":"2021-11-17T22:44:24","guid":{"rendered":"https:\/\/www.andesrace.pe\/?post_type=product&#038;p=10246"},"modified":"2022-06-21T16:06:51","modified_gmt":"2022-06-21T16:06:51","slug":"chaski-challenge-100k-stage-race","status":"publish","type":"product","link":"https:\/\/www.andesrace.pe\/en\/product\/chaski-challenge-100k-stage-race\/","title":{"rendered":"Chaski Challenge 100K Stage Race"},"content":{"rendered":"<p>Lanzamos el Chaski Challenge 100K Stage Race, un reto de 100km de tres d\u00edas, sobre la ruta de los 100K del Andes Race.<\/p>\n<p>Ya con esta ruta afianzada, estamos en condiciones de desarrollar este reto, para aquellos corredores que tienen inter\u00e9s en conocer los primeros kil\u00f3metros de la ruta completa del Andes Race. Esta es una gran oportunidad para hacerlo de una manera controlada.<\/p>\n<p>En el Chaski Challenge 100K Stage Race de <strong><em>Andes Race<\/em><\/strong>, le brindaremos a los participantes, la oportunidad de disfrutar de la experiencia de un camping, tal cual se vive en la mundialmente famosa ruta de trekking del Camino Inka a Machu Picchu. El Chaski Challenge 100K Stage Race contar\u00e1 con dos campamentos donde pernoctar\u00e1n los corredores, los cuales contar\u00e1n con todas las comodidades. Carpas 3 Estaciones triples cada dos corredores y servicio de alimentaci\u00f3n con zonas de comedor y \u00e1reas de descanso. Los campamentos estar\u00e1n ubicados en Lares y Huacawasi. En Lares tendr\u00e1n la oportunidad de disfrutar de unos de los ba\u00f1os termales m\u00e1s lindos que hay en la sierra del Per\u00fa y en Huacawasi acampar al pie de las monta\u00f1as.<\/p>\n<h4>Qu\u00e9 Incluye:<\/h4>\n<ul>\n<li>Transporte de Cusco al punto de partida en Huar\u00e1n<\/li>\n<li>Seguridad en Ruta<\/li>\n<li>Puntos de hidrataci\u00f3n<\/li>\n<li>Alimentaci\u00f3n: 02 Desayunos, 02 Almuerzos, 02 Cenas<\/li>\n<li>Hidrataci\u00f3n<\/li>\n<li>Acomodaci\u00f3n: Carpas Dobles (Carpa Simple Opcional)<\/li>\n<li>Carpas Comedor<\/li>\n<li>Zonas de Descanso<\/li>\n<li>Cocineros<\/li>\n<li>Ayudantes de Cocina<\/li>\n<li>Carperos<\/li>\n<li>Guarda Ropa<\/li>\n<\/ul>\n<h4>No Incluye:<\/h4>\n<ul>\n<li>Colchoneta Inflable<\/li>\n<li>Bolsa de Dormir<\/li>\n<li>Seguro contra accidentes<\/li>\n<\/ul>\n<h4>KIT del Corredor:<\/h4>\n<ul>\n<li>01 Polo de competencia (tela traspirable)<\/li>\n<li>01 Polo Finisher<\/li>\n<li>01 Medalla<\/li>\n<li>01 Dorsal<\/li>\n<li>01 Bolso para Drop Bag<\/li>\n<\/ul>\n<h4>Equipo Obligatorio:<\/h4>\n<ul>\n<li>Mochila de carrera<\/li>\n<li>Sistema de\u00a0Hidrataci\u00f3n de m\u00ednimo 1.5 Litros<\/li>\n<li>Manta t\u00e9rmica de Supervivencia<\/li>\n<li>Cuchillo de supervivencia<\/li>\n<li>Kit de Primeros Auxilios (pastillas de uso personal, 2 antial\u00e9rgicos, gasa, esparadrapo)<\/li>\n<li>Luz frontal<\/li>\n<li>Linterna de mano<\/li>\n<li>Luz roja trasera<\/li>\n<li>Pilas de repuesto<\/li>\n<li>Abrigo\u00a0(Casaca,\u00a0sueter\u00a0t\u00e9rmico o polar)<\/li>\n<li>Casaca cortaviento<\/li>\n<li>Guantes<\/li>\n<li>Gorro\u00a0de abrigo o\u00a0bandana<\/li>\n<li>Silbato<\/li>\n<li>Espejo<\/li>\n<li>Bolsa de Dormir<\/li>\n<li>Colch\u00f3n o Colchoneta Aislante<\/li>\n<\/ul>\n<p><em>RECOMENDADO:\u00a0<\/em><\/p>\n<ul>\n<li><em>Lentes de sol<\/em><\/li>\n<li><em>Bloqueador solar<\/em><\/li>\n<\/ul>\n<p><iframe title=\"Trail Running Cusco - Andes Race 2017 - Nos visit\u00f3 Maraton Man\" width=\"1080\" height=\"608\" src=\"https:\/\/www.youtube.com\/embed\/qDiJmuo7zMk?feature=oembed\" frameborder=\"0\" allow=\"accelerometer; autoplay; clipboard-write; encrypted-media; gyroscope; picture-in-picture\" allowfullscreen><\/iframe><\/p>","protected":false},"excerpt":{"rendered":"<h1>Las Tres Etapas:<\/h1>\n<h3>Etapa 1 &#8211; Huar\u00e1n a Lares<\/h3>\n<ul>\n<li>Distancia: 36 km<\/li>\n<li>Desnivel positivo: 2590 m<\/li>\n<li>Desnivel negativo: -1850 m<\/li>\n<li>Altitud m\u00ednima: 2847 msnm<\/li>\n<li>Altitud m\u00e1xima: 4700 msnm<\/li>\n<li>Tambos (Puntos de Control): 02<\/li>\n<li>Safety Points: 03<\/li>\n<li>Puntos de Hidrataci\u00f3n: 03<\/li>\n<li>Fecha: Jueves 25 de Agosto<\/li>\n<li>Lugar de partida:\u00a0Huar\u00e1n<\/li>\n<li>Llegada: Lares<\/li>\n<li>Cupo M\u00e1ximo: 40<\/li>\n<\/ul>\n<h3>Etapa 2 &#8211; Lares a Huacawasi<\/h3>\n<ul>\n<li>Distancia: 34 km<\/li>\n<li>Desnivel positivo: 2550 m<\/li>\n<li>Desnivel negativo: -980 m<\/li>\n<li>Altitud m\u00ednima: 320 msnm<\/li>\n<li>Altitud m\u00e1xima: 4280 msnm<\/li>\n<li>Tambos (Puntos de Control): 01<\/li>\n<li>Safety Points: 01<\/li>\n<li>Puntos de Hidrataci\u00f3n: 01<\/li>\n<li>Fecha: Viernes 26 de Agosto<\/li>\n<li>Lugar de partida: Lares<\/li>\n<li>Llegada: Haucawasi<\/li>\n<li>Cupo M\u00e1ximo: 40<\/li>\n<\/ul>\n<h3>Etapa 3 &#8211; Huacawasi a Ollantaytambo<\/h3>\n<ul>\n<li>Distancia: 30 km<\/li>\n<li>Desnivel positivo: 1050 m<\/li>\n<li>Desnivel negativo: -1680 m<\/li>\n<li>Altitud m\u00ednima: 3700 msnm<\/li>\n<li>Altitud m\u00e1xima: 4500 msnm<\/li>\n<li>Tambos (Puntos de Control): 03<\/li>\n<li>Safety Points: 02<\/li>\n<li>Puntos de Hidrataci\u00f3n: 03<\/li>\n<li>Fecha: S\u00e1bado 27 de Agosto<\/li>\n<li>Lugar de partida: Huacawasi<\/li>\n<li>Llegada: Ollantaytambo<\/li>\n<li>Cupo M\u00e1ximo: 40<\/li>\n<\/ul>","protected":false},"featured_media":10551,"comment_status":"open","ping_status":"closed","template":"","meta":{"nf_dc_page":""},"product_brand":[],"product_cat":[128,32],"product_tag":[],"class_list":{"0":"post-10246","1":"product","2":"type-product","3":"status-publish","4":"has-post-thumbnail","6":"product_cat-100k-stage-race","7":"product_cat-distancias","9":"first","10":"outofstock","11":"shipping-taxable","12":"purchasable","13":"product-type-simple"},"yoast_head":"<!-- This site is optimized with the Yoast SEO plugin v26.9 - https:\/\/yoast.com\/product\/yoast-seo-wordpress\/ -->\n<title>Chaski Challenge 100K Stage Race - ANDES RACE<\/title>\n<meta name=\"robots\" content=\"index, follow, max-snippet:-1, max-image-preview:large, max-video-preview:-1\" \/>\n<link rel=\"canonical\" href=\"https:\/\/www.andesrace.pe\/en\/product\/100k-stage-race\/\" \/>\n<meta property=\"og:locale\" content=\"en_US\" \/>\n<meta property=\"og:type\" content=\"article\" \/>\n<meta property=\"og:title\" content=\"Chaski Challenge 100K Stage Race - ANDES RACE\" \/>\n<meta property=\"og:description\" content=\"Las Tres Etapas: Etapa 1 - Huar\u00e1n a Lares   Distancia: 36 km  Desnivel positivo: 2590 m  Desnivel negativo: -1850 m  Altitud m\u00ednima: 2847 msnm  Altitud m\u00e1xima: 4700 msnm  Tambos (Puntos de Control): 02  Safety Points: 03  Puntos de Hidrataci\u00f3n: 03  Fecha: Jueves 25 de Agosto  Lugar de partida:\u00a0Huar\u00e1n  Llegada: Lares  Cupo M\u00e1ximo: 40  Etapa 2 - Lares a Huacawasi   Distancia: 34 km  Desnivel positivo: 2550 m  Desnivel negativo: -980 m  Altitud m\u00ednima: 320 msnm  Altitud m\u00e1xima: 4280 msnm  Tambos (Puntos de Control): 01  Safety Points: 01  Puntos de Hidrataci\u00f3n: 01  Fecha: Viernes 26 de Agosto  Lugar de partida: Lares  Llegada: Haucawasi  Cupo M\u00e1ximo: 40  Etapa 3 - Huacawasi a Ollantaytambo   Distancia: 30 km  Desnivel positivo: 1050 m  Desnivel negativo: -1680 m  Altitud m\u00ednima: 3700 msnm  Altitud m\u00e1xima: 4500 msnm  Tambos (Puntos de Control): 03  Safety Points: 02  Puntos de Hidrataci\u00f3n: 03  Fecha: S\u00e1bado 27 de Agosto  Lugar de partida: Huacawasi  Llegada: Ollantaytambo  Cupo M\u00e1ximo: 40\" \/>\n<meta property=\"og:url\" content=\"https:\/\/www.andesrace.pe\/en\/product\/100k-stage-race\/\" \/>\n<meta property=\"og:site_name\" content=\"ANDES RACE\" \/>\n<meta property=\"article:modified_time\" content=\"2022-06-21T16:06:51+00:00\" \/>\n<meta property=\"og:image\" content=\"https:\/\/www.andesrace.pe\/wp-content\/uploads\/2021\/11\/100K-Stage-Race-web.png\" \/>\n\t<meta property=\"og:image:width\" content=\"400\" \/>\n\t<meta property=\"og:image:height\" content=\"400\" \/>\n\t<meta property=\"og:image:type\" content=\"image\/png\" \/>\n<meta name=\"twitter:card\" content=\"summary_large_image\" \/>\n<meta name=\"twitter:label1\" content=\"Est. reading time\" \/>\n\t<meta name=\"twitter:data1\" content=\"2 minutes\" \/>\n<script type=\"application\/ld+json\" class=\"yoast-schema-graph\">{\"@context\":\"https:\/\/schema.org\",\"@graph\":[{\"@type\":\"WebPage\",\"@id\":\"https:\/\/www.andesrace.pe\/producto\/100k-stage-race\/\",\"url\":\"https:\/\/www.andesrace.pe\/producto\/100k-stage-race\/\",\"name\":\"Chaski Challenge 100K Stage Race - ANDES RACE\",\"isPartOf\":{\"@id\":\"https:\/\/www.andesrace.pe\/#website\"},\"primaryImageOfPage\":{\"@id\":\"https:\/\/www.andesrace.pe\/producto\/100k-stage-race\/#primaryimage\"},\"image\":{\"@id\":\"https:\/\/www.andesrace.pe\/producto\/100k-stage-race\/#primaryimage\"},\"thumbnailUrl\":\"https:\/\/www.andesrace.pe\/wp-content\/uploads\/2021\/11\/100K-Stage-Race-web.png\",\"datePublished\":\"2021-11-17T22:44:24+00:00\",\"dateModified\":\"2022-06-21T16:06:51+00:00\",\"breadcrumb\":{\"@id\":\"https:\/\/www.andesrace.pe\/producto\/100k-stage-race\/#breadcrumb\"},\"inLanguage\":\"en-US\",\"potentialAction\":[{\"@type\":\"ReadAction\",\"target\":[\"https:\/\/www.andesrace.pe\/producto\/100k-stage-race\/\"]}]},{\"@type\":\"ImageObject\",\"inLanguage\":\"en-US\",\"@id\":\"https:\/\/www.andesrace.pe\/producto\/100k-stage-race\/#primaryimage\",\"url\":\"https:\/\/www.andesrace.pe\/wp-content\/uploads\/2021\/11\/100K-Stage-Race-web.png\",\"contentUrl\":\"https:\/\/www.andesrace.pe\/wp-content\/uploads\/2021\/11\/100K-Stage-Race-web.png\",\"width\":400,\"height\":400},{\"@type\":\"BreadcrumbList\",\"@id\":\"https:\/\/www.andesrace.pe\/producto\/100k-stage-race\/#breadcrumb\",\"itemListElement\":[{\"@type\":\"ListItem\",\"position\":1,\"name\":\"Portada\",\"item\":\"https:\/\/www.andesrace.pe\/\"},{\"@type\":\"ListItem\",\"position\":2,\"name\":\"Shop\",\"item\":\"https:\/\/www.andesrace.pe\/shop\/\"},{\"@type\":\"ListItem\",\"position\":3,\"name\":\"100K Stage Race\"}]},{\"@type\":\"WebSite\",\"@id\":\"https:\/\/www.andesrace.pe\/#website\",\"url\":\"https:\/\/www.andesrace.pe\/\",\"name\":\"ANDES RACE\",\"description\":\"The Chaski Challenge\",\"publisher\":{\"@id\":\"https:\/\/www.andesrace.pe\/#organization\"},\"potentialAction\":[{\"@type\":\"SearchAction\",\"target\":{\"@type\":\"EntryPoint\",\"urlTemplate\":\"https:\/\/www.andesrace.pe\/?s={search_term_string}\"},\"query-input\":{\"@type\":\"PropertyValueSpecification\",\"valueRequired\":true,\"valueName\":\"search_term_string\"}}],\"inLanguage\":\"en-US\"},{\"@type\":\"Organization\",\"@id\":\"https:\/\/www.andesrace.pe\/#organization\",\"name\":\"Andes Race\",\"url\":\"https:\/\/www.andesrace.pe\/\",\"logo\":{\"@type\":\"ImageObject\",\"inLanguage\":\"en-US\",\"@id\":\"https:\/\/www.andesrace.pe\/#\/schema\/logo\/image\/\",\"url\":\"https:\/\/www.andesrace.pe\/wp-content\/uploads\/2013\/08\/LOGO.png\",\"contentUrl\":\"https:\/\/www.andesrace.pe\/wp-content\/uploads\/2013\/08\/LOGO.png\",\"width\":400,\"height\":118,\"caption\":\"Andes Race\"},\"image\":{\"@id\":\"https:\/\/www.andesrace.pe\/#\/schema\/logo\/image\/\"}}]}<\/script>\n<!-- \/ Yoast SEO plugin. -->","yoast_head_json":{"title":"Chaski Challenge 100K Stage Race - ANDES RACE","robots":{"index":"index","follow":"follow","max-snippet":"max-snippet:-1","max-image-preview":"max-image-preview:large","max-video-preview":"max-video-preview:-1"},"canonical":"https:\/\/www.andesrace.pe\/en\/product\/100k-stage-race\/","og_locale":"en_US","og_type":"article","og_title":"Chaski Challenge 100K Stage Race - ANDES RACE","og_description":"Las Tres Etapas: Etapa 1 - Huar\u00e1n a Lares   Distancia: 36 km  Desnivel positivo: 2590 m  Desnivel negativo: -1850 m  Altitud m\u00ednima: 2847 msnm  Altitud m\u00e1xima: 4700 msnm  Tambos (Puntos de Control): 02  Safety Points: 03  Puntos de Hidrataci\u00f3n: 03  Fecha: Jueves 25 de Agosto  Lugar de partida:\u00a0Huar\u00e1n  Llegada: Lares  Cupo M\u00e1ximo: 40  Etapa 2 - Lares a Huacawasi   Distancia: 34 km  Desnivel positivo: 2550 m  Desnivel negativo: -980 m  Altitud m\u00ednima: 320 msnm  Altitud m\u00e1xima: 4280 msnm  Tambos (Puntos de Control): 01  Safety Points: 01  Puntos de Hidrataci\u00f3n: 01  Fecha: Viernes 26 de Agosto  Lugar de partida: Lares  Llegada: Haucawasi  Cupo M\u00e1ximo: 40  Etapa 3 - Huacawasi a Ollantaytambo   Distancia: 30 km  Desnivel positivo: 1050 m  Desnivel negativo: -1680 m  Altitud m\u00ednima: 3700 msnm  Altitud m\u00e1xima: 4500 msnm  Tambos (Puntos de Control): 03  Safety Points: 02  Puntos de Hidrataci\u00f3n: 03  Fecha: S\u00e1bado 27 de Agosto  Lugar de partida: Huacawasi  Llegada: Ollantaytambo  Cupo M\u00e1ximo: 40","og_url":"https:\/\/www.andesrace.pe\/en\/product\/100k-stage-race\/","og_site_name":"ANDES RACE","article_modified_time":"2022-06-21T16:06:51+00:00","og_image":[{"width":400,"height":400,"url":"https:\/\/www.andesrace.pe\/wp-content\/uploads\/2021\/11\/100K-Stage-Race-web.png","type":"image\/png"}],"twitter_card":"summary_large_image","twitter_misc":{"Est. reading time":"2 minutes"},"schema":{"@context":"https:\/\/schema.org","@graph":[{"@type":"WebPage","@id":"https:\/\/www.andesrace.pe\/producto\/100k-stage-race\/","url":"https:\/\/www.andesrace.pe\/producto\/100k-stage-race\/","name":"Chaski Challenge 100K Stage Race - ANDES RACE","isPartOf":{"@id":"https:\/\/www.andesrace.pe\/#website"},"primaryImageOfPage":{"@id":"https:\/\/www.andesrace.pe\/producto\/100k-stage-race\/#primaryimage"},"image":{"@id":"https:\/\/www.andesrace.pe\/producto\/100k-stage-race\/#primaryimage"},"thumbnailUrl":"https:\/\/www.andesrace.pe\/wp-content\/uploads\/2021\/11\/100K-Stage-Race-web.png","datePublished":"2021-11-17T22:44:24+00:00","dateModified":"2022-06-21T16:06:51+00:00","breadcrumb":{"@id":"https:\/\/www.andesrace.pe\/producto\/100k-stage-race\/#breadcrumb"},"inLanguage":"en-US","potentialAction":[{"@type":"ReadAction","target":["https:\/\/www.andesrace.pe\/producto\/100k-stage-race\/"]}]},{"@type":"ImageObject","inLanguage":"en-US","@id":"https:\/\/www.andesrace.pe\/producto\/100k-stage-race\/#primaryimage","url":"https:\/\/www.andesrace.pe\/wp-content\/uploads\/2021\/11\/100K-Stage-Race-web.png","contentUrl":"https:\/\/www.andesrace.pe\/wp-content\/uploads\/2021\/11\/100K-Stage-Race-web.png","width":400,"height":400},{"@type":"BreadcrumbList","@id":"https:\/\/www.andesrace.pe\/producto\/100k-stage-race\/#breadcrumb","itemListElement":[{"@type":"ListItem","position":1,"name":"Portada","item":"https:\/\/www.andesrace.pe\/"},{"@type":"ListItem","position":2,"name":"Shop","item":"https:\/\/www.andesrace.pe\/shop\/"},{"@type":"ListItem","position":3,"name":"100K Stage Race"}]},{"@type":"WebSite","@id":"https:\/\/www.andesrace.pe\/#website","url":"https:\/\/www.andesrace.pe\/","name":"ANDES RACE","description":"The Chaski Challenge","publisher":{"@id":"https:\/\/www.andesrace.pe\/#organization"},"potentialAction":[{"@type":"SearchAction","target":{"@type":"EntryPoint","urlTemplate":"https:\/\/www.andesrace.pe\/?s={search_term_string}"},"query-input":{"@type":"PropertyValueSpecification","valueRequired":true,"valueName":"search_term_string"}}],"inLanguage":"en-US"},{"@type":"Organization","@id":"https:\/\/www.andesrace.pe\/#organization","name":"Andes Race","url":"https:\/\/www.andesrace.pe\/","logo":{"@type":"ImageObject","inLanguage":"en-US","@id":"https:\/\/www.andesrace.pe\/#\/schema\/logo\/image\/","url":"https:\/\/www.andesrace.pe\/wp-content\/uploads\/2013\/08\/LOGO.png","contentUrl":"https:\/\/www.andesrace.pe\/wp-content\/uploads\/2013\/08\/LOGO.png","width":400,"height":118,"caption":"Andes Race"},"image":{"@id":"https:\/\/www.andesrace.pe\/#\/schema\/logo\/image\/"}}]}},"_links":{"self":[{"href":"https:\/\/www.andesrace.pe\/en\/wp-json\/wp\/v2\/product\/10246","targetHints":{"allow":["GET"]}}],"collection":[{"href":"https:\/\/www.andesrace.pe\/en\/wp-json\/wp\/v2\/product"}],"about":[{"href":"https:\/\/www.andesrace.pe\/en\/wp-json\/wp\/v2\/types\/product"}],"replies":[{"embeddable":true,"href":"https:\/\/www.andesrace.pe\/en\/wp-json\/wp\/v2\/comments?post=10246"}],"wp:featuredmedia":[{"embeddable":true,"href":"https:\/\/www.andesrace.pe\/en\/wp-json\/wp\/v2\/media\/10551"}],"wp:attachment":[{"href":"https:\/\/www.andesrace.pe\/en\/wp-json\/wp\/v2\/media?parent=10246"}],"wp:term":[{"taxonomy":"product_brand","embeddable":true,"href":"https:\/\/www.andesrace.pe\/en\/wp-json\/wp\/v2\/product_brand?post=10246"},{"taxonomy":"product_cat","embeddable":true,"href":"https:\/\/www.andesrace.pe\/en\/wp-json\/wp\/v2\/product_cat?post=10246"},{"taxonomy":"product_tag","embeddable":true,"href":"https:\/\/www.andesrace.pe\/en\/wp-json\/wp\/v2\/product_tag?post=10246"}],"curies":[{"name":"wp","href":"https:\/\/api.w.org\/{rel}","templated":true}]}}