{"id":9670,"date":"2021-01-04T16:22:34","date_gmt":"2021-01-04T16:22:34","guid":{"rendered":"https:\/\/www.andesrace.pe\/?page_id=9670"},"modified":"2022-05-29T14:10:46","modified_gmt":"2022-05-29T14:10:46","slug":"protocolos-covid-19","status":"publish","type":"page","link":"https:\/\/www.andesrace.pe\/en\/protocolos-covid-19\/","title":{"rendered":"Protocolos Covid-19"},"content":{"rendered":"<div id=\"fws_69ea89240f722\"  data-column-margin=\"default\" data-midnight=\"dark\"  class=\"wpb_row vc_row-fluid vc_row\"  style=\"padding-top: 0px; padding-bottom: 0px; \"><div class=\"row-bg-wrap\" data-bg-animation=\"none\" data-bg-overlay=\"false\"><div class=\"inner-wrap\"><div class=\"row-bg viewport-desktop\"  style=\"\"><\/div><\/div><\/div><div class=\"row_col_wrap_12 col span_12 dark left\">\n\t<div  class=\"vc_col-sm-12 wpb_column column_container vc_column_container col no-extra-padding inherit_tablet inherit_phone\"  data-padding-pos=\"all\" data-has-bg-color=\"false\" data-bg-color=\"\" data-bg-opacity=\"1\" data-animation=\"\" data-delay=\"0\" >\n\t\t<div class=\"vc_column-inner\" >\n\t\t\t<div class=\"wpb_wrapper\">\n\t\t\t\t\n<div class=\"wpb_text_column wpb_content_element\" >\n\t<div class=\"wpb_wrapper\">\n\t\t<h1>Protocolos Plan Covid-19 Andes Race 202<\/h1>\n\t<\/div>\n<\/div>\n\n\n\n\n\t\t\t<\/div> \n\t\t<\/div>\n\t<\/div> \n<\/div><\/div>\n\t\t<div id=\"fws_69ea892410009\"  data-column-margin=\"default\" data-midnight=\"dark\"  class=\"wpb_row vc_row-fluid vc_row\"  style=\"padding-top: 0px; padding-bottom: 0px; \"><div class=\"row-bg-wrap\" data-bg-animation=\"none\" data-bg-overlay=\"false\"><div class=\"inner-wrap\"><div class=\"row-bg viewport-desktop\"  style=\"\"><\/div><\/div><\/div><div class=\"row_col_wrap_12 col span_12 dark left\">\n\t<div  class=\"vc_col-sm-12 wpb_column column_container vc_column_container col no-extra-padding inherit_tablet inherit_phone\"  data-padding-pos=\"all\" data-has-bg-color=\"false\" data-bg-color=\"\" data-bg-opacity=\"1\" data-animation=\"\" data-delay=\"0\" >\n\t\t<div class=\"vc_column-inner\" >\n\t\t\t<div class=\"wpb_wrapper\">\n\t\t\t\t<div class=\"vc_separator wpb_content_element vc_separator_align_center vc_sep_width_100 vc_sep_pos_align_center vc_sep_color_grey vc_separator-has-text\" ><span class=\"vc_sep_holder vc_sep_holder_l\"><span  class=\"vc_sep_line\"><\/span><\/span><h4>PROTOCOLOS PARA CORREDORES<\/h4><span class=\"vc_sep_holder vc_sep_holder_r\"><span  class=\"vc_sep_line\"><\/span><\/span>\n<\/div>\n\t\t\t<\/div> \n\t\t<\/div>\n\t<\/div> \n<\/div><\/div>\n\t\t<div id=\"fws_69ea892410724\"  data-column-margin=\"default\" data-midnight=\"dark\"  class=\"wpb_row vc_row-fluid vc_row\"  style=\"padding-top: 0px; padding-bottom: 0px; \"><div class=\"row-bg-wrap\" data-bg-animation=\"none\" data-bg-overlay=\"false\"><div class=\"inner-wrap\"><div class=\"row-bg viewport-desktop\"  style=\"\"><\/div><\/div><\/div><div class=\"row_col_wrap_12 col span_12 dark left\">\n\t<div  class=\"vc_col-sm-12 wpb_column column_container vc_column_container col no-extra-padding inherit_tablet inherit_phone\"  data-padding-pos=\"all\" data-has-bg-color=\"false\" data-bg-color=\"\" data-bg-opacity=\"1\" data-animation=\"\" data-delay=\"0\" >\n\t\t<div class=\"vc_column-inner\" >\n\t\t\t<div class=\"wpb_wrapper\">\n\t\t\t\t\n<div class=\"wpb_text_column wpb_content_element\" >\n\t<div class=\"wpb_wrapper\">\n\t\t<h2><strong>OBJETIVOS PRINCIPALES:<\/strong><\/h2>\n<ol>\n<li>Brindarle a los participantes una experiencia de carrera segura y satisfactoria.<\/li>\n<li>Reducir los puntos de contacto en un 90%.<\/li>\n<li>Evitar las reuniones masivas antes, durante y despu\u00e9s del evento.<\/li>\n<li>IMPORTANTE: Estos protocolos se activaran siempre y cuando haya alguna probabilidad de contagio para la fecha de la carrera.<\/li>\n<\/ol>\n<p>Todos esperamos contar con un ambiente donde nos podamos divertir y relajar, al mismo tiempo de celebrar el regreso a las carreras presenciales, sabiendo que por un tiempo no ser\u00e1n como antes.<\/p>\n<p>La continuidad del Andes Race en estas circunstancias tan especiales, depender\u00e1 de que podamos cumplir a cabalidad los protocolos que definamos y por ello agradecemos su colaboraci\u00f3n.<\/p>\n<p>Aquellos que no est\u00e9n de acuerdo con estos protocolos o que crean que no son realizables, les pedimos que no sean parte del evento para no quebrar la armon\u00eda entre la organizaci\u00f3n, los participantes y las comunidades a lo largo de la ruta. Aun sabiendo esto y contin\u00faan con su participaci\u00f3n, en caso veamos alg\u00fan acto no acorde con estos lineamientos, podr\u00e1n ser sujetos a una descalificaci\u00f3n.<\/p>\n<p>Los corredores son responsables de las acciones\u00a0 de sus acompa\u00f1antes a la carrera.<\/p>\n<p>Estos protocolos est\u00e1n sujetos a cambios si las regulaciones se actualizan o la situaci\u00f3n lo requiere.<\/p>\n<p><strong>Todos los participantes<\/strong>\u00a0(corredores y voluntarios) deber\u00e1n cumplir con lo siguiente:<\/p>\n<p><strong>FIRMAR NUESTRO DESLINDE DE COVID-19<\/strong>. Para asegurar el rastreo de contactos. Esto incluye firmar un declaraci\u00f3n jurada electr\u00f3nica que certifique que usted:<\/p>\n<ul>\n<li>No ha tenido s\u00edntomas de COVID-19 ni ha estado expuesto a COVID-19 en las \u00faltimas dos semanas<\/li>\n<li>Nos notificar\u00e1 si ocurre algo entre su registro y su llegada a la carrera.<\/li>\n<li>Acepta ponerse en contacto con nosotros si da positivo dentro de las 2 semanas posteriores a la carrera.<\/li>\n<li>Reconoce los cambios y las restricciones adicionales en la carrera de este a\u00f1o.<\/li>\n<\/ul>\n<p>La informaci\u00f3n personal se mantendr\u00e1 confidencial.<\/p>\n<p><strong>USE UNA M\u00c1SCARA CUANDO:<\/strong><\/p>\n<ul>\n<li>Esta en los buses de la organizaci\u00f3n (Mascarilla KN-95 y Protector Facial) hacia las partidas y de regreso al Cusco<\/li>\n<li>Desde el momento en que se llega a los puntos de partida hasta la largada de la carrera<\/li>\n<li>Cuando se encuentre con trafico de corredores en la ruta<\/li>\n<li>Cuando entre a alg\u00fan poblado a lo largo de la ruta<\/li>\n<li>Al acercarse a alguien de la organizaci\u00f3n o de las comunidades a lo largo de la ruta<\/li>\n<li>Al asistir a alg\u00fan corredor en problemas<\/li>\n<li>Al llegar al cruce de meta en Ollantaytambo<\/li>\n<\/ul>\n<p><strong>CONTROL DE TEMPERATURA<\/strong> (sin contacto) al subir a los buses (ida y vuelta), previo a la partidas y al llegar a meta. Los que tengan temperaturas por encima de 100.4F o 38C, deber\u00e1 salir del area de corredores y realizarse las pruebas respectivas y avisar a la organizaci\u00f3n.<\/p>\n\t<\/div>\n<\/div>\n\n\n\n\n\t\t\t<\/div> \n\t\t<\/div>\n\t<\/div> \n<\/div><\/div>\n\t\t<div id=\"fws_69ea892410d63\"  data-column-margin=\"default\" data-midnight=\"dark\"  class=\"wpb_row vc_row-fluid vc_row\"  style=\"padding-top: 0px; padding-bottom: 0px; \"><div class=\"row-bg-wrap\" data-bg-animation=\"none\" data-bg-overlay=\"false\"><div class=\"inner-wrap\"><div class=\"row-bg viewport-desktop\"  style=\"\"><\/div><\/div><\/div><div class=\"row_col_wrap_12 col span_12 dark left\">\n\t<div  class=\"vc_col-sm-12 wpb_column column_container vc_column_container col no-extra-padding inherit_tablet inherit_phone\"  data-padding-pos=\"all\" data-has-bg-color=\"false\" data-bg-color=\"\" data-bg-opacity=\"1\" data-animation=\"\" data-delay=\"0\" >\n\t\t<div class=\"vc_column-inner\" >\n\t\t\t<div class=\"wpb_wrapper\">\n\t\t\t\t\n<div class=\"wpb_text_column wpb_content_element\" >\n\t<div class=\"wpb_wrapper\">\n\t\t<h3><strong>CAMBIOS PRINCIPALES:<\/strong><\/h3>\n<ul>\n<li>Uso obligatorio de mascarillas y desinfectante de manos y alcohol como parte del KIT obligatorio.<\/li>\n<li>Men\u00fa y servicio limitados en las estaciones de ayuda<\/li>\n<li>\u00c1rea de llegadas y partidas libres de espectadores.<\/li>\n<li>Partidas en oleadas<\/li>\n<li>Sin ceremonia de premiaci\u00f3n, comida y bebidas no empacadas y selladas.<\/li>\n<\/ul>\n<h4><strong>PRUEBAS COVID Y CERTIFICADO DE VACUNA<\/strong><\/h4>\n<ul>\n<li>Todos los corredores EXTRANJEROS deber\u00e1n de ingresar al pa\u00eds con una prueba Covid-19 o certificado de vacuna seg\u00fan sea el caso de acuerdo a las normativas de ingreso de extranjeros del Gobierno del Per\u00fa.<\/li>\n<li>Todos los corredores SIN EXCEPCI\u00d3N, deber\u00e1n de realizarse una prueba DE ANT\u00cdGENOS la noche previa a la carrera y permanecer en sus hoteles hasta la hora de partida de los buses a los puntos de partida de cada distancia.<\/li>\n<\/ul>\n\t<\/div>\n<\/div>\n\n\n\n\n\t\t\t<\/div> \n\t\t<\/div>\n\t<\/div> \n<\/div><\/div>\n\t\t<div id=\"fws_69ea89241133a\"  data-column-margin=\"default\" data-midnight=\"dark\"  class=\"wpb_row vc_row-fluid vc_row\"  style=\"padding-top: 0px; padding-bottom: 0px; \"><div class=\"row-bg-wrap\" data-bg-animation=\"none\" data-bg-overlay=\"false\"><div class=\"inner-wrap\"><div class=\"row-bg viewport-desktop\"  style=\"\"><\/div><\/div><\/div><div class=\"row_col_wrap_12 col span_12 dark left\">\n\t<div  class=\"vc_col-sm-12 wpb_column column_container vc_column_container col no-extra-padding inherit_tablet inherit_phone\"  data-padding-pos=\"all\" data-has-bg-color=\"false\" data-bg-color=\"\" data-bg-opacity=\"1\" data-animation=\"\" data-delay=\"0\" >\n\t\t<div class=\"vc_column-inner\" >\n\t\t\t<div class=\"wpb_wrapper\">\n\t\t\t\t\n<div class=\"wpb_text_column wpb_content_element\" >\n\t<div class=\"wpb_wrapper\">\n\t\t<p><strong>I. CHARLA TECNICA DE LA CARRERA:<\/strong><br \/>\nSe ofrecer\u00e1 a todos los corredores una Charla T\u00e9cnica en video pre grabado y una sesi\u00f3n en vivo de preguntas y respuesta antes de la carrera.<\/p>\n<p><strong>II. ENTREGA DE KITS:<\/strong><br \/>\nEn el transcurso de las pr\u00f3ximas semanas se determinar\u00e1 c\u00f3mo ser\u00e1 la entrega de los KITS tanto a los participantes peruanos como extranjeros.<\/p>\n<p><strong>III. COMIENZO DE LA CARRERA:<\/strong><br \/>\nLos corredores se dividir\u00e1n en oleadas de 25, partiendo cada 5 minutos y seg\u00fan a criterio de la organizaci\u00f3n. Los horarios de partidas se van a ajustar acerc\u00e1ndonos a la fecha de la competencia. Esto se puede modificar sin previo aviso.<\/p>\n<ul>\n<li>Los corredores deben mantenerse alejados del \u00e1rea de inicio hasta que la ola anterior haya partido.<\/li>\n<li>Los corredores se asignar\u00e1n a oleadas seg\u00fan criterio de la organizaci\u00f3n. Las solicitudes de intercambio de oleadas est\u00e1n abiertas hasta el xx de Agosto.<\/li>\n<\/ul>\n<p><strong>IV. CORTES DE TIEMPO:<\/strong><br \/>\nLos cortes se aplicar\u00e1n por oleada. Todos los corredores tendr\u00e1n la misma cantidad de tiempo total en rumbo y entre avituallamientos. (EL DORSAL DEBE DE TENER EL N\u00daMERO DE LA OLEADA)<\/p>\n<p><strong>V. DROP BAGS:<\/strong><br \/>\nLos Drop Bags van a ser manipulados por nuestra organizaci\u00f3n que contara con todas las medidas de seguridad COVID-19, pero aun as\u00ed, les pedimos mucho cuidado a la hora de su manipulaci\u00f3n en los puntos de Drop Bag en la ruta.<\/p>\n<ul>\n<li>Los DROP BAGS deben ser de un tama\u00f1o razonable y que no contienen art\u00edculos fr\u00e1giles u objetos de valor.<\/li>\n<li>Los DROP BAGS deben estar claramente etiquetadas con el nombre del corredor, el n\u00famero de dorsal y la ubicaci\u00f3n a donde va.<\/li>\n<li>Las bolsas de basura o pl\u00e1stico no se pueden considerar DROP BAGS.<\/li>\n<\/ul>\n<p><strong>V. TRANSPORTE AL PUNTO DE PARTIDA Y RETORNO AL CUSCO<\/strong><br \/>\nLos buses de transporte de corredores ir\u00e1n a un 50% de su capacidad para evitar el contacto directo entre corredores. Los corredores que est\u00e9n dentro de los buses de la organizaci\u00f3n deber\u00e1n cumplir en todo momento con lo siguiente:<\/p>\n<ol>\n<li>Utilizar mascarilla de protecci\u00f3n KN-95 (NO tapa bocas, NO bandanas)<\/li>\n<li>Utilizar un protector facial de pl\u00e1stico que cubra todo el rostro.<\/li>\n<li>Mantener la distancia de seguridad entre corredores.<\/li>\n<li>El no cumplimiento de estas normas, facultar\u00e1 a la organizaci\u00f3n de retirarlo del bus.<\/li>\n<\/ol>\n<p><strong>VII. DURANTE LA CARRERA<\/strong><\/p>\n<ul>\n<li>Mantenga una distancia de 2 metros EN TODO MOMENTO de otros competidores, voluntarios, equipo de carrera y personas de las comunidades a lo largo de la ruta.<\/li>\n<li>Al rebasar, anuncie desde atr\u00e1s (por ejemplo: rebasar por la izquierda) y espere hasta que sea posible rebasar con una distancia de al menos 2 metros de lado a lado.<\/li>\n<li>Escupir y limpiar su nariz no debe hacerse a menos de 10 metros de otra persona y los papeles o toallas utilizados guardados en sus mochilas o bolsillos.<\/li>\n<\/ul>\n<p><strong>VIII. ESTACIONES DE AYUDA:<\/strong><br \/>\nSe espera un servicio m\u00e1s lento en los puntos de hidrataci\u00f3n y avituallamiento, les pedimos su comprensi\u00f3n en este proceso de adaptaci\u00f3n.<\/p>\n<ul>\n<li>Es obligatorio el uso de mascarillas en los avituallamientos. Se establecer\u00e1n l\u00edmites entre el \u00e1rea de servicio (use m\u00e1scaras) y \u00e1rea para comer \/ beber (quitar la m\u00e1scara est\u00e1 bien con una distancia de 2 metros)<\/li>\n<li>No se permiten tazones de comida compartidos. Los corredores no tendr\u00e1n acceso directo a la comida. UN voluntario debidamente enmascarado y utilizando guantes, colocar\u00e1 en el plato \/ taza porciones individuales de comida y desinfectar\u00e1 mesa de servicio entre cada corredor<\/li>\n<li>Los servicios de hidrataci\u00f3n es sin contacto. Los corredores deben abrir sus propias botellas \/ bladders y voluntario enmascarado\/enguantado lo verter\u00e1 en su recipiente en caso lo necesite. Si existe alg\u00fan tipo de contacto, los utensilios de servicio utilizados ser\u00e1n desinfectados<\/li>\n<li>Los men\u00fas de cada avituallamiento se publicar\u00e1n en la web para que los corredores puedan considerar sus solicitudes con anticipaci\u00f3n en su plan de carrera y no demorarse<\/li>\n<li>Se instalar\u00e1 una estaci\u00f3n de desinfectante de manos en la entrada de cada avituallamiento y de hidrataci\u00f3n.<\/li>\n<li>La selecci\u00f3n de alimentos se simplificar\u00e1. Se dar\u00e1 prioridad a los alimentos que los corredores no puedan cargar en sus mochilas previos a la carrera<\/li>\n<\/ul>\n<p>En el caso de que alguien asociado a la carrera d\u00e9 positivo por COVID-19 en las dos semanas despu\u00e9s del evento, seguiremos las estrictas pautas de los protocolos sobre informes y comunicaci\u00f3n a todas las partes potencialmente expuestas. La identificaci\u00f3n del individuo estar\u00e1 protegida.<\/p>\n\t<\/div>\n<\/div>\n\n\n\n\n\t\t\t<\/div> \n\t\t<\/div>\n\t<\/div> \n<\/div><\/div>\n\t\t<div id=\"fws_69ea89241191d\"  data-column-margin=\"default\" data-midnight=\"dark\"  class=\"wpb_row vc_row-fluid vc_row\"  style=\"padding-top: 0px; padding-bottom: 0px; \"><div class=\"row-bg-wrap\" data-bg-animation=\"none\" data-bg-overlay=\"false\"><div class=\"inner-wrap\"><div class=\"row-bg viewport-desktop\"  style=\"\"><\/div><\/div><\/div><div class=\"row_col_wrap_12 col span_12 dark left\">\n\t<div  class=\"vc_col-sm-12 wpb_column column_container vc_column_container col no-extra-padding inherit_tablet inherit_phone\"  data-padding-pos=\"all\" data-has-bg-color=\"false\" data-bg-color=\"\" data-bg-opacity=\"1\" data-animation=\"\" data-delay=\"0\" >\n\t\t<div class=\"vc_column-inner\" >\n\t\t\t<div class=\"wpb_wrapper\">\n\t\t\t\t<div class=\"vc_separator wpb_content_element vc_separator_align_center vc_sep_width_100 vc_sep_pos_align_center vc_sep_color_grey vc_separator-has-text\" ><span class=\"vc_sep_holder vc_sep_holder_l\"><span  class=\"vc_sep_line\"><\/span><\/span><h4>PROTOCOLOS DE LA ORGANIZACI\u00d3N<\/h4><span class=\"vc_sep_holder vc_sep_holder_r\"><span  class=\"vc_sep_line\"><\/span><\/span>\n<\/div>\n\t\t\t<\/div> \n\t\t<\/div>\n\t<\/div> \n<\/div><\/div>\n\t\t<div id=\"fws_69ea892411ed9\"  data-column-margin=\"default\" data-midnight=\"dark\"  class=\"wpb_row vc_row-fluid vc_row\"  style=\"padding-top: 0px; padding-bottom: 0px; \"><div class=\"row-bg-wrap\" data-bg-animation=\"none\" data-bg-overlay=\"false\"><div class=\"inner-wrap\"><div class=\"row-bg viewport-desktop\"  style=\"\"><\/div><\/div><\/div><div class=\"row_col_wrap_12 col span_12 dark left\">\n\t<div  class=\"vc_col-sm-12 wpb_column column_container vc_column_container col no-extra-padding inherit_tablet inherit_phone\"  data-padding-pos=\"all\" data-has-bg-color=\"false\" data-bg-color=\"\" data-bg-opacity=\"1\" data-animation=\"\" data-delay=\"0\" >\n\t\t<div class=\"vc_column-inner\" >\n\t\t\t<div class=\"wpb_wrapper\">\n\t\t\t\t\n<div class=\"wpb_text_column wpb_content_element\" >\n\t<div class=\"wpb_wrapper\">\n\t\t<p><strong>OBJETIVOS PRINCIPALES:<\/strong><\/p>\n<ol>\n<li>Tener un equipo de trabajo 100% Libre de Covid<\/li>\n<li>Reducir los puntos de contacto con los corredores y personas ajenas a la organizaci\u00f3n.<\/li>\n<li>Evitar contagiar a los pobladores a lo largo de la ruta del Andes Race<\/li>\n<li>Mantener la imagen de SERIEDAD Y RESPONSABILIDAD del Andes Race ante los corredores y cualquier persona ajena a la organizaci\u00f3n.<\/li>\n<\/ol>\n<p>La seguridad de nuestro personal es tan importante como la de los participantes. Es por eso que determinaremos gu\u00edas que eviten que tengamos colaboradores con riesgo de COVID-19.<\/p>\n<p><strong>TODOS LOS COLABORADORES<\/strong> deber\u00e1n cumplir con lo siguiente:<\/p>\n<p><strong>FIRMAR NUESTRO DESLINDE DE COVID-19<\/strong>. Para asegurar el rastreo de contactos. Esto incluye firmar una renuncia electr\u00f3nica que certifique que usted:<\/p>\n<ul>\n<li>Se ha mantenido en cuarentena al menos 7 d\u00edas antes del inicio de sus actividades en la organizaci\u00f3n.<\/li>\n<li>No ha tenido s\u00edntomas de COVID-19 ni ha estado expuesto a COVID-19 en las \u00faltimas dos semanas<\/li>\n<li>Acepta ponerse en contacto con nosotros si da positivo dentro de las 2 semanas posteriores a la carrera.<\/li>\n<\/ul>\n<p>La informaci\u00f3n personal se mantendr\u00e1 confidencial.<strong>\u00a0<\/strong><\/p>\n<p><strong>PRUEBAS COVID-19<\/strong><\/p>\n<ul>\n<li>Todos los colaboradores se realizaran una prueba de Ant\u00edgenos al iniciar su cuarentena 7 d\u00edas antes de la carrera y otra antes de embarcarse a sus puntos de control en la ruta de carrera.<\/li>\n<\/ul>\n<p><strong>USE UNA M\u00c1SCARA Y PROTECTOR FACIAL <\/strong>en todo momento, excepto cuando coma\/beba<\/p>\n<p><strong>CONTROL DE TEMPERATURA<\/strong> (sin contacto) peri\u00f3dicos para monitoreo del personal. Los que tienen temperaturas por encima de 100.4F o 38C, deber\u00e1n salir.<\/p>\n<p><strong>COMIENZO DE LA CARRERA:<\/strong><\/p>\n<p>Los encargados de las partidas dividir\u00e1n a los corredores en oleadas de 25, partiendo cada 5 minutos y seg\u00fan las indicaciones previstas por la organizaci\u00f3n.<\/p>\n<ul>\n<li>Nuestro personal debe mantenerse alejado de los corredores por al menos 2 metros en todo momento.<\/li>\n<li>Los corredores partir\u00e1n en oleadas seg\u00fan criterio de la organizaci\u00f3n. Las solicitudes de intercambio de oleadas podr\u00e1n ser revisadas y quedaran a criterio de la organizaci\u00f3n.<\/li>\n<\/ul>\n\t<\/div>\n<\/div>\n\n\n\n\n\t\t\t<\/div> \n\t\t<\/div>\n\t<\/div> \n<\/div><\/div>","protected":false},"excerpt":{"rendered":"Protocolos Plan Covid-19 Andes Race 202 PROTOCOLOS PARA CORREDORES OBJETIVOS PRINCIPALES: Brindarle a los participantes una experiencia de carrera segura y satisfactoria. Reducir los puntos de contacto en un 90%....","protected":false},"author":1,"featured_media":0,"parent":0,"menu_order":0,"comment_status":"closed","ping_status":"closed","template":"","meta":{"nf_dc_page":"","footnotes":""},"class_list":["post-9670","page","type-page","status-publish"],"yoast_head":"<!-- This site is optimized with the Yoast SEO plugin v26.9 - https:\/\/yoast.com\/product\/yoast-seo-wordpress\/ -->\n<title>Protocolos Covid-19 - ANDES RACE<\/title>\n<meta name=\"robots\" content=\"index, follow, max-snippet:-1, max-image-preview:large, max-video-preview:-1\" \/>\n<link rel=\"canonical\" href=\"https:\/\/www.andesrace.pe\/en\/protocolos-covid-19\/\" \/>\n<meta property=\"og:locale\" content=\"en_US\" \/>\n<meta property=\"og:type\" content=\"article\" \/>\n<meta property=\"og:title\" content=\"Protocolos Covid-19 - ANDES RACE\" \/>\n<meta property=\"og:url\" content=\"https:\/\/www.andesrace.pe\/en\/protocolos-covid-19\/\" \/>\n<meta property=\"og:site_name\" content=\"ANDES RACE\" \/>\n<meta property=\"article:modified_time\" content=\"2022-05-29T14:10:46+00:00\" \/>\n<meta name=\"twitter:card\" content=\"summary_large_image\" \/>\n<meta name=\"twitter:label1\" content=\"Est. reading time\" \/>\n\t<meta name=\"twitter:data1\" content=\"14 minutes\" \/>\n<script type=\"application\/ld+json\" class=\"yoast-schema-graph\">{\"@context\":\"https:\/\/schema.org\",\"@graph\":[{\"@type\":\"WebPage\",\"@id\":\"https:\/\/www.andesrace.pe\/protocolos-covid-19\/\",\"url\":\"https:\/\/www.andesrace.pe\/protocolos-covid-19\/\",\"name\":\"Protocolos Covid-19 - ANDES RACE\",\"isPartOf\":{\"@id\":\"https:\/\/www.andesrace.pe\/#website\"},\"datePublished\":\"2021-01-04T16:22:34+00:00\",\"dateModified\":\"2022-05-29T14:10:46+00:00\",\"breadcrumb\":{\"@id\":\"https:\/\/www.andesrace.pe\/protocolos-covid-19\/#breadcrumb\"},\"inLanguage\":\"en-US\",\"potentialAction\":[{\"@type\":\"ReadAction\",\"target\":[\"https:\/\/www.andesrace.pe\/protocolos-covid-19\/\"]}]},{\"@type\":\"BreadcrumbList\",\"@id\":\"https:\/\/www.andesrace.pe\/protocolos-covid-19\/#breadcrumb\",\"itemListElement\":[{\"@type\":\"ListItem\",\"position\":1,\"name\":\"Portada\",\"item\":\"https:\/\/www.andesrace.pe\/\"},{\"@type\":\"ListItem\",\"position\":2,\"name\":\"Protocolos Covid-19\"}]},{\"@type\":\"WebSite\",\"@id\":\"https:\/\/www.andesrace.pe\/#website\",\"url\":\"https:\/\/www.andesrace.pe\/\",\"name\":\"ANDES RACE\",\"description\":\"The Chaski Challenge\",\"publisher\":{\"@id\":\"https:\/\/www.andesrace.pe\/#organization\"},\"potentialAction\":[{\"@type\":\"SearchAction\",\"target\":{\"@type\":\"EntryPoint\",\"urlTemplate\":\"https:\/\/www.andesrace.pe\/?s={search_term_string}\"},\"query-input\":{\"@type\":\"PropertyValueSpecification\",\"valueRequired\":true,\"valueName\":\"search_term_string\"}}],\"inLanguage\":\"en-US\"},{\"@type\":\"Organization\",\"@id\":\"https:\/\/www.andesrace.pe\/#organization\",\"name\":\"Andes Race\",\"url\":\"https:\/\/www.andesrace.pe\/\",\"logo\":{\"@type\":\"ImageObject\",\"inLanguage\":\"en-US\",\"@id\":\"https:\/\/www.andesrace.pe\/#\/schema\/logo\/image\/\",\"url\":\"https:\/\/www.andesrace.pe\/wp-content\/uploads\/2013\/08\/LOGO.png\",\"contentUrl\":\"https:\/\/www.andesrace.pe\/wp-content\/uploads\/2013\/08\/LOGO.png\",\"width\":400,\"height\":118,\"caption\":\"Andes Race\"},\"image\":{\"@id\":\"https:\/\/www.andesrace.pe\/#\/schema\/logo\/image\/\"}}]}<\/script>\n<!-- \/ Yoast SEO plugin. -->","yoast_head_json":{"title":"Protocolos Covid-19 - ANDES RACE","robots":{"index":"index","follow":"follow","max-snippet":"max-snippet:-1","max-image-preview":"max-image-preview:large","max-video-preview":"max-video-preview:-1"},"canonical":"https:\/\/www.andesrace.pe\/en\/protocolos-covid-19\/","og_locale":"en_US","og_type":"article","og_title":"Protocolos Covid-19 - ANDES RACE","og_url":"https:\/\/www.andesrace.pe\/en\/protocolos-covid-19\/","og_site_name":"ANDES RACE","article_modified_time":"2022-05-29T14:10:46+00:00","twitter_card":"summary_large_image","twitter_misc":{"Est. reading time":"14 minutes"},"schema":{"@context":"https:\/\/schema.org","@graph":[{"@type":"WebPage","@id":"https:\/\/www.andesrace.pe\/protocolos-covid-19\/","url":"https:\/\/www.andesrace.pe\/protocolos-covid-19\/","name":"Protocolos Covid-19 - ANDES RACE","isPartOf":{"@id":"https:\/\/www.andesrace.pe\/#website"},"datePublished":"2021-01-04T16:22:34+00:00","dateModified":"2022-05-29T14:10:46+00:00","breadcrumb":{"@id":"https:\/\/www.andesrace.pe\/protocolos-covid-19\/#breadcrumb"},"inLanguage":"en-US","potentialAction":[{"@type":"ReadAction","target":["https:\/\/www.andesrace.pe\/protocolos-covid-19\/"]}]},{"@type":"BreadcrumbList","@id":"https:\/\/www.andesrace.pe\/protocolos-covid-19\/#breadcrumb","itemListElement":[{"@type":"ListItem","position":1,"name":"Portada","item":"https:\/\/www.andesrace.pe\/"},{"@type":"ListItem","position":2,"name":"Protocolos Covid-19"}]},{"@type":"WebSite","@id":"https:\/\/www.andesrace.pe\/#website","url":"https:\/\/www.andesrace.pe\/","name":"ANDES RACE","description":"The Chaski Challenge","publisher":{"@id":"https:\/\/www.andesrace.pe\/#organization"},"potentialAction":[{"@type":"SearchAction","target":{"@type":"EntryPoint","urlTemplate":"https:\/\/www.andesrace.pe\/?s={search_term_string}"},"query-input":{"@type":"PropertyValueSpecification","valueRequired":true,"valueName":"search_term_string"}}],"inLanguage":"en-US"},{"@type":"Organization","@id":"https:\/\/www.andesrace.pe\/#organization","name":"Andes Race","url":"https:\/\/www.andesrace.pe\/","logo":{"@type":"ImageObject","inLanguage":"en-US","@id":"https:\/\/www.andesrace.pe\/#\/schema\/logo\/image\/","url":"https:\/\/www.andesrace.pe\/wp-content\/uploads\/2013\/08\/LOGO.png","contentUrl":"https:\/\/www.andesrace.pe\/wp-content\/uploads\/2013\/08\/LOGO.png","width":400,"height":118,"caption":"Andes Race"},"image":{"@id":"https:\/\/www.andesrace.pe\/#\/schema\/logo\/image\/"}}]}},"_links":{"self":[{"href":"https:\/\/www.andesrace.pe\/en\/wp-json\/wp\/v2\/pages\/9670","targetHints":{"allow":["GET"]}}],"collection":[{"href":"https:\/\/www.andesrace.pe\/en\/wp-json\/wp\/v2\/pages"}],"about":[{"href":"https:\/\/www.andesrace.pe\/en\/wp-json\/wp\/v2\/types\/page"}],"author":[{"embeddable":true,"href":"https:\/\/www.andesrace.pe\/en\/wp-json\/wp\/v2\/users\/1"}],"replies":[{"embeddable":true,"href":"https:\/\/www.andesrace.pe\/en\/wp-json\/wp\/v2\/comments?post=9670"}],"version-history":[{"count":0,"href":"https:\/\/www.andesrace.pe\/en\/wp-json\/wp\/v2\/pages\/9670\/revisions"}],"wp:attachment":[{"href":"https:\/\/www.andesrace.pe\/en\/wp-json\/wp\/v2\/media?parent=9670"}],"curies":[{"name":"wp","href":"https:\/\/api.w.org\/{rel}","templated":true}]}}