{"id":8896,"date":"2020-03-27T17:00:32","date_gmt":"2020-03-27T17:00:32","guid":{"rendered":"http:\/\/www.andesrace.pe\/?page_id=8896"},"modified":"2022-02-02T16:41:46","modified_gmt":"2022-02-02T16:41:46","slug":"puntos-itra","status":"publish","type":"page","link":"https:\/\/www.andesrace.pe\/en\/puntos-itra\/","title":{"rendered":"Puntos ITRA"},"content":{"rendered":"<div id=\"fws_69ea3e43db5e6\"  data-column-margin=\"default\" data-midnight=\"dark\"  class=\"wpb_row vc_row-fluid vc_row\"  style=\"padding-top: 0px; padding-bottom: 0px; \"><div class=\"row-bg-wrap\" data-bg-animation=\"none\" data-bg-overlay=\"false\"><div class=\"inner-wrap\"><div class=\"row-bg viewport-desktop\"  style=\"\"><\/div><\/div><\/div><div class=\"row_col_wrap_12 col span_12 dark left\">\n\t<div  class=\"vc_col-sm-12 wpb_column column_container vc_column_container col no-extra-padding\"  data-padding-pos=\"all\" data-has-bg-color=\"false\" data-bg-color=\"\" data-bg-opacity=\"1\" data-animation=\"\" data-delay=\"0\" >\n\t\t<div class=\"vc_column-inner\" >\n\t\t\t<div class=\"wpb_wrapper\">\n\t\t\t\t\n<div class=\"wpb_text_column wpb_content_element  vc_custom_1643818960132\" >\n\t<div class=\"wpb_wrapper\">\n\t\t<div class=\"wpb_text_column wpb_content_element vc_custom_1478281081485\">\n<div class=\"wpb_wrapper\">\n<h1>ANDES RACE PUNTOS ITRA<\/h1>\n<\/div>\n<\/div>\n<div class=\"wpb_text_column wpb_content_element vc_custom_1478280271754\">\n<div class=\"wpb_wrapper\">\n<p>La International Trail Running Association (ITRA) es el organismo que se encarga de evaluar a todas las carreras de trail Running que aspiran a brindar puntos ITRA para clasificar al Ultra Trail du Mont Blanc, la carrera de monta\u00f1a m\u00e1s emblem\u00e1tica en el mundo del trail.<\/p>\n<p>ITRA seg\u00fan una serie de valores propios de cada carrera, toma en cuenta la distancia, el desnivel positivo, los avituallamientos asi como otros factores como el n\u00famero de avituallamientos y si el circuito se repite varias veces en forma de \u00a8loop\u00a8. El resultado de esta evaluaci\u00f3n brinda a cada distancia puntos del 1 al 6 los cuales son acumulables para poder clasificar a UTMB.<\/p>\n<p>Actualmente, Andes Race es la \u00fanica carrera de trail running de 100K en Per\u00fa y Sudamerica que otorga 5 puntos ITRA.<\/p>\n<\/div>\n<\/div>\n<div class=\"wpb_text_column wpb_content_element vc_custom_1478282156254\">\n<div class=\"wpb_wrapper\">\n<hr \/>\n<h2>Andes Race Puntos ITRA<\/h2>\n<p>&nbsp;<\/p>\n<\/div>\n<\/div>\n\t<\/div>\n<\/div>\n\n\n\n\n\t\t\t<\/div> \n\t\t<\/div>\n\t<\/div> \n<\/div><\/div>\n\t\t<div id=\"fws_69ea3e43dd127\"  data-column-margin=\"default\" data-midnight=\"dark\"  class=\"wpb_row vc_row-fluid vc_row\"  style=\"padding-top: 0px; padding-bottom: 0px; \"><div class=\"row-bg-wrap\" data-bg-animation=\"none\" data-bg-overlay=\"false\"><div class=\"inner-wrap\"><div class=\"row-bg viewport-desktop\"  style=\"\"><\/div><\/div><\/div><div class=\"row_col_wrap_12 col span_12 dark left\">\n\t<div  class=\"vc_col-sm-3 wpb_column column_container vc_column_container col no-extra-padding\"  data-padding-pos=\"all\" data-has-bg-color=\"false\" data-bg-color=\"\" data-bg-opacity=\"1\" data-animation=\"\" data-delay=\"0\" >\n\t\t<div class=\"vc_column-inner\" >\n\t\t\t<div class=\"wpb_wrapper\">\n\t\t\t\t\n<div class=\"wpb_text_column wpb_content_element\" >\n\t<div class=\"wpb_wrapper\">\n\t\t<div class=\"wpb_text_column wpb_content_element vc_custom_1478281081485\">\n<div class=\"wpb_wrapper\">\n<h4>Andes Race 100K<\/h4>\n<ul>\n<li style=\"font-weight: 400;\">Desnivel +: 5400<\/li>\n<li style=\"font-weight: 400;\">Puntos ITRA: 5<\/li>\n<li style=\"font-weight: 400;\">Nivel de Monta\u00f1a: 8<\/li>\n<li style=\"font-weight: 400;\">Nivel Finisher: 370<\/li>\n<\/ul>\n<\/div>\n<\/div>\n\t<\/div>\n<\/div>\n\n\n\n<a class=\"nectar-button medium regular accent-color  regular-button\"  style=\"\"  href=\"http:\/\/www.andesrace.pe\/en\/100k\/\" data-color-override=\"false\" data-hover-color-override=\"false\" data-hover-text-color-override=\"#fff\"><span>REGISTRATE<\/span><\/a>\n\t\t\t<\/div> \n\t\t<\/div>\n\t<\/div> \n\n\t<div  class=\"vc_col-sm-3 wpb_column column_container vc_column_container col no-extra-padding\"  data-padding-pos=\"all\" data-has-bg-color=\"false\" data-bg-color=\"\" data-bg-opacity=\"1\" data-animation=\"\" data-delay=\"0\" >\n\t\t<div class=\"vc_column-inner\" >\n\t\t\t<div class=\"wpb_wrapper\">\n\t\t\t\t\n<div class=\"wpb_text_column wpb_content_element\" >\n\t<div class=\"wpb_wrapper\">\n\t\t<div class=\"wpb_text_column wpb_content_element vc_custom_1478281081485\">\n<div class=\"wpb_wrapper\">\n<h4><b>A<\/b>ndes Race 60K<\/h4>\n<ul>\n<li style=\"font-weight: 400;\">Desnivel +: 3240<\/li>\n<li>Puntos ITRA: 3<\/li>\n<li>Nivel de Monta\u00f1a: 8<\/li>\n<li>Nivel Finisher: 280<\/li>\n<\/ul>\n<\/div>\n<\/div>\n\t<\/div>\n<\/div>\n\n\n\n<a class=\"nectar-button medium regular accent-color  regular-button\"  style=\"\"  href=\"http:\/\/www.andesrace.pe\/en\/60k\/\" data-color-override=\"false\" data-hover-color-override=\"false\" data-hover-text-color-override=\"#fff\"><span>REGISTRATE<\/span><\/a>\n\t\t\t<\/div> \n\t\t<\/div>\n\t<\/div> \n\n\t<div  class=\"vc_col-sm-3 wpb_column column_container vc_column_container col no-extra-padding\"  data-padding-pos=\"all\" data-has-bg-color=\"false\" data-bg-color=\"\" data-bg-opacity=\"1\" data-animation=\"\" data-delay=\"0\" >\n\t\t<div class=\"vc_column-inner\" >\n\t\t\t<div class=\"wpb_wrapper\">\n\t\t\t\t\n<div class=\"wpb_text_column wpb_content_element\" >\n\t<div class=\"wpb_wrapper\">\n\t\t<div class=\"wpb_text_column wpb_content_element vc_custom_1478281081485\">\n<div class=\"wpb_wrapper\">\n<h4>Andes Race 30K<\/h4>\n<ul>\n<li style=\"font-weight: 400;\">Desnivel +: 990<\/li>\n<li style=\"font-weight: 400;\">Puntos ITRA: 1<\/li>\n<li style=\"font-weight: 400;\">Nivel de Monta\u00f1a: 5<\/li>\n<li style=\"font-weight: 400;\">Nivel Finisher: 110<\/li>\n<\/ul>\n<\/div>\n<\/div>\n\t<\/div>\n<\/div>\n\n\n\n<a class=\"nectar-button medium regular accent-color  regular-button\"  style=\"\"  href=\"http:\/\/www.andesrace.pe\/en\/30k\/\" data-color-override=\"false\" data-hover-color-override=\"false\" data-hover-text-color-override=\"#fff\"><span>REGISTRATE<\/span><\/a>\n\t\t\t<\/div> \n\t\t<\/div>\n\t<\/div> \n\n\t<div  class=\"vc_col-sm-3 wpb_column column_container vc_column_container col no-extra-padding\"  data-padding-pos=\"all\" data-has-bg-color=\"false\" data-bg-color=\"\" data-bg-opacity=\"1\" data-animation=\"\" data-delay=\"0\" >\n\t\t<div class=\"vc_column-inner\" >\n\t\t\t<div class=\"wpb_wrapper\">\n\t\t\t\t\n<div class=\"wpb_text_column wpb_content_element\" >\n\t<div class=\"wpb_wrapper\">\n\t\t<div class=\"wpb_text_column wpb_content_element vc_custom_1478281081485\">\n<div class=\"wpb_wrapper\">\n<h4>Andes Race 13K<\/h4>\n<ul>\n<li style=\"font-weight: 400;\">Desnivel +: 280<\/li>\n<li style=\"font-weight: 400;\">Puntos ITRA: 0<\/li>\n<li style=\"font-weight: 400;\">Nivel de Monta\u00f1a: 3<\/li>\n<li style=\"font-weight: 400;\">Nivel Finisher: 140<\/li>\n<\/ul>\n<\/div>\n<\/div>\n\t<\/div>\n<\/div>\n\n\n\n<a class=\"nectar-button medium regular accent-color  regular-button\"  style=\"\"  href=\"http:\/\/www.andesrace.pe\/en\/13k\/\" data-color-override=\"false\" data-hover-color-override=\"false\" data-hover-text-color-override=\"#fff\"><span>REGISTRATE<\/span><\/a>\n\t\t\t<\/div> \n\t\t<\/div>\n\t<\/div> \n\n\t<div  class=\"vc_col-sm-12 wpb_column column_container vc_column_container col no-extra-padding\"  data-padding-pos=\"all\" data-has-bg-color=\"false\" data-bg-color=\"\" data-bg-opacity=\"1\" data-animation=\"\" data-delay=\"0\" >\n\t\t<div class=\"vc_column-inner\" >\n\t\t\t<div class=\"wpb_wrapper\">\n\t\t\t\t\n<div class=\"wpb_text_column wpb_content_element\" >\n\t<div class=\"wpb_wrapper\">\n\t\t<h4>Andes Race 100K Stage Rce<\/h4>\n<ul>\n<li style=\"font-weight: 400;\">Desnivel +: 6030<\/li>\n<li style=\"font-weight: 400;\">Puntos ITRA: 5<\/li>\n<li style=\"font-weight: 400;\">Nivel de Monta\u00f1a: 9<\/li>\n<li style=\"font-weight: 400;\">Nivel Finisher: 370<\/li>\n<\/ul>\n\t<\/div>\n<\/div>\n\n\n\n<a class=\"nectar-button small regular accent-color  regular-button\"  style=\"\"  href=\"http:\/\/www.andesrace.pe\/en\/100k-stage-race-etapas\/\" data-color-override=\"false\" data-hover-color-override=\"false\" data-hover-text-color-override=\"#fff\"><span>REGISTRATE<\/span><\/a>\n\t\t\t<\/div> \n\t\t<\/div>\n\t<\/div> \n<\/div><\/div>\n\t\t<div id=\"fws_69ea3e43ddc63\"  data-column-margin=\"default\" data-midnight=\"dark\"  class=\"wpb_row vc_row-fluid vc_row\"  style=\"padding-top: 0px; padding-bottom: 0px; \"><div class=\"row-bg-wrap\" data-bg-animation=\"none\" data-bg-overlay=\"false\"><div class=\"inner-wrap\"><div class=\"row-bg viewport-desktop\"  style=\"\"><\/div><\/div><\/div><div class=\"row_col_wrap_12 col span_12 dark left\"><\/div><\/div>\n\t<div  class=\"vc_col-sm-12 wpb_column column_container vc_column_container col no-extra-padding\"  data-padding-pos=\"all\" data-has-bg-color=\"false\" data-bg-color=\"\" data-bg-opacity=\"1\" data-animation=\"\" data-delay=\"0\" >\n\t\t<div class=\"vc_column-inner\" >\n\t\t\t<div class=\"wpb_wrapper\">\n\t\t\t\t\n\t\t\t<\/div> \n\t\t<\/div>\n\t<\/div> \n\n<div class=\"wpb_text_column wpb_content_element\" >\n\t<div class=\"wpb_wrapper\">\n\t\t<p>Mira la nota de Andes Race \u00a8Celebrating the Ultrarunning Ancients\u00a8 en\u00a0<a href=\"https:\/\/trailrunnermag.com\/races\/celebrating-the-ultrarunning-ancients.html\">TRAIL RUNNER MAGAZINE<\/a>!<\/p>\n\t<\/div>\n<\/div>","protected":false},"excerpt":{"rendered":"ANDES RACE PUNTOS ITRA La International Trail Running Association (ITRA) es el organismo que se encarga de evaluar a todas las carreras de trail Running que aspiran a brindar puntos...","protected":false},"author":1,"featured_media":0,"parent":0,"menu_order":0,"comment_status":"closed","ping_status":"closed","template":"","meta":{"nf_dc_page":"","footnotes":""},"class_list":["post-8896","page","type-page","status-publish"],"yoast_head":"<!-- This site is optimized with the Yoast SEO plugin v26.9 - https:\/\/yoast.com\/product\/yoast-seo-wordpress\/ -->\n<title>Puntos ITRA - ANDES RACE 100 5 Puntos - 60K 3 Puntos - 30K 1 Punto<\/title>\n<meta name=\"description\" content=\"Si planeas correr UTMB Andes Race es carrera clasificatoria. Andes Race cuenta con Puntos ITRA. 5 puntos en 100K, 3 puntos en 60K y 1 punto en 30K.\" \/>\n<meta name=\"robots\" content=\"index, follow, max-snippet:-1, max-image-preview:large, max-video-preview:-1\" \/>\n<link rel=\"canonical\" href=\"https:\/\/www.andesrace.pe\/en\/puntos-itra\/\" \/>\n<meta property=\"og:locale\" content=\"en_US\" \/>\n<meta property=\"og:type\" content=\"article\" \/>\n<meta property=\"og:title\" content=\"Puntos ITRA - ANDES RACE 100 5 Puntos - 60K 3 Puntos - 30K 1 Punto\" \/>\n<meta property=\"og:description\" content=\"Si planeas correr UTMB Andes Race es carrera clasificatoria. Andes Race cuenta con Puntos ITRA. 5 puntos en 100K, 3 puntos en 60K y 1 punto en 30K.\" \/>\n<meta property=\"og:url\" content=\"https:\/\/www.andesrace.pe\/en\/puntos-itra\/\" \/>\n<meta property=\"og:site_name\" content=\"ANDES RACE\" \/>\n<meta property=\"article:modified_time\" content=\"2022-02-02T16:41:46+00:00\" \/>\n<meta name=\"twitter:card\" content=\"summary_large_image\" \/>\n<meta name=\"twitter:label1\" content=\"Est. reading time\" \/>\n\t<meta name=\"twitter:data1\" content=\"3 minutes\" \/>\n<script type=\"application\/ld+json\" class=\"yoast-schema-graph\">{\"@context\":\"https:\/\/schema.org\",\"@graph\":[{\"@type\":\"WebPage\",\"@id\":\"https:\/\/www.andesrace.pe\/puntos-itra\/\",\"url\":\"https:\/\/www.andesrace.pe\/puntos-itra\/\",\"name\":\"Puntos ITRA - ANDES RACE 100 5 Puntos - 60K 3 Puntos - 30K 1 Punto\",\"isPartOf\":{\"@id\":\"https:\/\/www.andesrace.pe\/#website\"},\"datePublished\":\"2020-03-27T17:00:32+00:00\",\"dateModified\":\"2022-02-02T16:41:46+00:00\",\"description\":\"Si planeas correr UTMB Andes Race es carrera clasificatoria. Andes Race cuenta con Puntos ITRA. 5 puntos en 100K, 3 puntos en 60K y 1 punto en 30K.\",\"breadcrumb\":{\"@id\":\"https:\/\/www.andesrace.pe\/puntos-itra\/#breadcrumb\"},\"inLanguage\":\"en-US\",\"potentialAction\":[{\"@type\":\"ReadAction\",\"target\":[\"https:\/\/www.andesrace.pe\/puntos-itra\/\"]}]},{\"@type\":\"BreadcrumbList\",\"@id\":\"https:\/\/www.andesrace.pe\/puntos-itra\/#breadcrumb\",\"itemListElement\":[{\"@type\":\"ListItem\",\"position\":1,\"name\":\"Portada\",\"item\":\"https:\/\/www.andesrace.pe\/\"},{\"@type\":\"ListItem\",\"position\":2,\"name\":\"Puntos ITRA\"}]},{\"@type\":\"WebSite\",\"@id\":\"https:\/\/www.andesrace.pe\/#website\",\"url\":\"https:\/\/www.andesrace.pe\/\",\"name\":\"ANDES RACE\",\"description\":\"The Chaski Challenge\",\"publisher\":{\"@id\":\"https:\/\/www.andesrace.pe\/#organization\"},\"potentialAction\":[{\"@type\":\"SearchAction\",\"target\":{\"@type\":\"EntryPoint\",\"urlTemplate\":\"https:\/\/www.andesrace.pe\/?s={search_term_string}\"},\"query-input\":{\"@type\":\"PropertyValueSpecification\",\"valueRequired\":true,\"valueName\":\"search_term_string\"}}],\"inLanguage\":\"en-US\"},{\"@type\":\"Organization\",\"@id\":\"https:\/\/www.andesrace.pe\/#organization\",\"name\":\"Andes Race\",\"url\":\"https:\/\/www.andesrace.pe\/\",\"logo\":{\"@type\":\"ImageObject\",\"inLanguage\":\"en-US\",\"@id\":\"https:\/\/www.andesrace.pe\/#\/schema\/logo\/image\/\",\"url\":\"https:\/\/www.andesrace.pe\/wp-content\/uploads\/2013\/08\/LOGO.png\",\"contentUrl\":\"https:\/\/www.andesrace.pe\/wp-content\/uploads\/2013\/08\/LOGO.png\",\"width\":400,\"height\":118,\"caption\":\"Andes Race\"},\"image\":{\"@id\":\"https:\/\/www.andesrace.pe\/#\/schema\/logo\/image\/\"}}]}<\/script>\n<!-- \/ Yoast SEO plugin. -->","yoast_head_json":{"title":"Puntos ITRA - ANDES RACE 100 5 Puntos - 60K 3 Puntos - 30K 1 Punto","description":"Si planeas correr UTMB Andes Race es carrera clasificatoria. Andes Race cuenta con Puntos ITRA. 5 puntos en 100K, 3 puntos en 60K y 1 punto en 30K.","robots":{"index":"index","follow":"follow","max-snippet":"max-snippet:-1","max-image-preview":"max-image-preview:large","max-video-preview":"max-video-preview:-1"},"canonical":"https:\/\/www.andesrace.pe\/en\/puntos-itra\/","og_locale":"en_US","og_type":"article","og_title":"Puntos ITRA - ANDES RACE 100 5 Puntos - 60K 3 Puntos - 30K 1 Punto","og_description":"Si planeas correr UTMB Andes Race es carrera clasificatoria. Andes Race cuenta con Puntos ITRA. 5 puntos en 100K, 3 puntos en 60K y 1 punto en 30K.","og_url":"https:\/\/www.andesrace.pe\/en\/puntos-itra\/","og_site_name":"ANDES RACE","article_modified_time":"2022-02-02T16:41:46+00:00","twitter_card":"summary_large_image","twitter_misc":{"Est. reading time":"3 minutes"},"schema":{"@context":"https:\/\/schema.org","@graph":[{"@type":"WebPage","@id":"https:\/\/www.andesrace.pe\/puntos-itra\/","url":"https:\/\/www.andesrace.pe\/puntos-itra\/","name":"Puntos ITRA - ANDES RACE 100 5 Puntos - 60K 3 Puntos - 30K 1 Punto","isPartOf":{"@id":"https:\/\/www.andesrace.pe\/#website"},"datePublished":"2020-03-27T17:00:32+00:00","dateModified":"2022-02-02T16:41:46+00:00","description":"Si planeas correr UTMB Andes Race es carrera clasificatoria. Andes Race cuenta con Puntos ITRA. 5 puntos en 100K, 3 puntos en 60K y 1 punto en 30K.","breadcrumb":{"@id":"https:\/\/www.andesrace.pe\/puntos-itra\/#breadcrumb"},"inLanguage":"en-US","potentialAction":[{"@type":"ReadAction","target":["https:\/\/www.andesrace.pe\/puntos-itra\/"]}]},{"@type":"BreadcrumbList","@id":"https:\/\/www.andesrace.pe\/puntos-itra\/#breadcrumb","itemListElement":[{"@type":"ListItem","position":1,"name":"Portada","item":"https:\/\/www.andesrace.pe\/"},{"@type":"ListItem","position":2,"name":"Puntos ITRA"}]},{"@type":"WebSite","@id":"https:\/\/www.andesrace.pe\/#website","url":"https:\/\/www.andesrace.pe\/","name":"ANDES RACE","description":"The Chaski Challenge","publisher":{"@id":"https:\/\/www.andesrace.pe\/#organization"},"potentialAction":[{"@type":"SearchAction","target":{"@type":"EntryPoint","urlTemplate":"https:\/\/www.andesrace.pe\/?s={search_term_string}"},"query-input":{"@type":"PropertyValueSpecification","valueRequired":true,"valueName":"search_term_string"}}],"inLanguage":"en-US"},{"@type":"Organization","@id":"https:\/\/www.andesrace.pe\/#organization","name":"Andes Race","url":"https:\/\/www.andesrace.pe\/","logo":{"@type":"ImageObject","inLanguage":"en-US","@id":"https:\/\/www.andesrace.pe\/#\/schema\/logo\/image\/","url":"https:\/\/www.andesrace.pe\/wp-content\/uploads\/2013\/08\/LOGO.png","contentUrl":"https:\/\/www.andesrace.pe\/wp-content\/uploads\/2013\/08\/LOGO.png","width":400,"height":118,"caption":"Andes Race"},"image":{"@id":"https:\/\/www.andesrace.pe\/#\/schema\/logo\/image\/"}}]}},"_links":{"self":[{"href":"https:\/\/www.andesrace.pe\/en\/wp-json\/wp\/v2\/pages\/8896","targetHints":{"allow":["GET"]}}],"collection":[{"href":"https:\/\/www.andesrace.pe\/en\/wp-json\/wp\/v2\/pages"}],"about":[{"href":"https:\/\/www.andesrace.pe\/en\/wp-json\/wp\/v2\/types\/page"}],"author":[{"embeddable":true,"href":"https:\/\/www.andesrace.pe\/en\/wp-json\/wp\/v2\/users\/1"}],"replies":[{"embeddable":true,"href":"https:\/\/www.andesrace.pe\/en\/wp-json\/wp\/v2\/comments?post=8896"}],"version-history":[{"count":0,"href":"https:\/\/www.andesrace.pe\/en\/wp-json\/wp\/v2\/pages\/8896\/revisions"}],"wp:attachment":[{"href":"https:\/\/www.andesrace.pe\/en\/wp-json\/wp\/v2\/media?parent=8896"}],"curies":[{"name":"wp","href":"https:\/\/api.w.org\/{rel}","templated":true}]}}