{"id":8637,"date":"2020-03-13T13:36:18","date_gmt":"2020-03-13T13:36:18","guid":{"rendered":"http:\/\/www.andesrace.pe\/?page_id=8637"},"modified":"2024-02-05T12:33:44","modified_gmt":"2024-02-05T12:33:44","slug":"mal-de-altura-y-aclimatacion","status":"publish","type":"page","link":"https:\/\/www.andesrace.pe\/en\/mal-de-altura-y-aclimatacion\/","title":{"rendered":"Mal de altura y aclimatacion"},"content":{"rendered":"<h3>Mal de altura y aclimataci\u00f3n<\/h3>\n<p>Mal de altura y aclimataci\u00f3n. En una carrera de monta\u00f1a como el Andes Race, el mal de altura y la aclimataci\u00f3n es un tema que es de suma importancia para sus participantes De ello depende el buen desempe\u00f1o y qu\u00e9 tan bien o mal lo vamos a pasar durante la carrera.<\/p>\n<p>Mucho se dice de c\u00f3mo combatir el mal de altura o soroche, cuando se viaja a lugares de gran altitud. Existen pastillas que \u00a8ayudan\u00a8 a combatirlo, mates de coca y hasta caramelos. Lo cierto es que cada cuerpo reacciona distinto en la altura, pero existen diferentes principios b\u00e1sicos sobre c\u00f3mo act\u00faa el organismo en esta situaci\u00f3n y lo que se debe de hacer para prevenirlo.<\/p>\n<h5>Le Hemoglobina<\/h5>\n<p>La hemoglobina es pieza clave para una buena adaptaci\u00f3n a la altura. Esta es la encargada de transportar el oxigeno a todo el organismo. Si no se cuenta con los niveles \u00f3ptimos de hemoglobina, el coraz\u00f3n tiene que bombear m\u00e1s veces para poder trasladar la misma cantidad de oxigeno. Lo recomendable para cualquier persona que va a la altura, es consumir alimentos con altos niveles de hierro, los cuales se almacenar\u00e1n en los huesos, y llegado el momento y estando en la altura, se transformar\u00e1n en hemoglobina para que el cuerpo se adapte de una mejor manera.<\/p>\n<h5>Aclimataci\u00f3n Progresiva<\/h5>\n<p>Parte de la aclimataci\u00f3n en corredores de monta\u00f1a, debe de comenzar semanas y hasta meses antes de la competencia. Si se tiene la posibilidad, una recomendaci\u00f3n es realizar ascensos graduales en modo trek, sin forzar el cuerpo, para que poco a poco el organismo se vaya adaptando a la altura. Es importante hacerlo de manera gradual.<\/p>\n<p>Algunos alimentos ricos en hierro:<\/p>\n<ol>\n<li>Mariscos<\/li>\n<li>Espinacas<\/li>\n<li>Carne de h\u00edgado<\/li>\n<li>Legumbres<\/li>\n<li>Carnes rojas<\/li>\n<li>Semillas de calabaza<\/li>\n<li>Quinua<\/li>\n<li>Pavo<\/li>\n<li>Br\u00f3coli<\/li>\n<li>Chocolate Negro<\/li>\n<\/ol>\n[ Es IMPORTANTE qu\u00e9 todo corredor se realice un <a href=\"https:\/\/www.andesrace.pe\/wp-admin\/post.php?post=8762&amp;action=edit\" target=\"_blank\" rel=\"noopener\">Examen M\u00e9dico<\/a> al menos una vez al a\u00f1o ]\n<p>Aqu\u00ed les dejamos un <a href=\"https:\/\/youtu.be\/NRlp8hzGB_s\" target=\"_blank\" rel=\"noopener\">video<\/a> sobre el mal de altura y aclimatac\u00edon.<\/p>\n<p><iframe title=\"IMPORTANCIA DEL EXAMEN M\u00c9DICO - ANDES RACE\" width=\"1080\" height=\"608\" src=\"https:\/\/www.youtube.com\/embed\/NRlp8hzGB_s?feature=oembed\" frameborder=\"0\" allow=\"accelerometer; autoplay; clipboard-write; encrypted-media; gyroscope; picture-in-picture; web-share\" allowfullscreen><\/iframe><\/p>","protected":false},"excerpt":{"rendered":"<p>Mal de altura y aclimataci\u00f3n Mal de altura y aclimataci\u00f3n. En una carrera de monta\u00f1a como el Andes Race, el mal de altura y la aclimataci\u00f3n es un tema que&#8230;<\/p>","protected":false},"author":1,"featured_media":0,"parent":0,"menu_order":0,"comment_status":"closed","ping_status":"closed","template":"","meta":{"nf_dc_page":"","footnotes":""},"class_list":["post-8637","page","type-page","status-publish"],"yoast_head":"<!-- This site is optimized with the Yoast SEO plugin v26.9 - https:\/\/yoast.com\/product\/yoast-seo-wordpress\/ -->\n<title>Mal de altura y aclimataci\u00f3n - Carreras en Altura - ANDES RACE<\/title>\n<meta name=\"description\" content=\"El mal de altura y aclimataci\u00f3n en carreras de trail que se desarrollan en altura. Todo lo que necesitas saber para llegar bien preparado.\" \/>\n<meta name=\"robots\" content=\"index, follow, max-snippet:-1, max-image-preview:large, max-video-preview:-1\" \/>\n<link rel=\"canonical\" href=\"https:\/\/www.andesrace.pe\/en\/mal-de-altura-y-aclimatacion\/\" \/>\n<meta property=\"og:locale\" content=\"en_US\" \/>\n<meta property=\"og:type\" content=\"article\" \/>\n<meta property=\"og:title\" content=\"Mal de altura y aclimataci\u00f3n - Carreras en Altura - ANDES RACE\" \/>\n<meta property=\"og:description\" content=\"El mal de altura y aclimataci\u00f3n en carreras de trail que se desarrollan en altura. Todo lo que necesitas saber para llegar bien preparado.\" \/>\n<meta property=\"og:url\" content=\"https:\/\/www.andesrace.pe\/en\/mal-de-altura-y-aclimatacion\/\" \/>\n<meta property=\"og:site_name\" content=\"ANDES RACE\" \/>\n<meta property=\"article:modified_time\" content=\"2024-02-05T12:33:44+00:00\" \/>\n<meta property=\"og:image\" content=\"https:\/\/www.andesrace.pe\/wp-content\/uploads\/2020\/03\/Testimonio-Jorge-Tuya.jpg\" \/>\n\t<meta property=\"og:image:width\" content=\"400\" \/>\n\t<meta property=\"og:image:height\" content=\"400\" \/>\n\t<meta property=\"og:image:type\" content=\"image\/jpeg\" \/>\n<meta name=\"twitter:card\" content=\"summary_large_image\" \/>\n<meta name=\"twitter:label1\" content=\"Est. reading time\" \/>\n\t<meta name=\"twitter:data1\" content=\"2 minutes\" \/>\n<script type=\"application\/ld+json\" class=\"yoast-schema-graph\">{\"@context\":\"https:\/\/schema.org\",\"@graph\":[{\"@type\":\"WebPage\",\"@id\":\"https:\/\/www.andesrace.pe\/mal-de-altura-y-aclimatacion\/\",\"url\":\"https:\/\/www.andesrace.pe\/mal-de-altura-y-aclimatacion\/\",\"name\":\"Mal de altura y aclimataci\u00f3n - Carreras en Altura - ANDES RACE\",\"isPartOf\":{\"@id\":\"https:\/\/www.andesrace.pe\/#website\"},\"datePublished\":\"2020-03-13T13:36:18+00:00\",\"dateModified\":\"2024-02-05T12:33:44+00:00\",\"description\":\"El mal de altura y aclimataci\u00f3n en carreras de trail que se desarrollan en altura. Todo lo que necesitas saber para llegar bien preparado.\",\"breadcrumb\":{\"@id\":\"https:\/\/www.andesrace.pe\/mal-de-altura-y-aclimatacion\/#breadcrumb\"},\"inLanguage\":\"en-US\",\"potentialAction\":[{\"@type\":\"ReadAction\",\"target\":[\"https:\/\/www.andesrace.pe\/mal-de-altura-y-aclimatacion\/\"]}]},{\"@type\":\"BreadcrumbList\",\"@id\":\"https:\/\/www.andesrace.pe\/mal-de-altura-y-aclimatacion\/#breadcrumb\",\"itemListElement\":[{\"@type\":\"ListItem\",\"position\":1,\"name\":\"Portada\",\"item\":\"https:\/\/www.andesrace.pe\/\"},{\"@type\":\"ListItem\",\"position\":2,\"name\":\"Mal de altura y aclimatacion\"}]},{\"@type\":\"WebSite\",\"@id\":\"https:\/\/www.andesrace.pe\/#website\",\"url\":\"https:\/\/www.andesrace.pe\/\",\"name\":\"ANDES RACE\",\"description\":\"The Chaski Challenge\",\"publisher\":{\"@id\":\"https:\/\/www.andesrace.pe\/#organization\"},\"potentialAction\":[{\"@type\":\"SearchAction\",\"target\":{\"@type\":\"EntryPoint\",\"urlTemplate\":\"https:\/\/www.andesrace.pe\/?s={search_term_string}\"},\"query-input\":{\"@type\":\"PropertyValueSpecification\",\"valueRequired\":true,\"valueName\":\"search_term_string\"}}],\"inLanguage\":\"en-US\"},{\"@type\":\"Organization\",\"@id\":\"https:\/\/www.andesrace.pe\/#organization\",\"name\":\"Andes Race\",\"url\":\"https:\/\/www.andesrace.pe\/\",\"logo\":{\"@type\":\"ImageObject\",\"inLanguage\":\"en-US\",\"@id\":\"https:\/\/www.andesrace.pe\/#\/schema\/logo\/image\/\",\"url\":\"https:\/\/www.andesrace.pe\/wp-content\/uploads\/2013\/08\/LOGO.png\",\"contentUrl\":\"https:\/\/www.andesrace.pe\/wp-content\/uploads\/2013\/08\/LOGO.png\",\"width\":400,\"height\":118,\"caption\":\"Andes Race\"},\"image\":{\"@id\":\"https:\/\/www.andesrace.pe\/#\/schema\/logo\/image\/\"}}]}<\/script>\n<!-- \/ Yoast SEO plugin. -->","yoast_head_json":{"title":"Mal de altura y aclimataci\u00f3n - Carreras en Altura - ANDES RACE","description":"El mal de altura y aclimataci\u00f3n en carreras de trail que se desarrollan en altura. Todo lo que necesitas saber para llegar bien preparado.","robots":{"index":"index","follow":"follow","max-snippet":"max-snippet:-1","max-image-preview":"max-image-preview:large","max-video-preview":"max-video-preview:-1"},"canonical":"https:\/\/www.andesrace.pe\/en\/mal-de-altura-y-aclimatacion\/","og_locale":"en_US","og_type":"article","og_title":"Mal de altura y aclimataci\u00f3n - Carreras en Altura - ANDES RACE","og_description":"El mal de altura y aclimataci\u00f3n en carreras de trail que se desarrollan en altura. Todo lo que necesitas saber para llegar bien preparado.","og_url":"https:\/\/www.andesrace.pe\/en\/mal-de-altura-y-aclimatacion\/","og_site_name":"ANDES RACE","article_modified_time":"2024-02-05T12:33:44+00:00","og_image":[{"width":400,"height":400,"url":"https:\/\/www.andesrace.pe\/wp-content\/uploads\/2020\/03\/Testimonio-Jorge-Tuya.jpg","type":"image\/jpeg"}],"twitter_card":"summary_large_image","twitter_misc":{"Est. reading time":"2 minutes"},"schema":{"@context":"https:\/\/schema.org","@graph":[{"@type":"WebPage","@id":"https:\/\/www.andesrace.pe\/mal-de-altura-y-aclimatacion\/","url":"https:\/\/www.andesrace.pe\/mal-de-altura-y-aclimatacion\/","name":"Mal de altura y aclimataci\u00f3n - Carreras en Altura - ANDES RACE","isPartOf":{"@id":"https:\/\/www.andesrace.pe\/#website"},"datePublished":"2020-03-13T13:36:18+00:00","dateModified":"2024-02-05T12:33:44+00:00","description":"El mal de altura y aclimataci\u00f3n en carreras de trail que se desarrollan en altura. Todo lo que necesitas saber para llegar bien preparado.","breadcrumb":{"@id":"https:\/\/www.andesrace.pe\/mal-de-altura-y-aclimatacion\/#breadcrumb"},"inLanguage":"en-US","potentialAction":[{"@type":"ReadAction","target":["https:\/\/www.andesrace.pe\/mal-de-altura-y-aclimatacion\/"]}]},{"@type":"BreadcrumbList","@id":"https:\/\/www.andesrace.pe\/mal-de-altura-y-aclimatacion\/#breadcrumb","itemListElement":[{"@type":"ListItem","position":1,"name":"Portada","item":"https:\/\/www.andesrace.pe\/"},{"@type":"ListItem","position":2,"name":"Mal de altura y aclimatacion"}]},{"@type":"WebSite","@id":"https:\/\/www.andesrace.pe\/#website","url":"https:\/\/www.andesrace.pe\/","name":"ANDES RACE","description":"The Chaski Challenge","publisher":{"@id":"https:\/\/www.andesrace.pe\/#organization"},"potentialAction":[{"@type":"SearchAction","target":{"@type":"EntryPoint","urlTemplate":"https:\/\/www.andesrace.pe\/?s={search_term_string}"},"query-input":{"@type":"PropertyValueSpecification","valueRequired":true,"valueName":"search_term_string"}}],"inLanguage":"en-US"},{"@type":"Organization","@id":"https:\/\/www.andesrace.pe\/#organization","name":"Andes Race","url":"https:\/\/www.andesrace.pe\/","logo":{"@type":"ImageObject","inLanguage":"en-US","@id":"https:\/\/www.andesrace.pe\/#\/schema\/logo\/image\/","url":"https:\/\/www.andesrace.pe\/wp-content\/uploads\/2013\/08\/LOGO.png","contentUrl":"https:\/\/www.andesrace.pe\/wp-content\/uploads\/2013\/08\/LOGO.png","width":400,"height":118,"caption":"Andes Race"},"image":{"@id":"https:\/\/www.andesrace.pe\/#\/schema\/logo\/image\/"}}]}},"_links":{"self":[{"href":"https:\/\/www.andesrace.pe\/en\/wp-json\/wp\/v2\/pages\/8637","targetHints":{"allow":["GET"]}}],"collection":[{"href":"https:\/\/www.andesrace.pe\/en\/wp-json\/wp\/v2\/pages"}],"about":[{"href":"https:\/\/www.andesrace.pe\/en\/wp-json\/wp\/v2\/types\/page"}],"author":[{"embeddable":true,"href":"https:\/\/www.andesrace.pe\/en\/wp-json\/wp\/v2\/users\/1"}],"replies":[{"embeddable":true,"href":"https:\/\/www.andesrace.pe\/en\/wp-json\/wp\/v2\/comments?post=8637"}],"version-history":[{"count":2,"href":"https:\/\/www.andesrace.pe\/en\/wp-json\/wp\/v2\/pages\/8637\/revisions"}],"predecessor-version":[{"id":17286,"href":"https:\/\/www.andesrace.pe\/en\/wp-json\/wp\/v2\/pages\/8637\/revisions\/17286"}],"wp:attachment":[{"href":"https:\/\/www.andesrace.pe\/en\/wp-json\/wp\/v2\/media?parent=8637"}],"curies":[{"name":"wp","href":"https:\/\/api.w.org\/{rel}","templated":true}]}}