{"id":6924,"date":"2018-08-29T16:50:21","date_gmt":"2018-08-29T16:50:21","guid":{"rendered":"http:\/\/www.andesrace.pe\/?page_id=6924"},"modified":"2018-08-29T16:50:21","modified_gmt":"2018-08-29T16:50:21","slug":"100k-2018","status":"publish","type":"page","link":"https:\/\/www.andesrace.pe\/en\/100k-2018\/","title":{"rendered":"100K 2018"},"content":{"rendered":"<div id=\"fws_69ea3e640d979\"  data-column-margin=\"default\" data-midnight=\"dark\"  class=\"wpb_row vc_row-fluid vc_row\"  style=\"padding-top: 0px; padding-bottom: 0px; \"><div class=\"row-bg-wrap\" data-bg-animation=\"none\" data-bg-overlay=\"false\"><div class=\"inner-wrap\"><div class=\"row-bg viewport-desktop\"  style=\"\"><\/div><\/div><\/div><div class=\"row_col_wrap_12 col span_12 dark left\">\n\t<div  class=\"vc_col-sm-12 wpb_column column_container vc_column_container col no-extra-padding\"  data-padding-pos=\"all\" data-has-bg-color=\"false\" data-bg-color=\"\" data-bg-opacity=\"1\" data-animation=\"\" data-delay=\"0\" >\n\t\t<div class=\"vc_column-inner\" >\n\t\t\t<div class=\"wpb_wrapper\">\n\t\t\t\t\n<div class=\"wpb_text_column wpb_content_element\" >\n\t<div class=\"wpb_wrapper\">\n\t\t<h1 style=\"text-align: center;\">100K GENERAL<\/h1>\n\t<\/div>\n<\/div>\n\n\n\n\n<div class=\"wpb_text_column wpb_content_element\" >\n\t<div class=\"wpb_wrapper\">\n\t\t<style type=\"text\/css\"><!--td {border: 1px solid #ccc;}br {mso-data-placement:same-cell;}--><\/style>\n<table dir=\"ltr\" border=\"1\" cellspacing=\"0\" cellpadding=\"0\">\n<colgroup>\n<col width=\"100\" \/>\n<col width=\"100\" \/>\n<col width=\"100\" \/>\n<col width=\"100\" \/>\n<col width=\"100\" \/><\/colgroup>\n<tbody>\n<tr>\n<td data-sheets-value=\"{&quot;1&quot;:2,&quot;2&quot;:&quot;PUESTO&quot;}\" data-sheets-numberformat=\"{&quot;1&quot;:1}\">PUESTO<\/td>\n<td data-sheets-value=\"{&quot;1&quot;:2,&quot;2&quot;:&quot;NOMBRE&quot;}\" data-sheets-numberformat=\"{&quot;1&quot;:1}\">NOMBRE<\/td>\n<td data-sheets-value=\"{&quot;1&quot;:2,&quot;2&quot;:&quot;PA\u00cdS&quot;}\" data-sheets-numberformat=\"{&quot;1&quot;:1}\">PA\u00cdS<\/td>\n<td data-sheets-value=\"{&quot;1&quot;:2,&quot;2&quot;:&quot;GENERO&quot;}\" data-sheets-numberformat=\"{&quot;1&quot;:1}\">GENERO<\/td>\n<td data-sheets-value=\"{&quot;1&quot;:2,&quot;2&quot;:&quot;TIEMPO&quot;}\" data-sheets-numberformat=\"{&quot;1&quot;:1}\">TIEMPO<\/td>\n<\/tr>\n<tr>\n<td data-sheets-value=\"{&quot;1&quot;:2,&quot;2&quot;:&quot;1&quot;}\" data-sheets-numberformat=\"&#091;null,1&#093;\">1<\/td>\n<td data-sheets-value=\"{&quot;1&quot;:2,&quot;2&quot;:&quot;DELBI VILLA GONGORA&quot;}\" data-sheets-numberformat=\"&#091;null,1&#093;\">DELBI VILLA GONGORA<\/td>\n<td data-sheets-value=\"{&quot;1&quot;:2,&quot;2&quot;:&quot;Polinesia Francesa&quot;}\" data-sheets-numberformat=\"&#091;null,1&#093;\">Polinesia Francesa<\/td>\n<td data-sheets-value=\"{&quot;1&quot;:2,&quot;2&quot;:&quot;Male&quot;}\" data-sheets-numberformat=\"&#091;null,1&#093;\">Male<\/td>\n<td data-sheets-value=\"{&quot;1&quot;:2,&quot;2&quot;:&quot;16:04:32.4&quot;}\" data-sheets-numberformat=\"&#091;null,1&#093;\">16:04:32.4<\/td>\n<\/tr>\n<tr>\n<td data-sheets-value=\"{&quot;1&quot;:2,&quot;2&quot;:&quot;2&quot;}\" data-sheets-numberformat=\"&#091;null,1&#093;\">2<\/td>\n<td data-sheets-value=\"{&quot;1&quot;:2,&quot;2&quot;:&quot;Fabricio Pacheco D\u00edaz&quot;}\" data-sheets-numberformat=\"&#091;null,1&#093;\">Fabricio Pacheco D\u00edaz<\/td>\n<td data-sheets-value=\"{&quot;1&quot;:2,&quot;2&quot;:&quot;Bolivia&quot;}\" data-sheets-numberformat=\"&#091;null,1&#093;\">Bolivia<\/td>\n<td data-sheets-value=\"{&quot;1&quot;:2,&quot;2&quot;:&quot;Male&quot;}\" data-sheets-numberformat=\"&#091;null,1&#093;\">Male<\/td>\n<td data-sheets-value=\"{&quot;1&quot;:2,&quot;2&quot;:&quot;19:23:08.1&quot;}\" data-sheets-numberformat=\"&#091;null,1&#093;\">19:23:08.1<\/td>\n<\/tr>\n<tr>\n<td data-sheets-value=\"{&quot;1&quot;:2,&quot;2&quot;:&quot;3&quot;}\" data-sheets-numberformat=\"&#091;null,1&#093;\">3<\/td>\n<td data-sheets-value=\"{&quot;1&quot;:2,&quot;2&quot;:&quot;Charlie Good&quot;}\" data-sheets-numberformat=\"&#091;null,1&#093;\">Charlie Good<\/td>\n<td data-sheets-value=\"{&quot;1&quot;:2,&quot;2&quot;:&quot;Peru&quot;}\" data-sheets-numberformat=\"&#091;null,1&#093;\">Peru<\/td>\n<td data-sheets-value=\"{&quot;1&quot;:2,&quot;2&quot;:&quot;Male&quot;}\" data-sheets-numberformat=\"&#091;null,1&#093;\">Male<\/td>\n<td data-sheets-value=\"{&quot;1&quot;:2,&quot;2&quot;:&quot;21:53:20.6&quot;}\" data-sheets-numberformat=\"&#091;null,1&#093;\">21:53:20.6<\/td>\n<\/tr>\n<tr>\n<td data-sheets-value=\"{&quot;1&quot;:2,&quot;2&quot;:&quot;4&quot;}\" data-sheets-numberformat=\"&#091;null,1&#093;\">4<\/td>\n<td data-sheets-value=\"{&quot;1&quot;:2,&quot;2&quot;:&quot;Edison Cusi Sallo&quot;}\" data-sheets-numberformat=\"&#091;null,1&#093;\">Edison Cusi Sallo<\/td>\n<td data-sheets-value=\"{&quot;1&quot;:2,&quot;2&quot;:&quot;Peru&quot;}\" data-sheets-numberformat=\"&#091;null,1&#093;\">Peru<\/td>\n<td data-sheets-value=\"{&quot;1&quot;:2,&quot;2&quot;:&quot;Male&quot;}\" data-sheets-numberformat=\"&#091;null,1&#093;\">Male<\/td>\n<td data-sheets-value=\"{&quot;1&quot;:2,&quot;2&quot;:&quot;21:55:28.6&quot;}\" data-sheets-numberformat=\"&#091;null,1&#093;\">21:55:28.6<\/td>\n<\/tr>\n<tr>\n<td data-sheets-value=\"{&quot;1&quot;:2,&quot;2&quot;:&quot;5&quot;}\" data-sheets-numberformat=\"&#091;null,1&#093;\">5<\/td>\n<td data-sheets-value=\"{&quot;1&quot;:2,&quot;2&quot;:&quot;DANIEL ALCIDES BELTRAN DUMAS&quot;}\" data-sheets-numberformat=\"&#091;null,1&#093;\">DANIEL ALCIDES BELTRAN DUMAS<\/td>\n<td data-sheets-value=\"{&quot;1&quot;:2,&quot;2&quot;:&quot;Peru&quot;}\" data-sheets-numberformat=\"&#091;null,1&#093;\">Peru<\/td>\n<td data-sheets-value=\"{&quot;1&quot;:2,&quot;2&quot;:&quot;Male&quot;}\" data-sheets-numberformat=\"&#091;null,1&#093;\">Male<\/td>\n<td data-sheets-value=\"{&quot;1&quot;:2,&quot;2&quot;:&quot;22:59:37.7&quot;}\" data-sheets-numberformat=\"&#091;null,1&#093;\">22:59:37.7<\/td>\n<\/tr>\n<tr>\n<td data-sheets-value=\"{&quot;1&quot;:2,&quot;2&quot;:&quot;6&quot;}\" data-sheets-numberformat=\"&#091;null,1&#093;\">6<\/td>\n<td data-sheets-value=\"{&quot;1&quot;:2,&quot;2&quot;:&quot;Martina Mara Borda Camargo&quot;}\" data-sheets-numberformat=\"&#091;null,1&#093;\">Martina Mara Borda Camargo<\/td>\n<td data-sheets-value=\"{&quot;1&quot;:2,&quot;2&quot;:&quot;Per\u00fa&quot;}\" data-sheets-numberformat=\"&#091;null,1&#093;\">Per\u00fa<\/td>\n<td data-sheets-value=\"{&quot;1&quot;:2,&quot;2&quot;:&quot;Female&quot;}\" data-sheets-numberformat=\"&#091;null,1&#093;\">Female<\/td>\n<td data-sheets-value=\"{&quot;1&quot;:2,&quot;2&quot;:&quot;23:56:30.6&quot;}\" data-sheets-numberformat=\"&#091;null,1&#093;\">23:56:30.6<\/td>\n<\/tr>\n<tr>\n<td data-sheets-value=\"{&quot;1&quot;:2,&quot;2&quot;:&quot;7&quot;}\" data-sheets-numberformat=\"&#091;null,1&#093;\">7<\/td>\n<td data-sheets-value=\"{&quot;1&quot;:2,&quot;2&quot;:&quot;Rosario Torres Huamani&quot;}\" data-sheets-numberformat=\"&#091;null,1&#093;\">Rosario Torres Huamani<\/td>\n<td data-sheets-value=\"{&quot;1&quot;:2,&quot;2&quot;:&quot;Peru&quot;}\" data-sheets-numberformat=\"&#091;null,1&#093;\">Peru<\/td>\n<td data-sheets-value=\"{&quot;1&quot;:2,&quot;2&quot;:&quot;Female&quot;}\" data-sheets-numberformat=\"&#091;null,1&#093;\">Female<\/td>\n<td data-sheets-value=\"{&quot;1&quot;:2,&quot;2&quot;:&quot;25:14:02.0&quot;}\" data-sheets-numberformat=\"&#091;null,1&#093;\">25:14:02.0<\/td>\n<\/tr>\n<tr>\n<td data-sheets-value=\"{&quot;1&quot;:2,&quot;2&quot;:&quot;8&quot;}\" data-sheets-numberformat=\"&#091;null,1&#093;\">8<\/td>\n<td data-sheets-value=\"{&quot;1&quot;:2,&quot;2&quot;:&quot;Gladys Ver\u00f3nica D\u00edaz Rodr\u00edguez&quot;}\" data-sheets-numberformat=\"&#091;null,1&#093;\">Gladys Ver\u00f3nica D\u00edaz Rodr\u00edguez<\/td>\n<td data-sheets-value=\"{&quot;1&quot;:2,&quot;2&quot;:&quot;Peru&quot;}\" data-sheets-numberformat=\"&#091;null,1&#093;\">Peru<\/td>\n<td data-sheets-value=\"{&quot;1&quot;:2,&quot;2&quot;:&quot;Female&quot;}\" data-sheets-numberformat=\"&#091;null,1&#093;\">Female<\/td>\n<td data-sheets-value=\"{&quot;1&quot;:2,&quot;2&quot;:&quot;25:18:21.0&quot;}\" data-sheets-numberformat=\"&#091;null,1&#093;\">25:18:21.0<\/td>\n<\/tr>\n<tr>\n<td data-sheets-value=\"{&quot;1&quot;:2,&quot;2&quot;:&quot;9&quot;}\" data-sheets-numberformat=\"&#091;null,1&#093;\">9<\/td>\n<td data-sheets-value=\"{&quot;1&quot;:2,&quot;2&quot;:&quot;JUAN MANUEL SOLER&quot;}\" data-sheets-numberformat=\"&#091;null,1&#093;\">JUAN MANUEL SOLER<\/td>\n<td data-sheets-value=\"{&quot;1&quot;:2,&quot;2&quot;:&quot;M\u00e9xico&quot;}\" data-sheets-numberformat=\"&#091;null,1&#093;\">M\u00e9xico<\/td>\n<td data-sheets-value=\"{&quot;1&quot;:2,&quot;2&quot;:&quot;Male&quot;}\" data-sheets-numberformat=\"&#091;null,1&#093;\">Male<\/td>\n<td data-sheets-value=\"{&quot;1&quot;:2,&quot;2&quot;:&quot;25:44:08.9&quot;}\" data-sheets-numberformat=\"&#091;null,1&#093;\">25:44:08.9<\/td>\n<\/tr>\n<tr>\n<td data-sheets-value=\"{&quot;1&quot;:2,&quot;2&quot;:&quot;10&quot;}\" data-sheets-numberformat=\"&#091;null,1&#093;\">10<\/td>\n<td data-sheets-value=\"{&quot;1&quot;:2,&quot;2&quot;:&quot;CARLOS A. TRUJILLO&quot;}\" data-sheets-numberformat=\"&#091;null,1&#093;\">CARLOS A. TRUJILLO<\/td>\n<td data-sheets-value=\"{&quot;1&quot;:2,&quot;2&quot;:&quot;M\u00e9xico&quot;}\" data-sheets-numberformat=\"&#091;null,1&#093;\">M\u00e9xico<\/td>\n<td data-sheets-value=\"{&quot;1&quot;:2,&quot;2&quot;:&quot;Male&quot;}\" data-sheets-numberformat=\"&#091;null,1&#093;\">Male<\/td>\n<td data-sheets-value=\"{&quot;1&quot;:2,&quot;2&quot;:&quot;25:44:27.7&quot;}\" data-sheets-numberformat=\"&#091;null,1&#093;\">25:44:27.7<\/td>\n<\/tr>\n<tr>\n<td data-sheets-value=\"{&quot;1&quot;:2,&quot;2&quot;:&quot;11&quot;}\" data-sheets-numberformat=\"&#091;null,1&#093;\">11<\/td>\n<td data-sheets-value=\"{&quot;1&quot;:2,&quot;2&quot;:&quot;JAVIER S\u00c1NCHEZ CORRAL&quot;}\" data-sheets-numberformat=\"&#091;null,1&#093;\">JAVIER S\u00c1NCHEZ CORRAL<\/td>\n<td data-sheets-value=\"{&quot;1&quot;:2,&quot;2&quot;:&quot;M\u00e9xico&quot;}\" data-sheets-numberformat=\"&#091;null,1&#093;\">M\u00e9xico<\/td>\n<td data-sheets-value=\"{&quot;1&quot;:2,&quot;2&quot;:&quot;Male&quot;}\" data-sheets-numberformat=\"&#091;null,1&#093;\">Male<\/td>\n<td data-sheets-value=\"{&quot;1&quot;:2,&quot;2&quot;:&quot;25:44:30.4&quot;}\" data-sheets-numberformat=\"&#091;null,1&#093;\">25:44:30.4<\/td>\n<\/tr>\n<tr>\n<td data-sheets-value=\"{&quot;1&quot;:2,&quot;2&quot;:&quot;12&quot;}\" data-sheets-numberformat=\"&#091;null,1&#093;\">12<\/td>\n<td data-sheets-value=\"{&quot;1&quot;:2,&quot;2&quot;:&quot;Eduardo Hurtado Mart\u00ednez&quot;}\" data-sheets-numberformat=\"&#091;null,1&#093;\">Eduardo Hurtado Mart\u00ednez<\/td>\n<td data-sheets-value=\"{&quot;1&quot;:2,&quot;2&quot;:&quot;Peru&quot;}\" data-sheets-numberformat=\"&#091;null,1&#093;\">Peru<\/td>\n<td data-sheets-value=\"{&quot;1&quot;:2,&quot;2&quot;:&quot;Male&quot;}\" data-sheets-numberformat=\"&#091;null,1&#093;\">Male<\/td>\n<td data-sheets-value=\"{&quot;1&quot;:2,&quot;2&quot;:&quot;25:57:20.2&quot;}\" data-sheets-numberformat=\"&#091;null,1&#093;\">25:57:20.2<\/td>\n<\/tr>\n<tr>\n<td data-sheets-value=\"{&quot;1&quot;:2,&quot;2&quot;:&quot;13&quot;}\" data-sheets-numberformat=\"&#091;null,1&#093;\">13<\/td>\n<td data-sheets-value=\"{&quot;1&quot;:2,&quot;2&quot;:&quot;Henrry Ivan Colquehuanca Achulli&quot;}\" data-sheets-numberformat=\"&#091;null,1&#093;\">Henrry Ivan Colquehuanca Achulli<\/td>\n<td data-sheets-value=\"{&quot;1&quot;:2,&quot;2&quot;:&quot;Peru&quot;}\" data-sheets-numberformat=\"&#091;null,1&#093;\">Peru<\/td>\n<td data-sheets-value=\"{&quot;1&quot;:2,&quot;2&quot;:&quot;Male&quot;}\" data-sheets-numberformat=\"&#091;null,1&#093;\">Male<\/td>\n<td data-sheets-value=\"{&quot;1&quot;:2,&quot;2&quot;:&quot;25:59:02.3&quot;}\" data-sheets-numberformat=\"&#091;null,1&#093;\">25:59:02.3<\/td>\n<\/tr>\n<tr>\n<td data-sheets-value=\"{&quot;1&quot;:2,&quot;2&quot;:&quot;-&quot;}\" data-sheets-numberformat=\"&#091;null,1&#093;\">&#8211;<\/td>\n<td data-sheets-value=\"{&quot;1&quot;:2,&quot;2&quot;:&quot;Luis Eduardo Mattos De Freitas Carneiro&quot;}\" data-sheets-numberformat=\"&#091;null,1&#093;\">Luis Eduardo Mattos De Freitas Carneiro<\/td>\n<td data-sheets-value=\"{&quot;1&quot;:2,&quot;2&quot;:&quot;Brasil&quot;}\" data-sheets-numberformat=\"&#091;null,1&#093;\">Brasil<\/td>\n<td data-sheets-value=\"{&quot;1&quot;:2,&quot;2&quot;:&quot;Male&quot;}\" data-sheets-numberformat=\"&#091;null,1&#093;\">Male<\/td>\n<td data-sheets-value=\"{&quot;1&quot;:2,&quot;2&quot;:&quot;-&quot;}\" data-sheets-numberformat=\"&#091;null,1&#093;\">&#8211;<\/td>\n<\/tr>\n<tr>\n<td data-sheets-value=\"{&quot;1&quot;:2,&quot;2&quot;:&quot;-&quot;}\" data-sheets-numberformat=\"&#091;null,1&#093;\">&#8211;<\/td>\n<td data-sheets-value=\"{&quot;1&quot;:2,&quot;2&quot;:&quot;Juan Alfonso Rey Garc\u00eda&quot;}\" data-sheets-numberformat=\"&#091;null,1&#093;\">Juan Alfonso Rey Garc\u00eda<\/td>\n<td data-sheets-value=\"{&quot;1&quot;:2,&quot;2&quot;:&quot;Espa\u00f1a&quot;}\" data-sheets-numberformat=\"&#091;null,1&#093;\">Espa\u00f1a<\/td>\n<td data-sheets-value=\"{&quot;1&quot;:2,&quot;2&quot;:&quot;Male&quot;}\" data-sheets-numberformat=\"&#091;null,1&#093;\">Male<\/td>\n<td data-sheets-value=\"{&quot;1&quot;:2,&quot;2&quot;:&quot;-&quot;}\" data-sheets-numberformat=\"&#091;null,1&#093;\">&#8211;<\/td>\n<\/tr>\n<tr>\n<td data-sheets-value=\"{&quot;1&quot;:2,&quot;2&quot;:&quot;-&quot;}\" data-sheets-numberformat=\"&#091;null,1&#093;\">&#8211;<\/td>\n<td data-sheets-value=\"{&quot;1&quot;:2,&quot;2&quot;:&quot;C\u00e9sar Espinoza Callo&quot;}\" data-sheets-numberformat=\"&#091;null,1&#093;\">C\u00e9sar Espinoza Callo<\/td>\n<td data-sheets-value=\"{&quot;1&quot;:2,&quot;2&quot;:&quot;Peru&quot;}\" data-sheets-numberformat=\"&#091;null,1&#093;\">Peru<\/td>\n<td data-sheets-value=\"{&quot;1&quot;:2,&quot;2&quot;:&quot;Male&quot;}\" data-sheets-numberformat=\"&#091;null,1&#093;\">Male<\/td>\n<td data-sheets-value=\"{&quot;1&quot;:2,&quot;2&quot;:&quot;-&quot;}\" data-sheets-numberformat=\"&#091;null,1&#093;\">&#8211;<\/td>\n<\/tr>\n<tr>\n<td data-sheets-value=\"{&quot;1&quot;:2,&quot;2&quot;:&quot;-&quot;}\" data-sheets-numberformat=\"&#091;null,1&#093;\">&#8211;<\/td>\n<td data-sheets-value=\"{&quot;1&quot;:2,&quot;2&quot;:&quot;Charles Ayala Escribas&quot;}\" data-sheets-numberformat=\"&#091;null,1&#093;\">Charles Ayala Escribas<\/td>\n<td data-sheets-value=\"{&quot;1&quot;:2,&quot;2&quot;:&quot;Peru&quot;}\" data-sheets-numberformat=\"&#091;null,1&#093;\">Peru<\/td>\n<td data-sheets-value=\"{&quot;1&quot;:2,&quot;2&quot;:&quot;Male&quot;}\" data-sheets-numberformat=\"&#091;null,1&#093;\">Male<\/td>\n<td data-sheets-value=\"{&quot;1&quot;:2,&quot;2&quot;:&quot;-&quot;}\" data-sheets-numberformat=\"&#091;null,1&#093;\">&#8211;<\/td>\n<\/tr>\n<tr>\n<td data-sheets-value=\"{&quot;1&quot;:2,&quot;2&quot;:&quot;-&quot;}\" data-sheets-numberformat=\"&#091;null,1&#093;\">&#8211;<\/td>\n<td data-sheets-value=\"{&quot;1&quot;:2,&quot;2&quot;:&quot;Jorge Carlos Tuya Rodriguez&quot;}\" data-sheets-numberformat=\"&#091;null,1&#093;\">Jorge Carlos Tuya Rodriguez<\/td>\n<td data-sheets-value=\"{&quot;1&quot;:2,&quot;2&quot;:&quot;Peru&quot;}\" data-sheets-numberformat=\"&#091;null,1&#093;\">Peru<\/td>\n<td data-sheets-value=\"{&quot;1&quot;:2,&quot;2&quot;:&quot;Male&quot;}\" data-sheets-numberformat=\"&#091;null,1&#093;\">Male<\/td>\n<td data-sheets-value=\"{&quot;1&quot;:2,&quot;2&quot;:&quot;-&quot;}\" data-sheets-numberformat=\"&#091;null,1&#093;\">&#8211;<\/td>\n<\/tr>\n<tr>\n<td data-sheets-value=\"{&quot;1&quot;:2,&quot;2&quot;:&quot;-&quot;}\" data-sheets-numberformat=\"&#091;null,1&#093;\">&#8211;<\/td>\n<td data-sheets-value=\"{&quot;1&quot;:2,&quot;2&quot;:&quot;SERGIO Carbajal Gutierrez&quot;}\" data-sheets-numberformat=\"&#091;null,1&#093;\">SERGIO Carbajal Gutierrez<\/td>\n<td data-sheets-value=\"{&quot;1&quot;:2,&quot;2&quot;:&quot;Peru&quot;}\" data-sheets-numberformat=\"&#091;null,1&#093;\">Peru<\/td>\n<td data-sheets-value=\"{&quot;1&quot;:2,&quot;2&quot;:&quot;Male&quot;}\" data-sheets-numberformat=\"&#091;null,1&#093;\">Male<\/td>\n<td data-sheets-value=\"{&quot;1&quot;:2,&quot;2&quot;:&quot;-&quot;}\" data-sheets-numberformat=\"&#091;null,1&#093;\">&#8211;<\/td>\n<\/tr>\n<tr>\n<td data-sheets-value=\"{&quot;1&quot;:2,&quot;2&quot;:&quot;-&quot;}\" data-sheets-numberformat=\"&#091;null,1&#093;\">&#8211;<\/td>\n<td data-sheets-value=\"{&quot;1&quot;:2,&quot;2&quot;:&quot;CLAUDIA CRISTINA SOTO JUSTINIANO&quot;}\" data-sheets-numberformat=\"&#091;null,1&#093;\">CLAUDIA CRISTINA SOTO JUSTINIANO<\/td>\n<td data-sheets-value=\"{&quot;1&quot;:2,&quot;2&quot;:&quot;Bolivia&quot;}\" data-sheets-numberformat=\"&#091;null,1&#093;\">Bolivia<\/td>\n<td data-sheets-value=\"{&quot;1&quot;:2,&quot;2&quot;:&quot;Female&quot;}\" data-sheets-numberformat=\"&#091;null,1&#093;\">Female<\/td>\n<td data-sheets-value=\"{&quot;1&quot;:2,&quot;2&quot;:&quot;-&quot;}\" data-sheets-numberformat=\"&#091;null,1&#093;\">&#8211;<\/td>\n<\/tr>\n<tr>\n<td data-sheets-value=\"{&quot;1&quot;:2,&quot;2&quot;:&quot;-&quot;}\" data-sheets-numberformat=\"&#091;null,1&#093;\">&#8211;<\/td>\n<td data-sheets-value=\"{&quot;1&quot;:2,&quot;2&quot;:&quot;Pedro Pablo Carrasco&quot;}\" data-sheets-numberformat=\"&#091;null,1&#093;\">Pedro Pablo Carrasco<\/td>\n<td data-sheets-value=\"{&quot;1&quot;:2,&quot;2&quot;:&quot;Per\u00fa&quot;}\" data-sheets-numberformat=\"&#091;null,1&#093;\">Per\u00fa<\/td>\n<td data-sheets-value=\"{&quot;1&quot;:2,&quot;2&quot;:&quot;Male&quot;}\" data-sheets-numberformat=\"&#091;null,1&#093;\">Male<\/td>\n<td data-sheets-value=\"{&quot;1&quot;:2,&quot;2&quot;:&quot;-&quot;}\" data-sheets-numberformat=\"&#091;null,1&#093;\">&#8211;<\/td>\n<\/tr>\n<\/tbody>\n<\/table>\n\t<\/div>\n<\/div>\n\n\n\n\n\t\t\t<\/div> \n\t\t<\/div>\n\t<\/div> \n<\/div><\/div>","protected":false},"excerpt":{"rendered":"100K GENERAL PUESTO NOMBRE PA\u00cdS GENERO TIEMPO 1 DELBI VILLA GONGORA Polinesia Francesa Male 16:04:32.4 2 Fabricio Pacheco D\u00edaz Bolivia Male 19:23:08.1 3 Charlie Good Peru Male 21:53:20.6 4 Edison...","protected":false},"author":1,"featured_media":0,"parent":0,"menu_order":0,"comment_status":"closed","ping_status":"closed","template":"","meta":{"nf_dc_page":"","footnotes":""},"class_list":["post-6924","page","type-page","status-publish"],"yoast_head":"<!-- This site is optimized with the Yoast SEO plugin v26.9 - https:\/\/yoast.com\/product\/yoast-seo-wordpress\/ -->\n<title>100K 2018 - ANDES RACE<\/title>\n<meta name=\"robots\" content=\"index, follow, max-snippet:-1, max-image-preview:large, max-video-preview:-1\" \/>\n<link rel=\"canonical\" href=\"https:\/\/www.andesrace.pe\/en\/100k-2018\/\" \/>\n<meta property=\"og:locale\" content=\"en_US\" \/>\n<meta property=\"og:type\" content=\"article\" \/>\n<meta property=\"og:title\" content=\"100K 2018 - ANDES RACE\" \/>\n<meta property=\"og:url\" content=\"https:\/\/www.andesrace.pe\/en\/100k-2018\/\" \/>\n<meta property=\"og:site_name\" content=\"ANDES RACE\" \/>\n<meta name=\"twitter:card\" content=\"summary_large_image\" \/>\n<meta name=\"twitter:label1\" content=\"Est. reading time\" \/>\n\t<meta name=\"twitter:data1\" content=\"1 minute\" \/>\n<script type=\"application\/ld+json\" class=\"yoast-schema-graph\">{\"@context\":\"https:\/\/schema.org\",\"@graph\":[{\"@type\":\"WebPage\",\"@id\":\"https:\/\/www.andesrace.pe\/100k-2018\/\",\"url\":\"https:\/\/www.andesrace.pe\/100k-2018\/\",\"name\":\"100K 2018 - ANDES RACE\",\"isPartOf\":{\"@id\":\"https:\/\/www.andesrace.pe\/#website\"},\"datePublished\":\"2018-08-29T16:50:21+00:00\",\"breadcrumb\":{\"@id\":\"https:\/\/www.andesrace.pe\/100k-2018\/#breadcrumb\"},\"inLanguage\":\"en-US\",\"potentialAction\":[{\"@type\":\"ReadAction\",\"target\":[\"https:\/\/www.andesrace.pe\/100k-2018\/\"]}]},{\"@type\":\"BreadcrumbList\",\"@id\":\"https:\/\/www.andesrace.pe\/100k-2018\/#breadcrumb\",\"itemListElement\":[{\"@type\":\"ListItem\",\"position\":1,\"name\":\"Portada\",\"item\":\"https:\/\/www.andesrace.pe\/\"},{\"@type\":\"ListItem\",\"position\":2,\"name\":\"100K 2018\"}]},{\"@type\":\"WebSite\",\"@id\":\"https:\/\/www.andesrace.pe\/#website\",\"url\":\"https:\/\/www.andesrace.pe\/\",\"name\":\"ANDES RACE\",\"description\":\"The Chaski Challenge\",\"publisher\":{\"@id\":\"https:\/\/www.andesrace.pe\/#organization\"},\"potentialAction\":[{\"@type\":\"SearchAction\",\"target\":{\"@type\":\"EntryPoint\",\"urlTemplate\":\"https:\/\/www.andesrace.pe\/?s={search_term_string}\"},\"query-input\":{\"@type\":\"PropertyValueSpecification\",\"valueRequired\":true,\"valueName\":\"search_term_string\"}}],\"inLanguage\":\"en-US\"},{\"@type\":\"Organization\",\"@id\":\"https:\/\/www.andesrace.pe\/#organization\",\"name\":\"Andes Race\",\"url\":\"https:\/\/www.andesrace.pe\/\",\"logo\":{\"@type\":\"ImageObject\",\"inLanguage\":\"en-US\",\"@id\":\"https:\/\/www.andesrace.pe\/#\/schema\/logo\/image\/\",\"url\":\"https:\/\/www.andesrace.pe\/wp-content\/uploads\/2013\/08\/LOGO.png\",\"contentUrl\":\"https:\/\/www.andesrace.pe\/wp-content\/uploads\/2013\/08\/LOGO.png\",\"width\":400,\"height\":118,\"caption\":\"Andes Race\"},\"image\":{\"@id\":\"https:\/\/www.andesrace.pe\/#\/schema\/logo\/image\/\"}}]}<\/script>\n<!-- \/ Yoast SEO plugin. -->","yoast_head_json":{"title":"100K 2018 - ANDES RACE","robots":{"index":"index","follow":"follow","max-snippet":"max-snippet:-1","max-image-preview":"max-image-preview:large","max-video-preview":"max-video-preview:-1"},"canonical":"https:\/\/www.andesrace.pe\/en\/100k-2018\/","og_locale":"en_US","og_type":"article","og_title":"100K 2018 - ANDES RACE","og_url":"https:\/\/www.andesrace.pe\/en\/100k-2018\/","og_site_name":"ANDES RACE","twitter_card":"summary_large_image","twitter_misc":{"Est. reading time":"1 minute"},"schema":{"@context":"https:\/\/schema.org","@graph":[{"@type":"WebPage","@id":"https:\/\/www.andesrace.pe\/100k-2018\/","url":"https:\/\/www.andesrace.pe\/100k-2018\/","name":"100K 2018 - ANDES RACE","isPartOf":{"@id":"https:\/\/www.andesrace.pe\/#website"},"datePublished":"2018-08-29T16:50:21+00:00","breadcrumb":{"@id":"https:\/\/www.andesrace.pe\/100k-2018\/#breadcrumb"},"inLanguage":"en-US","potentialAction":[{"@type":"ReadAction","target":["https:\/\/www.andesrace.pe\/100k-2018\/"]}]},{"@type":"BreadcrumbList","@id":"https:\/\/www.andesrace.pe\/100k-2018\/#breadcrumb","itemListElement":[{"@type":"ListItem","position":1,"name":"Portada","item":"https:\/\/www.andesrace.pe\/"},{"@type":"ListItem","position":2,"name":"100K 2018"}]},{"@type":"WebSite","@id":"https:\/\/www.andesrace.pe\/#website","url":"https:\/\/www.andesrace.pe\/","name":"ANDES RACE","description":"The Chaski Challenge","publisher":{"@id":"https:\/\/www.andesrace.pe\/#organization"},"potentialAction":[{"@type":"SearchAction","target":{"@type":"EntryPoint","urlTemplate":"https:\/\/www.andesrace.pe\/?s={search_term_string}"},"query-input":{"@type":"PropertyValueSpecification","valueRequired":true,"valueName":"search_term_string"}}],"inLanguage":"en-US"},{"@type":"Organization","@id":"https:\/\/www.andesrace.pe\/#organization","name":"Andes Race","url":"https:\/\/www.andesrace.pe\/","logo":{"@type":"ImageObject","inLanguage":"en-US","@id":"https:\/\/www.andesrace.pe\/#\/schema\/logo\/image\/","url":"https:\/\/www.andesrace.pe\/wp-content\/uploads\/2013\/08\/LOGO.png","contentUrl":"https:\/\/www.andesrace.pe\/wp-content\/uploads\/2013\/08\/LOGO.png","width":400,"height":118,"caption":"Andes Race"},"image":{"@id":"https:\/\/www.andesrace.pe\/#\/schema\/logo\/image\/"}}]}},"_links":{"self":[{"href":"https:\/\/www.andesrace.pe\/en\/wp-json\/wp\/v2\/pages\/6924","targetHints":{"allow":["GET"]}}],"collection":[{"href":"https:\/\/www.andesrace.pe\/en\/wp-json\/wp\/v2\/pages"}],"about":[{"href":"https:\/\/www.andesrace.pe\/en\/wp-json\/wp\/v2\/types\/page"}],"author":[{"embeddable":true,"href":"https:\/\/www.andesrace.pe\/en\/wp-json\/wp\/v2\/users\/1"}],"replies":[{"embeddable":true,"href":"https:\/\/www.andesrace.pe\/en\/wp-json\/wp\/v2\/comments?post=6924"}],"version-history":[{"count":0,"href":"https:\/\/www.andesrace.pe\/en\/wp-json\/wp\/v2\/pages\/6924\/revisions"}],"wp:attachment":[{"href":"https:\/\/www.andesrace.pe\/en\/wp-json\/wp\/v2\/media?parent=6924"}],"curies":[{"name":"wp","href":"https:\/\/api.w.org\/{rel}","templated":true}]}}