{"id":4945,"date":"2016-11-15T16:55:06","date_gmt":"2016-11-15T16:55:06","guid":{"rendered":"http:\/\/www.andesrace.pe\/?page_id=4945"},"modified":"2024-09-16T21:25:03","modified_gmt":"2024-09-16T21:25:03","slug":"politicas-y-condiciones","status":"publish","type":"page","link":"https:\/\/www.andesrace.pe\/en\/politicas-y-condiciones\/","title":{"rendered":"Politicas y Condiciones"},"content":{"rendered":"<div id=\"fws_69ea56afcba54\"  data-column-margin=\"default\" data-midnight=\"dark\"  class=\"wpb_row vc_row-fluid vc_row\"  style=\"padding-top: 0px; padding-bottom: 0px; \"><div class=\"row-bg-wrap\" data-bg-animation=\"none\" data-bg-overlay=\"false\"><div class=\"inner-wrap\"><div class=\"row-bg viewport-desktop\"  style=\"\"><\/div><\/div><\/div><div class=\"row_col_wrap_12 col span_12 dark left\">\n\t<div  class=\"vc_col-sm-12 wpb_column column_container vc_column_container col no-extra-padding inherit_tablet inherit_phone\"  data-padding-pos=\"all\" data-has-bg-color=\"false\" data-bg-color=\"\" data-bg-opacity=\"1\" data-animation=\"\" data-delay=\"0\" >\n\t\t<div class=\"vc_column-inner\" >\n\t\t\t<div class=\"wpb_wrapper\">\n\t\t\t\t\n<div class=\"wpb_text_column wpb_content_element\" >\n\t<div class=\"wpb_wrapper\">\n\t\t<h2><strong>T\u00e9rminos y condiciones de transacci\u00f3n en Tienda Virtual<\/strong><\/h2>\n<p>Las transacciones que se efect\u00faen a trav\u00e9s de la Tienda Virtual de Andes Race S.A.C. (en adelante, Tienda Virtual Andes Race, www.andesrace.pe), se sujetan a las presentes t\u00e9rminos y condiciones, as\u00ed como a la legislaci\u00f3n peruana vigente.<\/p>\n<p>Tienda virtual Andes Race se reserva el derecho de actualizar y\/o modificar los T\u00e9rminos y Condiciones que detallamos a continuaci\u00f3n en cualquier momento, sin previo aviso. Por esta raz\u00f3n recomendamos revisar los T\u00e9rminos y Condiciones cada vez que utilice la p\u00e1gina web.<\/p>\n<p>Es requisito para comprar en la Tienda Virtual Andes Race la aceptaci\u00f3n de los t\u00e9rminos y condiciones descritas a continuaci\u00f3n. Cualquier persona que realice una transacci\u00f3n mediante este canal o a trav\u00e9s o de otros medios de pago o dep\u00f3sitos, declara conocer y aceptar todas y cada uno de los t\u00e9rminos y condiciones descritos a continuaci\u00f3n. Asimismo, el acceso a los servicios de la Tienda Virtual Andes Race podr\u00eda ocasionalmente verse suspendido o restringido por la realizaci\u00f3n de trabajos de mantenimiento o administraci\u00f3n de los productos ofertados.<\/p>\n<p>Tienda Virtual Andes Race se compromete a realizar su mejor esfuerzo para asegurar la disponibilidad de sus servicios durante las 24 horas del d\u00eda as\u00ed como para asegurar la ausencia de errores en cualquier transmisi\u00f3n de informaci\u00f3n que pudiera tener lugar en las transacciones; sin embargo, Tienda Virtual Andes Race no se hace responsable cuando sus servicios se vean afectados por la naturaleza misma del internet.<\/p>\n<hr \/>\n<ol>\n<li>\n<h3><b>REGISTRO DEL CLIENTE O USUARIO (CLIENTE)<\/b><\/h3>\n<\/li>\n<\/ol>\n<p>El registro del cliente en este sitio, para comprar a trav\u00e9s Tienda Virtual Andes Race constituye una condici\u00f3n indispensable no siendo necesario el registro para realizar compras en Tienda Virtual Andes Race.<\/p>\n<p>Para el registro, el cliente debe proporcionar sus datos de identificaci\u00f3n fidedignos y necesarios (como nombre completo, n\u00famero de documento oficial de identidad, correo electr\u00f3nico y tel\u00e9fonos) los cuales podr\u00e1n ser validados posteriormente.<\/p>\n<p>El usuario inscrito en Tienda Virtual Andes Race puede disponer la rectificaci\u00f3n, actualizaci\u00f3n, eliminaci\u00f3n y\/o cancelaci\u00f3n de sus datos cuando lo estime conveniente. En todo caso, los datos podr\u00e1n ser cedidos o comunicados a empresas relacionadas, para la comercializaci\u00f3n de los productos y servicios distribuidos o prestados.<\/p>\n<hr \/>\n<ol start=\"2\">\n<li>\n<h3><b>MEDIOS DE PAGOS<\/b><\/h3>\n<\/li>\n<\/ol>\n<p>Los medios de pago que se pueden utilizar para compras en la Tienda Andes Race\u00a0son:<\/p>\n<p>a.- Tarjetas de cr\u00e9dito Visa y MasterCard de otras entidades financieras nacionales que sean aceptadas habitualmente por Andes Race.<\/p>\n<p>b.- Pago Efectivo: Es un medio de pago donde el cliente hace la reserva de su producto y se le genera un cup\u00f3n de pago con el cual deber\u00e1 acercarse a cualquiera de los establecimientos o agencias afiliados(as) a la empresa \u201cPago Efectivo\u201d y realizar el pago del cup\u00f3n antes de la fecha de vencimiento indicado en el mismo cup\u00f3n, caso contrario se cancelar\u00e1 la solicitud de compra realizada. Los establecimientos\/plataformas afiliados(as) donde el cliente podr\u00e1 realizar el pago de su cup\u00f3n son los bancos BBVA Continental, Banco de Cr\u00e9dito del Per\u00fa BCP, Scotiabank, Interbank, incluido los canales de atenci\u00f3n que dispongan dichos bancos, Agencias Western Union y establecimientos afiliados a Pago Efectivo y Full Carga.<\/p>\n<p>d.- Paypal: Es un medio de pago en donde el cliente realiza sus pagos a trav\u00e9s de Internet sin necesidad de introducir sus datos bancarios en cada plataforma.<\/p>\n<p>Andes Race no contempla la devoluci\u00f3n del dinero por inscripci\u00f3n a la carrera bajo ninguna circunstancia. Andes Race considerar\u00e1 como no v\u00e1lida la transacci\u00f3n cuando se evidencie o notifique alg\u00fan tipo de fraude, cuando se produzca un error sist\u00e9mico que distorsione el precio de las ofertas o cuando concurra alguna otra causa justificada, y proceder\u00e1 a anular la transacci\u00f3n, cancelar el despacho del producto y solicitar al banco emisor de la tarjeta para que la devoluci\u00f3n del importe comprometido.<\/p>\n<p>Los aspectos relativos al funcionamiento de las tarjetas de cr\u00e9dito aceptadas en la Tienda Virtual Andes Race est\u00e1n sujetos al contrato existente entre el cliente y la entidad financiera emisora de su tarjeta, sin que Andes Race tenga responsabilidad alguna sobre los aspectos se\u00f1alados en dichos contratos.<\/p>\n<hr \/>\n<ol start=\"3\">\n<li>\n<h3><b>VALIDEZ, PRECIO Y STOCK DE LAS OFERTAS CONTENIDAS EN ESTE SITIO.<\/b><\/h3>\n<\/li>\n<\/ol>\n<p>Los precios y servicios exhibidos en www.andesrace.pe son exclusivos para las compras efectuadas en Tienda Virtual Andes Race y no son aplicables a transacciones efectuadas en otras puntos de venta autorizados para inscripciones al Andes Race.<\/p>\n<p>En el supuesto negado en que por un error o evento fuera del control de Andes Race, el precio correcto del producto sea m\u00e1s alto que el precio consignado en su orden de compra, nos contactaremos con usted dentro de los 3 d\u00edas h\u00e1biles siguientes a la transacci\u00f3n para informarle este hecho y nos indique su deseo de adquirir el producto al precio de venta correcto o de cancelar su orden.<\/p>\n<p>Los precios de los productos consignados en la Tienda Virtual Andes Race son en moneda extranjera, (USD), y de igual manera los comprobantes de pago que se emiten.<\/p>\n<p>Las compras realizadas en www.andesrace.pe est\u00e1n sujetas a disponibilidad de stock. En caso no haya stock del producto, se informar\u00e1 al cliente y se proceder\u00e1 a anular la compra.<\/p>\n<p>Andes Race no se responsabiliza de la informaci\u00f3n proporcionada por otros sitios web y las consecuencias derivadas de ello, especialmente cuando el acceso al sitio de Tienda Virtual Andes Race se ha efectuado a trav\u00e9s de un link o banner en sitios que no dispongan de contratos o alianzas con<a href=\"http:\/\/www.andesrace.pe\/en\/\"> www.andesrace.pe<\/a>. Andes Race se reserva el derecho a modificar cualquier informaci\u00f3n contenida en este sitio.<\/p>\n<hr \/>\n<ol start=\"4\">\n<li>\n<h3><b>VENTA CON RETIRO EN OFICINA<\/b><\/h3>\n<\/li>\n<\/ol>\n<p>Retiro en oficina es una modalidad de entrega que permite comprar en internet y hacer el retiro o entrega del producto (en caso sean de la tienda de art\u00edculos deportivos o servicios). Al finalizar el proceso de compra en www.andesrace.pe, todos los clientes recibir\u00e1n un email con los productos seleccionados. Las compras con retiro en oficina pasar\u00e1n por un proceso de validaci\u00f3n de stock. Si el proceso es satisfactorio, los clientes recibir\u00e1n inmediatamente un email indicando que ya pueden retirar su pedido en la tienda seleccionada. De no pasar este proceso, Andes Race devolver\u00e1 el dinero de la compra al medio de pago elegido por el cliente. Los clientes tienen la obligaci\u00f3n de otorgar en todo momento una cuenta de correo habilitada y confiable, dado que Andes Race brindar\u00e1 las instrucciones respectivas a este medio.<\/p>\n<p>Para efectuar el retiro de su producto, el cliente deber\u00e1 presentarse con su documento oficial de identidad original al \u00e1rea indicada al momento de realizar su compra, dentro del horario de funcionamiento de la oficina Andes Race. En caso el cliente durante el proceso de compra autorice a un tercero para efectuar el retiro del producto, \u00e9ste deber\u00e1 acercarse con su documento oficial de identidad original.<\/p>\n<p>El cliente debe retirar su compra en la oficina en el flujo de compra. <b>El producto no podr\u00e1 ser retirado por menores de 18 a\u00f1os<\/b>. El cliente debe revisar el producto al momento de la entrega, y firmar el comprobante de entrega conforme.<\/p>\n<p>Posterior a la entrega del producto, Andes Race no se responsabiliza por los da\u00f1os producidos a los productos que sean imputables al cliente o a terceros.<\/p>\n<hr \/>\n<ol start=\"5\">\n<li>\n<h3><b>COMPROBANTES DE PAGO<\/b><\/h3>\n<\/li>\n<\/ol>\n<p>El cliente deber\u00e1 decidir correctamente el tipo de documento electr\u00f3nico que solicitar\u00e1 como comprobante de pago de su compra, ya que de acuerdo al Reglamento de Comprobantes de Pago aprobado por Resoluci\u00f3n de Superintendencia N\u00b0 007-99\/SUNAT (RCP) y al Texto \u00danico Ordenado de la Ley del Impuesto General a las Ventas e Impuesto Selectivo al Consumo, aprobado mediante Decreto Supremo N\u00b0 055-99-EF y normas modificatorias, no proceder\u00e1 cambio alguno:<\/p>\n<p>\u201cNo existe ning\u00fan procedimiento vigente que permita el canje de boletas de venta por facturas, m\u00e1s a\u00fan las notas de cr\u00e9dito no se encuentran previstas para modificar al adquirente o usuario que figura en el comprobante de pago original\u201d.<\/p>\n<p>Al aceptar estos t\u00e9rminos y condiciones, el cliente autoriza a Andes Race a que env\u00ede el comprobante electr\u00f3nico al correo electr\u00f3nico consignado en el proceso de compra.<\/p>\n<hr \/>\n<ol start=\"6\">\n<li>\n<h3><b>MAILING<\/b><\/h3>\n<\/li>\n<\/ol>\n<p>Todos los precios de los productos recibidos por mailing y de remitente \u201c<b>Andes Race<\/b>\u201d tienen una vigencia de 24 horas desde recibido el mismo.<\/p>\n<hr \/>\n\t<\/div>\n<\/div>\n\n\n\n\n\t\t\t<\/div> \n\t\t<\/div>\n\t<\/div> \n<\/div><\/div>","protected":false},"excerpt":{"rendered":"T\u00e9rminos y condiciones de transacci\u00f3n en Tienda Virtual Las transacciones que se efect\u00faen a trav\u00e9s de la Tienda Virtual de Andes Race S.A.C. (en adelante, Tienda Virtual Andes Race, www.andesrace.pe),...","protected":false},"author":1,"featured_media":0,"parent":0,"menu_order":0,"comment_status":"closed","ping_status":"closed","template":"","meta":{"nf_dc_page":"","footnotes":""},"class_list":["post-4945","page","type-page","status-publish"],"yoast_head":"<!-- This site is optimized with the Yoast SEO plugin v26.9 - https:\/\/yoast.com\/product\/yoast-seo-wordpress\/ -->\n<title>Politicas y Condiciones - ANDES RACE<\/title>\n<meta name=\"robots\" content=\"index, follow, max-snippet:-1, max-image-preview:large, max-video-preview:-1\" \/>\n<link rel=\"canonical\" href=\"https:\/\/www.andesrace.pe\/en\/politicas-y-condiciones\/\" \/>\n<meta property=\"og:locale\" content=\"en_US\" \/>\n<meta property=\"og:type\" content=\"article\" \/>\n<meta property=\"og:title\" content=\"Politicas y Condiciones - ANDES RACE\" \/>\n<meta property=\"og:url\" content=\"https:\/\/www.andesrace.pe\/en\/politicas-y-condiciones\/\" \/>\n<meta property=\"og:site_name\" content=\"ANDES RACE\" \/>\n<meta property=\"article:modified_time\" content=\"2024-09-16T21:25:03+00:00\" \/>\n<meta name=\"twitter:card\" content=\"summary_large_image\" \/>\n<meta name=\"twitter:label1\" content=\"Est. reading time\" \/>\n\t<meta name=\"twitter:data1\" content=\"7 minutes\" \/>\n<script type=\"application\/ld+json\" class=\"yoast-schema-graph\">{\"@context\":\"https:\/\/schema.org\",\"@graph\":[{\"@type\":\"WebPage\",\"@id\":\"https:\/\/www.andesrace.pe\/politicas-y-condiciones\/\",\"url\":\"https:\/\/www.andesrace.pe\/politicas-y-condiciones\/\",\"name\":\"Politicas y Condiciones - ANDES RACE\",\"isPartOf\":{\"@id\":\"https:\/\/www.andesrace.pe\/#website\"},\"datePublished\":\"2016-11-15T16:55:06+00:00\",\"dateModified\":\"2024-09-16T21:25:03+00:00\",\"breadcrumb\":{\"@id\":\"https:\/\/www.andesrace.pe\/politicas-y-condiciones\/#breadcrumb\"},\"inLanguage\":\"en-US\",\"potentialAction\":[{\"@type\":\"ReadAction\",\"target\":[\"https:\/\/www.andesrace.pe\/politicas-y-condiciones\/\"]}]},{\"@type\":\"BreadcrumbList\",\"@id\":\"https:\/\/www.andesrace.pe\/politicas-y-condiciones\/#breadcrumb\",\"itemListElement\":[{\"@type\":\"ListItem\",\"position\":1,\"name\":\"Portada\",\"item\":\"https:\/\/www.andesrace.pe\/\"},{\"@type\":\"ListItem\",\"position\":2,\"name\":\"Politicas y Condiciones\"}]},{\"@type\":\"WebSite\",\"@id\":\"https:\/\/www.andesrace.pe\/#website\",\"url\":\"https:\/\/www.andesrace.pe\/\",\"name\":\"ANDES RACE\",\"description\":\"The Chaski Challenge\",\"publisher\":{\"@id\":\"https:\/\/www.andesrace.pe\/#organization\"},\"potentialAction\":[{\"@type\":\"SearchAction\",\"target\":{\"@type\":\"EntryPoint\",\"urlTemplate\":\"https:\/\/www.andesrace.pe\/?s={search_term_string}\"},\"query-input\":{\"@type\":\"PropertyValueSpecification\",\"valueRequired\":true,\"valueName\":\"search_term_string\"}}],\"inLanguage\":\"en-US\"},{\"@type\":\"Organization\",\"@id\":\"https:\/\/www.andesrace.pe\/#organization\",\"name\":\"Andes Race\",\"url\":\"https:\/\/www.andesrace.pe\/\",\"logo\":{\"@type\":\"ImageObject\",\"inLanguage\":\"en-US\",\"@id\":\"https:\/\/www.andesrace.pe\/#\/schema\/logo\/image\/\",\"url\":\"https:\/\/www.andesrace.pe\/wp-content\/uploads\/2013\/08\/LOGO.png\",\"contentUrl\":\"https:\/\/www.andesrace.pe\/wp-content\/uploads\/2013\/08\/LOGO.png\",\"width\":400,\"height\":118,\"caption\":\"Andes Race\"},\"image\":{\"@id\":\"https:\/\/www.andesrace.pe\/#\/schema\/logo\/image\/\"}}]}<\/script>\n<!-- \/ Yoast SEO plugin. -->","yoast_head_json":{"title":"Politicas y Condiciones - ANDES RACE","robots":{"index":"index","follow":"follow","max-snippet":"max-snippet:-1","max-image-preview":"max-image-preview:large","max-video-preview":"max-video-preview:-1"},"canonical":"https:\/\/www.andesrace.pe\/en\/politicas-y-condiciones\/","og_locale":"en_US","og_type":"article","og_title":"Politicas y Condiciones - ANDES RACE","og_url":"https:\/\/www.andesrace.pe\/en\/politicas-y-condiciones\/","og_site_name":"ANDES RACE","article_modified_time":"2024-09-16T21:25:03+00:00","twitter_card":"summary_large_image","twitter_misc":{"Est. reading time":"7 minutes"},"schema":{"@context":"https:\/\/schema.org","@graph":[{"@type":"WebPage","@id":"https:\/\/www.andesrace.pe\/politicas-y-condiciones\/","url":"https:\/\/www.andesrace.pe\/politicas-y-condiciones\/","name":"Politicas y Condiciones - ANDES RACE","isPartOf":{"@id":"https:\/\/www.andesrace.pe\/#website"},"datePublished":"2016-11-15T16:55:06+00:00","dateModified":"2024-09-16T21:25:03+00:00","breadcrumb":{"@id":"https:\/\/www.andesrace.pe\/politicas-y-condiciones\/#breadcrumb"},"inLanguage":"en-US","potentialAction":[{"@type":"ReadAction","target":["https:\/\/www.andesrace.pe\/politicas-y-condiciones\/"]}]},{"@type":"BreadcrumbList","@id":"https:\/\/www.andesrace.pe\/politicas-y-condiciones\/#breadcrumb","itemListElement":[{"@type":"ListItem","position":1,"name":"Portada","item":"https:\/\/www.andesrace.pe\/"},{"@type":"ListItem","position":2,"name":"Politicas y Condiciones"}]},{"@type":"WebSite","@id":"https:\/\/www.andesrace.pe\/#website","url":"https:\/\/www.andesrace.pe\/","name":"ANDES RACE","description":"The Chaski Challenge","publisher":{"@id":"https:\/\/www.andesrace.pe\/#organization"},"potentialAction":[{"@type":"SearchAction","target":{"@type":"EntryPoint","urlTemplate":"https:\/\/www.andesrace.pe\/?s={search_term_string}"},"query-input":{"@type":"PropertyValueSpecification","valueRequired":true,"valueName":"search_term_string"}}],"inLanguage":"en-US"},{"@type":"Organization","@id":"https:\/\/www.andesrace.pe\/#organization","name":"Andes Race","url":"https:\/\/www.andesrace.pe\/","logo":{"@type":"ImageObject","inLanguage":"en-US","@id":"https:\/\/www.andesrace.pe\/#\/schema\/logo\/image\/","url":"https:\/\/www.andesrace.pe\/wp-content\/uploads\/2013\/08\/LOGO.png","contentUrl":"https:\/\/www.andesrace.pe\/wp-content\/uploads\/2013\/08\/LOGO.png","width":400,"height":118,"caption":"Andes Race"},"image":{"@id":"https:\/\/www.andesrace.pe\/#\/schema\/logo\/image\/"}}]}},"_links":{"self":[{"href":"https:\/\/www.andesrace.pe\/en\/wp-json\/wp\/v2\/pages\/4945","targetHints":{"allow":["GET"]}}],"collection":[{"href":"https:\/\/www.andesrace.pe\/en\/wp-json\/wp\/v2\/pages"}],"about":[{"href":"https:\/\/www.andesrace.pe\/en\/wp-json\/wp\/v2\/types\/page"}],"author":[{"embeddable":true,"href":"https:\/\/www.andesrace.pe\/en\/wp-json\/wp\/v2\/users\/1"}],"replies":[{"embeddable":true,"href":"https:\/\/www.andesrace.pe\/en\/wp-json\/wp\/v2\/comments?post=4945"}],"version-history":[{"count":2,"href":"https:\/\/www.andesrace.pe\/en\/wp-json\/wp\/v2\/pages\/4945\/revisions"}],"predecessor-version":[{"id":22748,"href":"https:\/\/www.andesrace.pe\/en\/wp-json\/wp\/v2\/pages\/4945\/revisions\/22748"}],"wp:attachment":[{"href":"https:\/\/www.andesrace.pe\/en\/wp-json\/wp\/v2\/media?parent=4945"}],"curies":[{"name":"wp","href":"https:\/\/api.w.org\/{rel}","templated":true}]}}