{"id":28372,"date":"2026-01-29T11:54:47","date_gmt":"2026-01-29T11:54:47","guid":{"rendered":"https:\/\/www.andesrace.pe\/?page_id=28372"},"modified":"2026-01-29T12:42:52","modified_gmt":"2026-01-29T12:42:52","slug":"cusco-trail-camp","status":"publish","type":"page","link":"https:\/\/www.andesrace.pe\/en\/cusco-trail-camp\/","title":{"rendered":"Cusco Trail Camp"},"content":{"rendered":"<div id=\"fws_69ea70c10a231\"  data-column-margin=\"default\" data-midnight=\"dark\"  class=\"wpb_row vc_row-fluid vc_row\"  style=\"padding-top: 0px; padding-bottom: 0px; \"><div class=\"row-bg-wrap\" data-bg-animation=\"none\" data-bg-overlay=\"false\"><div class=\"inner-wrap\"><div class=\"row-bg viewport-desktop\"  style=\"\"><\/div><\/div><\/div><div class=\"row_col_wrap_12 col span_12 dark left\">\n\t<div  class=\"vc_col-sm-12 wpb_column column_container vc_column_container col no-extra-padding inherit_tablet inherit_phone\"  data-padding-pos=\"all\" data-has-bg-color=\"false\" data-bg-color=\"\" data-bg-opacity=\"1\" data-animation=\"\" data-delay=\"0\" >\n\t\t<div class=\"vc_column-inner\" >\n\t\t\t<div class=\"wpb_wrapper\">\n\t\t\t\t\n<div class=\"wpb_text_column wpb_content_element\" >\n\t<div class=\"wpb_wrapper\">\n\t\t<p>Cusco Trail Camp<\/p>\n<p data-pm-slice=\"1 1 &#091;&#093;\">Esta vez nos vamos al Cusco a nuestro entorno natural, a simular diferentes condiciones de carrera pero en la ruta de la Adidas Andes Race. Podremos recorrer parte de la ruta de los 100K y podr\u00e1s vivir lo que viven los corredores de esta distancia.<\/p>\n\t<\/div>\n<\/div>\n\n\n\n<div class=\"divider-wrap\" data-alignment=\"default\"><div style=\"margin-top: 12.5px; height: 1px; margin-bottom: 12.5px;\" data-width=\"100%\" data-animate=\"\" data-animation-delay=\"\" data-color=\"default\" class=\"divider-border\"><\/div><\/div>\n\t\t\t<\/div> \n\t\t<\/div>\n\t<\/div> \n<\/div><\/div>\n\t\t<div id=\"fws_69ea70c10a6d7\"  data-column-margin=\"default\" data-midnight=\"dark\"  class=\"wpb_row vc_row-fluid vc_row\"  style=\"padding-top: 0px; padding-bottom: 0px; \"><div class=\"row-bg-wrap\" data-bg-animation=\"none\" data-bg-overlay=\"false\"><div class=\"inner-wrap\"><div class=\"row-bg viewport-desktop\"  style=\"\"><\/div><\/div><\/div><div class=\"row_col_wrap_12 col span_12 dark left\">\n\t<div  class=\"vc_col-sm-8 wpb_column column_container vc_column_container col no-extra-padding inherit_tablet inherit_phone\"  data-padding-pos=\"all\" data-has-bg-color=\"false\" data-bg-color=\"\" data-bg-opacity=\"1\" data-animation=\"\" data-delay=\"0\" >\n\t\t<div class=\"vc_column-inner\" >\n\t\t\t<div class=\"wpb_wrapper\">\n\t\t\t\t\n<div class=\"wpb_text_column wpb_content_element\" >\n\t<div class=\"wpb_wrapper\">\n\t\t<p><strong>Datos T\u00e9cnicos<\/strong><\/p>\n<p data-pm-slice=\"1 1 &#091;&#093;\">\u00bfQu\u00e9 cosa veremos en el camp?<\/p>\n<ul>\n<li>Principios b\u00e1sicos para practicar el trail running de noche.<\/li>\n<li>Clima y seguridad.<\/li>\n<li>Equipamiento b\u00e1sico.<\/li>\n<li>Principios b\u00e1sicos de entrenamiento.<\/li>\n<li>Cierre con conversatorio<\/li>\n<li>Salida corta para conocer los diferentes tipos de terrenos.<\/li>\n<\/ul>\n\t<\/div>\n<\/div>\n\n\n\n<div class=\"divider-wrap\" data-alignment=\"default\"><div style=\"margin-top: 12.5px; height: 1px; margin-bottom: 12.5px;\" data-width=\"100%\" data-animate=\"\" data-animation-delay=\"\" data-color=\"default\" class=\"divider-border\"><\/div><\/div>\n<div class=\"wpb_text_column wpb_content_element\" >\n\t<div class=\"wpb_wrapper\">\n\t\t<p><strong>\u00bfQu\u00e9 Incluye?<\/strong><\/p>\n<p data-pm-slice=\"1 3 &#091;&#093;\">Incluye:<\/p>\n<ul>\n<li>03 noches de hotel en acomodaci\u00f3n doble en el Cordillera Blanca Lodge.<\/li>\n<li>03 desayunos, 03 almuerzos y 03 cenas.<\/li>\n<li>Seguridad en ruta.<\/li>\n<li>Traslados In\/out al hotel<\/li>\n<\/ul>\n<p>No Incluye<\/p>\n<ul>\n<li>Actividades extras no detalladas en el itinerario<\/li>\n<li>Bebidas extras no especificadas en el men\u00fa<\/li>\n<li>Bebidas alcoh\u00f3licas<\/li>\n<li>Propinas en caso aplique<\/li>\n<\/ul>\n\t<\/div>\n<\/div>\n\n\n\n<div class=\"divider-wrap\" data-alignment=\"default\"><div style=\"margin-top: 12.5px; height: 1px; margin-bottom: 12.5px;\" data-width=\"100%\" data-animate=\"\" data-animation-delay=\"\" data-color=\"default\" class=\"divider-border\"><\/div><\/div>\n<div class=\"wpb_text_column wpb_content_element\" >\n\t<div class=\"wpb_wrapper\">\n\t\t<p><strong>Equipo Obligatorio<\/strong><\/p>\n<ul>\n<li><strong>Mochila de carrera<\/strong><\/li>\n<li><strong>Luz Frontal y luz roja trasera<\/strong><\/li>\n<li><strong>Sistema de\u00a0Hidrataci\u00f3n de m\u00ednimo 1.5 Litros<\/strong><\/li>\n<li><strong>Manta t\u00e9rmica de Supervivencia<\/strong><\/li>\n<li><strong>Navaja (peque\u00f1a)<\/strong><\/li>\n<li><strong>Kit de Primeros Auxilios B\u00e1sico (pastillas de uso personal, 2 antial\u00e9rgicos, gasa, esparadrapo)<\/strong><\/li>\n<li><strong>Casaca cortaviento\u00a0<\/strong><\/li>\n<li><strong>Silbato<\/strong><\/li>\n<li><strong>Espejo<\/strong><\/li>\n<li><strong>Tener guardado el n\u00famero de EMERGENCIA de la organizaci\u00f3n<\/strong><\/li>\n<\/ul>\n<p><em>RECOMENDADO:\u00a0<\/em><\/p>\n<ul>\n<li><em>Abrigo\u00a0(Casaca,\u00a0sueter\u00a0t\u00e9rmico o polar)<\/em><\/li>\n<li><em>Lentes de sol<\/em><\/li>\n<li><em>Bloqueador solar<\/em><\/li>\n<li><em>Guantes<\/em><\/li>\n<li><em>Gorro\u00a0de abrigo o\u00a0bandana<\/em><\/li>\n<\/ul>\n\t<\/div>\n<\/div>\n\n\n\n<div class=\"divider-wrap\" data-alignment=\"default\"><div style=\"margin-top: 12.5px; height: 1px; margin-bottom: 12.5px;\" data-width=\"100%\" data-animate=\"\" data-animation-delay=\"\" data-color=\"default\" class=\"divider-border\"><\/div><\/div>\n<div class=\"wpb_text_column wpb_content_element\" >\n\t<div class=\"wpb_wrapper\">\n\t\t<p><strong>Itinerario Tur\u00edstico Detallado \u2013 Cusco<\/strong><\/p>\n<h2 data-pm-slice=\"1 1 &#091;&#093;\"><strong>Itinerario Tur\u00edstico Detallado \u2013 Valle Sagrado<\/strong><\/h2>\n<h3><strong>D\u00eda 1 \u2013 Llegada y aclimataci\u00f3n en el Valle Sagrado<\/strong><\/h3>\n<ul>\n<li><strong>Traslado al hotel<\/strong><br \/>\nRecojo en el aeropuerto y traslado a nuestro hotel en el <strong>Valle Sagrado de los Inkas<\/strong>, ubicado en un entorno natural privilegiado.<\/li>\n<li><strong>Aclimataci\u00f3n<\/strong><br \/>\nMa\u00f1ana libre para aclimatarse a la altura y disfrutar del paisaje andino.<\/li>\n<li><strong>Almuerzo<\/strong><br \/>\nAlmuerzo en el hotel con productos locales.<\/li>\n<li><strong>Charla t\u00e9cnica<\/strong><br \/>\nRevisi\u00f3n de la ruta del d\u00eda siguiente y nociones b\u00e1sicas de seguridad en monta\u00f1a.<\/li>\n<li><strong>Cena<\/strong><br \/>\nCena en el hotel.<\/li>\n<li><strong>Noche de hotel<\/strong><br \/>\nAlojamiento en el Valle Sagrado.<\/li>\n<\/ul>\n<hr \/>\n<h3><strong>D\u00eda 2 \u2013 Caminos Inkas: Valle Sagrado<\/strong><\/h3>\n<ul>\n<li><strong>Traslado ida y vuelta al punto de partida<\/strong><br \/>\nTransporte hacia el inicio del entrenamiento.<\/li>\n<li><strong>Inka Trail<\/strong><br \/>\nTrail running por el <strong>Valle Sagrado<\/strong>, recorriendo caminos incas, bosques andinos y vistas espectaculares de la cordillera de <strong>Los Andes<\/strong>.<\/li>\n<li><strong>Almuerzo<\/strong><br \/>\nAlmuerzo en el hotel.<\/li>\n<li><strong>Charla<\/strong><br \/>\nExplicaci\u00f3n de la actividad del d\u00eda siguiente y pautas de seguridad.<\/li>\n<li><strong>Cena<\/strong><br \/>\nCena en el hotel.<\/li>\n<li><strong>Noche de hotel<\/strong><br \/>\nNoche en el hotel.<\/li>\n<\/ul>\n<hr \/>\n<h3><strong>D\u00eda 3 \u2013 Trail t\u00e9cnico y experiencia nocturna<\/strong><\/h3>\n<ul>\n<li><strong>Charla<\/strong><br \/>\nCharlas sobre temas de inter\u00e9s y din\u00e1micas grupales.<\/li>\n<li><strong>Almuerzo<\/strong><br \/>\nAlmuerzo en el hotel.<\/li>\n<li><strong>Charla<\/strong><br \/>\nExplicaci\u00f3n de la salida nocturna y recomendaciones de seguridad.<\/li>\n<li><strong>Trail Camp Nocturno<\/strong><br \/>\nCaminata o trote nocturno por los alrededores del hotel, acerc\u00e1ndose a los nevados bajo el cielo andino.<\/li>\n<li><strong>Cena<\/strong><br \/>\nCena en el lodge.<\/li>\n<li><strong>Noche de hotel<\/strong><br \/>\nNoche en el hotel.<\/li>\n<\/ul>\n<hr \/>\n<h3><strong>D\u00eda 4 \u2013 Despedida del Valle Sagrado<\/strong><\/h3>\n<ul>\n<li><strong>Desayuno<\/strong><br \/>\nDesayuno en el hotel con todo el grupo.<\/li>\n<li><strong>Traslado al aeropuerto<\/strong><br \/>\nSalida hacia el aeropuerto para el retorno.<\/li>\n<li><strong>Fin de servicios<\/strong><\/li>\n<\/ul>\n\t<\/div>\n<\/div>\n\n\n\n<div class=\"divider-wrap\" data-alignment=\"default\"><div style=\"margin-top: 12.5px; height: 1px; margin-bottom: 12.5px;\" data-width=\"100%\" data-animate=\"\" data-animation-delay=\"\" data-color=\"default\" class=\"divider-border\"><\/div><\/div>\n\t\t\t<\/div> \n\t\t<\/div>\n\t<\/div> \n\n\t<div  class=\"vc_col-sm-4 wpb_column column_container vc_column_container col no-extra-padding inherit_tablet inherit_phone\"  data-padding-pos=\"all\" data-has-bg-color=\"false\" data-bg-color=\"\" data-bg-opacity=\"1\" data-animation=\"\" data-delay=\"0\" >\n\t\t<div class=\"vc_column-inner\" >\n\t\t\t<div class=\"wpb_wrapper\">\n\t\t\t\t<div class=\"img-with-aniamtion-wrap\" data-max-width=\"100%\" data-max-width-mobile=\"default\" data-shadow=\"none\" data-animation=\"fade-in\" >\n      <div class=\"inner\">\n        <div class=\"hover-wrap\"> \n          <div class=\"hover-wrap-inner\">\n            <img fetchpriority=\"high\" decoding=\"async\" class=\"img-with-animation skip-lazy\" data-delay=\"0\" height=\"1350\" width=\"1080\" data-animation=\"fade-in\" src=\"https:\/\/www.andesrace.pe\/wp-content\/uploads\/2026\/01\/Cusco-Trail-Camp.jpeg\" alt=\"Andes Race Cusco Trail Camp\" srcset=\"https:\/\/www.andesrace.pe\/wp-content\/uploads\/2026\/01\/Cusco-Trail-Camp.jpeg 1080w, https:\/\/www.andesrace.pe\/wp-content\/uploads\/2026\/01\/Cusco-Trail-Camp-240x300.jpeg 240w, https:\/\/www.andesrace.pe\/wp-content\/uploads\/2026\/01\/Cusco-Trail-Camp-819x1024.jpeg 819w, https:\/\/www.andesrace.pe\/wp-content\/uploads\/2026\/01\/Cusco-Trail-Camp-768x960.jpeg 768w, https:\/\/www.andesrace.pe\/wp-content\/uploads\/2026\/01\/Cusco-Trail-Camp-10x12.jpeg 10w, https:\/\/www.andesrace.pe\/wp-content\/uploads\/2026\/01\/Cusco-Trail-Camp-600x750.jpeg 600w\" sizes=\"(max-width: 1080px) 100vw, 1080px\" \/>\n          <\/div>\n        <\/div>\n      <\/div>\n    <\/div>\n<div class=\"wpb_text_column wpb_content_element\" >\n\t<div class=\"wpb_wrapper\">\n\t\t<p><strong>Precio:<\/strong> USD 790<\/p>\n<p>* Cont\u00e1ctanos a registros@andesrace.pe si deseas financiarlo en partes.<\/p>\n\t<\/div>\n<\/div>\n\n\n\n<div class=\"divider-wrap\" data-alignment=\"default\"><div style=\"height: 25px;\" class=\"divider\"><\/div><\/div>\n<div class=\"wpb_text_column wpb_content_element\" >\n\t<div class=\"wpb_wrapper\">\n\t\t<h4>Inscr\u00edbete en nuestra app<\/h4>\n\t<\/div>\n<\/div>\n\n\n\n<a class=\"nectar-button small regular extra-color-2  regular-button\"  style=\"\"  href=\"https:\/\/apps.apple.com\/pe\/app\/andes-race\/id6749581804\" data-color-override=\"false\" data-hover-color-override=\"false\" data-hover-text-color-override=\"#fff\"><span>App Store<\/span><\/a><a class=\"nectar-button small regular extra-color-1  regular-button\"  style=\"\"  href=\"https:\/\/play.google.com\/store\/apps\/details?id=com.andesrace.andesapp.com&amp;pcampaignid=web_share\" data-color-override=\"false\" data-hover-color-override=\"false\" data-hover-text-color-override=\"#fff\"><span>Google Play<\/span><\/a>\n\t\t\t<\/div> \n\t\t<\/div>\n\t<\/div> \n<\/div><\/div>","protected":false},"excerpt":{"rendered":"Cusco Trail Camp Esta vez nos vamos al Cusco a nuestro entorno natural, a simular diferentes condiciones de carrera pero en la ruta de la Adidas Andes Race. Podremos recorrer...","protected":false},"author":1,"featured_media":0,"parent":0,"menu_order":0,"comment_status":"closed","ping_status":"closed","template":"","meta":{"nf_dc_page":"","footnotes":""},"class_list":["post-28372","page","type-page","status-publish"],"yoast_head":"<!-- This site is optimized with the Yoast SEO plugin v26.9 - https:\/\/yoast.com\/product\/yoast-seo-wordpress\/ -->\n<title>Cusco Trail Camp - ANDES RACE<\/title>\n<meta name=\"robots\" content=\"index, follow, max-snippet:-1, max-image-preview:large, max-video-preview:-1\" \/>\n<link rel=\"canonical\" href=\"https:\/\/www.andesrace.pe\/en\/cusco-trail-camp\/\" \/>\n<meta property=\"og:locale\" content=\"en_US\" \/>\n<meta property=\"og:type\" content=\"article\" \/>\n<meta property=\"og:title\" content=\"Cusco Trail Camp - ANDES RACE\" \/>\n<meta property=\"og:url\" content=\"https:\/\/www.andesrace.pe\/en\/cusco-trail-camp\/\" \/>\n<meta property=\"og:site_name\" content=\"ANDES RACE\" \/>\n<meta property=\"article:modified_time\" content=\"2026-01-29T12:42:52+00:00\" \/>\n<meta name=\"twitter:card\" content=\"summary_large_image\" \/>\n<meta name=\"twitter:label1\" content=\"Est. reading time\" \/>\n\t<meta name=\"twitter:data1\" content=\"4 minutes\" \/>\n<script type=\"application\/ld+json\" class=\"yoast-schema-graph\">{\"@context\":\"https:\/\/schema.org\",\"@graph\":[{\"@type\":\"WebPage\",\"@id\":\"https:\/\/www.andesrace.pe\/cusco-trail-camp\/\",\"url\":\"https:\/\/www.andesrace.pe\/cusco-trail-camp\/\",\"name\":\"Cusco Trail Camp - ANDES RACE\",\"isPartOf\":{\"@id\":\"https:\/\/www.andesrace.pe\/#website\"},\"datePublished\":\"2026-01-29T11:54:47+00:00\",\"dateModified\":\"2026-01-29T12:42:52+00:00\",\"breadcrumb\":{\"@id\":\"https:\/\/www.andesrace.pe\/cusco-trail-camp\/#breadcrumb\"},\"inLanguage\":\"en-US\",\"potentialAction\":[{\"@type\":\"ReadAction\",\"target\":[\"https:\/\/www.andesrace.pe\/cusco-trail-camp\/\"]}]},{\"@type\":\"BreadcrumbList\",\"@id\":\"https:\/\/www.andesrace.pe\/cusco-trail-camp\/#breadcrumb\",\"itemListElement\":[{\"@type\":\"ListItem\",\"position\":1,\"name\":\"Portada\",\"item\":\"https:\/\/www.andesrace.pe\/\"},{\"@type\":\"ListItem\",\"position\":2,\"name\":\"Cusco Trail Camp\"}]},{\"@type\":\"WebSite\",\"@id\":\"https:\/\/www.andesrace.pe\/#website\",\"url\":\"https:\/\/www.andesrace.pe\/\",\"name\":\"ANDES RACE\",\"description\":\"The Chaski Challenge\",\"publisher\":{\"@id\":\"https:\/\/www.andesrace.pe\/#organization\"},\"potentialAction\":[{\"@type\":\"SearchAction\",\"target\":{\"@type\":\"EntryPoint\",\"urlTemplate\":\"https:\/\/www.andesrace.pe\/?s={search_term_string}\"},\"query-input\":{\"@type\":\"PropertyValueSpecification\",\"valueRequired\":true,\"valueName\":\"search_term_string\"}}],\"inLanguage\":\"en-US\"},{\"@type\":\"Organization\",\"@id\":\"https:\/\/www.andesrace.pe\/#organization\",\"name\":\"Andes Race\",\"url\":\"https:\/\/www.andesrace.pe\/\",\"logo\":{\"@type\":\"ImageObject\",\"inLanguage\":\"en-US\",\"@id\":\"https:\/\/www.andesrace.pe\/#\/schema\/logo\/image\/\",\"url\":\"https:\/\/www.andesrace.pe\/wp-content\/uploads\/2013\/08\/LOGO.png\",\"contentUrl\":\"https:\/\/www.andesrace.pe\/wp-content\/uploads\/2013\/08\/LOGO.png\",\"width\":400,\"height\":118,\"caption\":\"Andes Race\"},\"image\":{\"@id\":\"https:\/\/www.andesrace.pe\/#\/schema\/logo\/image\/\"}}]}<\/script>\n<!-- \/ Yoast SEO plugin. -->","yoast_head_json":{"title":"Cusco Trail Camp - ANDES RACE","robots":{"index":"index","follow":"follow","max-snippet":"max-snippet:-1","max-image-preview":"max-image-preview:large","max-video-preview":"max-video-preview:-1"},"canonical":"https:\/\/www.andesrace.pe\/en\/cusco-trail-camp\/","og_locale":"en_US","og_type":"article","og_title":"Cusco Trail Camp - ANDES RACE","og_url":"https:\/\/www.andesrace.pe\/en\/cusco-trail-camp\/","og_site_name":"ANDES RACE","article_modified_time":"2026-01-29T12:42:52+00:00","twitter_card":"summary_large_image","twitter_misc":{"Est. reading time":"4 minutes"},"schema":{"@context":"https:\/\/schema.org","@graph":[{"@type":"WebPage","@id":"https:\/\/www.andesrace.pe\/cusco-trail-camp\/","url":"https:\/\/www.andesrace.pe\/cusco-trail-camp\/","name":"Cusco Trail Camp - ANDES RACE","isPartOf":{"@id":"https:\/\/www.andesrace.pe\/#website"},"datePublished":"2026-01-29T11:54:47+00:00","dateModified":"2026-01-29T12:42:52+00:00","breadcrumb":{"@id":"https:\/\/www.andesrace.pe\/cusco-trail-camp\/#breadcrumb"},"inLanguage":"en-US","potentialAction":[{"@type":"ReadAction","target":["https:\/\/www.andesrace.pe\/cusco-trail-camp\/"]}]},{"@type":"BreadcrumbList","@id":"https:\/\/www.andesrace.pe\/cusco-trail-camp\/#breadcrumb","itemListElement":[{"@type":"ListItem","position":1,"name":"Portada","item":"https:\/\/www.andesrace.pe\/"},{"@type":"ListItem","position":2,"name":"Cusco Trail Camp"}]},{"@type":"WebSite","@id":"https:\/\/www.andesrace.pe\/#website","url":"https:\/\/www.andesrace.pe\/","name":"ANDES RACE","description":"The Chaski Challenge","publisher":{"@id":"https:\/\/www.andesrace.pe\/#organization"},"potentialAction":[{"@type":"SearchAction","target":{"@type":"EntryPoint","urlTemplate":"https:\/\/www.andesrace.pe\/?s={search_term_string}"},"query-input":{"@type":"PropertyValueSpecification","valueRequired":true,"valueName":"search_term_string"}}],"inLanguage":"en-US"},{"@type":"Organization","@id":"https:\/\/www.andesrace.pe\/#organization","name":"Andes Race","url":"https:\/\/www.andesrace.pe\/","logo":{"@type":"ImageObject","inLanguage":"en-US","@id":"https:\/\/www.andesrace.pe\/#\/schema\/logo\/image\/","url":"https:\/\/www.andesrace.pe\/wp-content\/uploads\/2013\/08\/LOGO.png","contentUrl":"https:\/\/www.andesrace.pe\/wp-content\/uploads\/2013\/08\/LOGO.png","width":400,"height":118,"caption":"Andes Race"},"image":{"@id":"https:\/\/www.andesrace.pe\/#\/schema\/logo\/image\/"}}]}},"_links":{"self":[{"href":"https:\/\/www.andesrace.pe\/en\/wp-json\/wp\/v2\/pages\/28372","targetHints":{"allow":["GET"]}}],"collection":[{"href":"https:\/\/www.andesrace.pe\/en\/wp-json\/wp\/v2\/pages"}],"about":[{"href":"https:\/\/www.andesrace.pe\/en\/wp-json\/wp\/v2\/types\/page"}],"author":[{"embeddable":true,"href":"https:\/\/www.andesrace.pe\/en\/wp-json\/wp\/v2\/users\/1"}],"replies":[{"embeddable":true,"href":"https:\/\/www.andesrace.pe\/en\/wp-json\/wp\/v2\/comments?post=28372"}],"version-history":[{"count":5,"href":"https:\/\/www.andesrace.pe\/en\/wp-json\/wp\/v2\/pages\/28372\/revisions"}],"predecessor-version":[{"id":28396,"href":"https:\/\/www.andesrace.pe\/en\/wp-json\/wp\/v2\/pages\/28372\/revisions\/28396"}],"wp:attachment":[{"href":"https:\/\/www.andesrace.pe\/en\/wp-json\/wp\/v2\/media?parent=28372"}],"curies":[{"name":"wp","href":"https:\/\/api.w.org\/{rel}","templated":true}]}}