{"id":15560,"date":"2023-09-08T11:36:02","date_gmt":"2023-09-08T11:36:02","guid":{"rendered":"https:\/\/www.andesrace.pe\/?page_id=15560"},"modified":"2023-09-08T12:04:42","modified_gmt":"2023-09-08T12:04:42","slug":"fotos-andes-race-2023","status":"publish","type":"page","link":"https:\/\/www.andesrace.pe\/en\/fotos-andes-race-2023\/","title":{"rendered":"Fotos Andes Race 2023"},"content":{"rendered":"<div id=\"fws_69ea3e130e6ad\"  data-column-margin=\"default\" data-midnight=\"dark\"  class=\"wpb_row vc_row-fluid vc_row\"  style=\"padding-top: 0px; padding-bottom: 0px; \"><div class=\"row-bg-wrap\" data-bg-animation=\"none\" data-bg-overlay=\"false\"><div class=\"inner-wrap\"><div class=\"row-bg viewport-desktop\"  style=\"\"><\/div><\/div><\/div><div class=\"row_col_wrap_12 col span_12 dark left\">\n\t<div  class=\"vc_col-sm-12 wpb_column column_container vc_column_container col no-extra-padding inherit_tablet inherit_phone\"  data-padding-pos=\"all\" data-has-bg-color=\"false\" data-bg-color=\"\" data-bg-opacity=\"1\" data-animation=\"\" data-delay=\"0\" >\n\t\t<div class=\"vc_column-inner\" >\n\t\t\t<div class=\"wpb_wrapper\">\n\t\t\t\t<div class=\"nectar-text-inline-images nectar-link-underline-effect nectar-text-inline-images--animation_none\"><div class=\"nectar-text-inline-images__inner\">\n<h1 style=\"text-align: center;\">Galer\u00edas de Fotos Andes Race 2023<\/h1>\n<\/div><\/div>\n\t\t\t<\/div> \n\t\t<\/div>\n\t<\/div> \n<\/div><\/div>\n\t\t<div id=\"fws_69ea3e130eaa5\"  data-column-margin=\"default\" data-midnight=\"dark\"  class=\"wpb_row vc_row-fluid vc_row\"  style=\"padding-top: 0px; padding-bottom: 0px; \"><div class=\"row-bg-wrap\" data-bg-animation=\"none\" data-bg-overlay=\"false\"><div class=\"inner-wrap\"><div class=\"row-bg viewport-desktop\"  style=\"\"><\/div><\/div><\/div><div class=\"row_col_wrap_12 col span_12 dark left\">\n\t<div  class=\"vc_col-sm-12 wpb_column column_container vc_column_container col no-extra-padding inherit_tablet inherit_phone\"  data-padding-pos=\"all\" data-has-bg-color=\"false\" data-bg-color=\"\" data-bg-opacity=\"1\" data-animation=\"\" data-delay=\"0\" >\n\t\t<div class=\"vc_column-inner\" >\n\t\t\t<div class=\"wpb_wrapper\">\n\t\t\t\t\n<div class=\"wpb_text_column wpb_content_element\" >\n\t<div class=\"wpb_wrapper\">\n\t\t<h2>\u00c1lbum 1<\/h2>\n<h2>Previa mi\u00e9rcoles y jueves<\/h2>\n\t<\/div>\n<\/div>\n\n\n\n<a class=\"nectar-button jumbo regular accent-color  regular-button\"  style=\"\" target=\"_blank\" href=\"https:\/\/1drv.ms\/f\/s!AqMPfKFS1bplm0Gv0eoEKag5H1cG?e=iUgM8I\" data-color-override=\"false\" data-hover-color-override=\"false\" data-hover-text-color-override=\"#fff\"><span>Album 1 Aqu\u00ed<\/span><\/a>\n\t\t\t<\/div> \n\t\t<\/div>\n\t<\/div> \n<\/div><\/div>\n\t\t<div id=\"fws_69ea3e130edf0\"  data-column-margin=\"default\" data-midnight=\"dark\"  class=\"wpb_row vc_row-fluid vc_row\"  style=\"padding-top: 0px; padding-bottom: 0px; \"><div class=\"row-bg-wrap\" data-bg-animation=\"none\" data-bg-overlay=\"false\"><div class=\"inner-wrap\"><div class=\"row-bg viewport-desktop\"  style=\"\"><\/div><\/div><\/div><div class=\"row_col_wrap_12 col span_12 dark left\">\n\t<div  class=\"vc_col-sm-12 wpb_column column_container vc_column_container col no-extra-padding inherit_tablet inherit_phone\"  data-padding-pos=\"all\" data-has-bg-color=\"false\" data-bg-color=\"\" data-bg-opacity=\"1\" data-animation=\"\" data-delay=\"0\" >\n\t\t<div class=\"vc_column-inner\" >\n\t\t\t<div class=\"wpb_wrapper\">\n\t\t\t\t\n<div class=\"wpb_text_column wpb_content_element\" >\n\t<div class=\"wpb_wrapper\">\n\t\t<h2>\u00c1lbum 2<\/h2>\n<h2>Viernes 100K<\/h2>\n\t<\/div>\n<\/div>\n\n\n\n<a class=\"nectar-button jumbo regular accent-color  regular-button\"  style=\"\" target=\"_blank\" href=\"https:\/\/1drv.ms\/f\/s!AqMPfKFS1bplm12DTZS8IsaYzn5Z?e=SbHkue\" data-color-override=\"false\" data-hover-color-override=\"false\" data-hover-text-color-override=\"#fff\"><span>Album 2 Aqu\u00ed<\/span><\/a>\n\t\t\t<\/div> \n\t\t<\/div>\n\t<\/div> \n<\/div><\/div>\n\t\t<div id=\"fws_69ea3e130f01e\"  data-column-margin=\"default\" data-midnight=\"dark\"  class=\"wpb_row vc_row-fluid vc_row\"  style=\"padding-top: 0px; padding-bottom: 0px; \"><div class=\"row-bg-wrap\" data-bg-animation=\"none\" data-bg-overlay=\"false\"><div class=\"inner-wrap\"><div class=\"row-bg viewport-desktop\"  style=\"\"><\/div><\/div><\/div><div class=\"row_col_wrap_12 col span_12 dark left\">\n\t<div  class=\"vc_col-sm-12 wpb_column column_container vc_column_container col no-extra-padding inherit_tablet inherit_phone\"  data-padding-pos=\"all\" data-has-bg-color=\"false\" data-bg-color=\"\" data-bg-opacity=\"1\" data-animation=\"\" data-delay=\"0\" >\n\t\t<div class=\"vc_column-inner\" >\n\t\t\t<div class=\"wpb_wrapper\">\n\t\t\t\t\n<div class=\"wpb_text_column wpb_content_element\" >\n\t<div class=\"wpb_wrapper\">\n\t\t<h2>\u00c1lbum 3<\/h2>\n<h2>S\u00e1bado 100K, 60K &amp; 30K<\/h2>\n\t<\/div>\n<\/div>\n\n\n\n<a class=\"nectar-button jumbo regular accent-color  regular-button\"  style=\"\" target=\"_blank\" href=\"https:\/\/1drv.ms\/f\/s!AqMPfKFS1bplnB0bb_Y6kjpL7ad3?e=YYwSap\" data-color-override=\"false\" data-hover-color-override=\"false\" data-hover-text-color-override=\"#fff\"><span>Album 3 Aqu\u00ed<\/span><\/a>\n\t\t\t<\/div> \n\t\t<\/div>\n\t<\/div> \n<\/div><\/div>\n\t\t<div id=\"fws_69ea3e130f256\"  data-column-margin=\"default\" data-midnight=\"dark\"  class=\"wpb_row vc_row-fluid vc_row\"  style=\"padding-top: 0px; padding-bottom: 0px; \"><div class=\"row-bg-wrap\" data-bg-animation=\"none\" data-bg-overlay=\"false\"><div class=\"inner-wrap\"><div class=\"row-bg viewport-desktop\"  style=\"\"><\/div><\/div><\/div><div class=\"row_col_wrap_12 col span_12 dark left\">\n\t<div  class=\"vc_col-sm-12 wpb_column column_container vc_column_container col no-extra-padding inherit_tablet inherit_phone\"  data-padding-pos=\"all\" data-has-bg-color=\"false\" data-bg-color=\"\" data-bg-opacity=\"1\" data-animation=\"\" data-delay=\"0\" >\n\t\t<div class=\"vc_column-inner\" >\n\t\t\t<div class=\"wpb_wrapper\">\n\t\t\t\t<div class=\"img-with-aniamtion-wrap\" data-max-width=\"100%\" data-max-width-mobile=\"default\" data-shadow=\"none\" data-animation=\"fade-in\" >\n      <div class=\"inner\">\n        <div class=\"hover-wrap\"> \n          <div class=\"hover-wrap-inner\">\n            <a href=\"https:\/\/lachaytrail.com\/\" target=\"_blank\" class=\"\">\n              <img fetchpriority=\"high\" decoding=\"async\" class=\"img-with-animation skip-lazy\" data-delay=\"0\" height=\"500\" width=\"1500\" data-animation=\"fade-in\" src=\"https:\/\/www.andesrace.pe\/wp-content\/uploads\/2023\/09\/Volvemos-a-Lachay.png\" alt=\"\" srcset=\"https:\/\/www.andesrace.pe\/wp-content\/uploads\/2023\/09\/Volvemos-a-Lachay.png 1500w, https:\/\/www.andesrace.pe\/wp-content\/uploads\/2023\/09\/Volvemos-a-Lachay-600x200.png 600w, https:\/\/www.andesrace.pe\/wp-content\/uploads\/2023\/09\/Volvemos-a-Lachay-300x100.png 300w, https:\/\/www.andesrace.pe\/wp-content\/uploads\/2023\/09\/Volvemos-a-Lachay-1024x341.png 1024w, https:\/\/www.andesrace.pe\/wp-content\/uploads\/2023\/09\/Volvemos-a-Lachay-768x256.png 768w, https:\/\/www.andesrace.pe\/wp-content\/uploads\/2023\/09\/Volvemos-a-Lachay-18x6.png 18w\" sizes=\"(max-width: 1500px) 100vw, 1500px\" \/>\n            <\/a>\n          <\/div>\n        <\/div>\n      <\/div>\n      <\/div>\n\t\t\t<\/div> \n\t\t<\/div>\n\t<\/div> \n<\/div><\/div>\n\t\t<div id=\"fws_69ea3e130f73b\"  data-column-margin=\"default\" data-midnight=\"dark\"  class=\"wpb_row vc_row-fluid vc_row\"  style=\"padding-top: 0px; padding-bottom: 0px; \"><div class=\"row-bg-wrap\" data-bg-animation=\"none\" data-bg-overlay=\"false\"><div class=\"inner-wrap\"><div class=\"row-bg viewport-desktop\"  style=\"\"><\/div><\/div><\/div><div class=\"row_col_wrap_12 col span_12 dark left\">\n\t<div  class=\"vc_col-sm-12 wpb_column column_container vc_column_container col no-extra-padding inherit_tablet inherit_phone\"  data-padding-pos=\"all\" data-has-bg-color=\"false\" data-bg-color=\"\" data-bg-opacity=\"1\" data-animation=\"\" data-delay=\"0\" >\n\t\t<div class=\"vc_column-inner\" >\n\t\t\t<div class=\"wpb_wrapper\">\n\t\t\t\t\n\t<div class=\"wpb_video_widget wpb_content_element vc_clearfix   vc_video-aspect-ratio-169 vc_video-el-width-100 vc_video-align-center\" >\n\t\t<div class=\"wpb_wrapper\">\n\t\t\t\n\t\t\t<div class=\"wpb_video_wrapper\"><iframe title=\"\u00a1El 16 de Octubre regresamos a Lachay!\" width=\"1080\" height=\"608\" src=\"https:\/\/www.youtube.com\/embed\/sJh0CCjb5I0?feature=oembed\" frameborder=\"0\" allow=\"accelerometer; autoplay; clipboard-write; encrypted-media; gyroscope; picture-in-picture; web-share\" allowfullscreen><\/iframe><\/div>\n\t\t<\/div>\n\t<\/div>\n\n\t\t\t<\/div> \n\t\t<\/div>\n\t<\/div> \n<\/div><\/div>","protected":false},"excerpt":{"rendered":"Galer\u00edas de Fotos Andes Race 2023 \u00c1lbum 1 Previa mi\u00e9rcoles y jueves Album 1 Aqu\u00ed \u00c1lbum 2 Viernes 100K Album 2 Aqu\u00ed \u00c1lbum 3 S\u00e1bado 100K, 60K &amp; 30K Album...","protected":false},"author":1,"featured_media":0,"parent":0,"menu_order":0,"comment_status":"closed","ping_status":"closed","template":"","meta":{"nf_dc_page":"","footnotes":""},"class_list":["post-15560","page","type-page","status-publish"],"yoast_head":"<!-- This site is optimized with the Yoast SEO plugin v26.9 - https:\/\/yoast.com\/product\/yoast-seo-wordpress\/ -->\n<title>Fotos Andes Race 2023 - ANDES RACE<\/title>\n<meta name=\"description\" content=\"Las mejores fotos Andes Race 2023 a cargo del fot\u00f3grafo argentino Diego Winitzky, quien vino a Per\u00fa para la cobertura de nuestra VII Edici\u00f3n.\" \/>\n<meta name=\"robots\" content=\"index, follow, max-snippet:-1, max-image-preview:large, max-video-preview:-1\" \/>\n<link rel=\"canonical\" href=\"https:\/\/www.andesrace.pe\/en\/fotos-andes-race-2023\/\" \/>\n<meta property=\"og:locale\" content=\"en_US\" \/>\n<meta property=\"og:type\" content=\"article\" \/>\n<meta property=\"og:title\" content=\"Fotos Andes Race 2023 - ANDES RACE\" \/>\n<meta property=\"og:description\" content=\"Las mejores fotos Andes Race 2023 a cargo del fot\u00f3grafo argentino Diego Winitzky, quien vino a Per\u00fa para la cobertura de nuestra VII Edici\u00f3n.\" \/>\n<meta property=\"og:url\" content=\"https:\/\/www.andesrace.pe\/en\/fotos-andes-race-2023\/\" \/>\n<meta property=\"og:site_name\" content=\"ANDES RACE\" \/>\n<meta property=\"article:modified_time\" content=\"2023-09-08T12:04:42+00:00\" \/>\n<meta name=\"twitter:card\" content=\"summary_large_image\" \/>\n<meta name=\"twitter:label1\" content=\"Est. reading time\" \/>\n\t<meta name=\"twitter:data1\" content=\"2 minutes\" \/>\n<script type=\"application\/ld+json\" class=\"yoast-schema-graph\">{\"@context\":\"https:\/\/schema.org\",\"@graph\":[{\"@type\":\"WebPage\",\"@id\":\"https:\/\/www.andesrace.pe\/fotos-andes-race-2023\/\",\"url\":\"https:\/\/www.andesrace.pe\/fotos-andes-race-2023\/\",\"name\":\"Fotos Andes Race 2023 - ANDES RACE\",\"isPartOf\":{\"@id\":\"https:\/\/www.andesrace.pe\/#website\"},\"datePublished\":\"2023-09-08T11:36:02+00:00\",\"dateModified\":\"2023-09-08T12:04:42+00:00\",\"description\":\"Las mejores fotos Andes Race 2023 a cargo del fot\u00f3grafo argentino Diego Winitzky, quien vino a Per\u00fa para la cobertura de nuestra VII Edici\u00f3n.\",\"breadcrumb\":{\"@id\":\"https:\/\/www.andesrace.pe\/fotos-andes-race-2023\/#breadcrumb\"},\"inLanguage\":\"en-US\",\"potentialAction\":[{\"@type\":\"ReadAction\",\"target\":[\"https:\/\/www.andesrace.pe\/fotos-andes-race-2023\/\"]}]},{\"@type\":\"BreadcrumbList\",\"@id\":\"https:\/\/www.andesrace.pe\/fotos-andes-race-2023\/#breadcrumb\",\"itemListElement\":[{\"@type\":\"ListItem\",\"position\":1,\"name\":\"Portada\",\"item\":\"https:\/\/www.andesrace.pe\/\"},{\"@type\":\"ListItem\",\"position\":2,\"name\":\"Fotos Andes Race 2023\"}]},{\"@type\":\"WebSite\",\"@id\":\"https:\/\/www.andesrace.pe\/#website\",\"url\":\"https:\/\/www.andesrace.pe\/\",\"name\":\"ANDES RACE\",\"description\":\"The Chaski Challenge\",\"publisher\":{\"@id\":\"https:\/\/www.andesrace.pe\/#organization\"},\"potentialAction\":[{\"@type\":\"SearchAction\",\"target\":{\"@type\":\"EntryPoint\",\"urlTemplate\":\"https:\/\/www.andesrace.pe\/?s={search_term_string}\"},\"query-input\":{\"@type\":\"PropertyValueSpecification\",\"valueRequired\":true,\"valueName\":\"search_term_string\"}}],\"inLanguage\":\"en-US\"},{\"@type\":\"Organization\",\"@id\":\"https:\/\/www.andesrace.pe\/#organization\",\"name\":\"Andes Race\",\"url\":\"https:\/\/www.andesrace.pe\/\",\"logo\":{\"@type\":\"ImageObject\",\"inLanguage\":\"en-US\",\"@id\":\"https:\/\/www.andesrace.pe\/#\/schema\/logo\/image\/\",\"url\":\"https:\/\/www.andesrace.pe\/wp-content\/uploads\/2013\/08\/LOGO.png\",\"contentUrl\":\"https:\/\/www.andesrace.pe\/wp-content\/uploads\/2013\/08\/LOGO.png\",\"width\":400,\"height\":118,\"caption\":\"Andes Race\"},\"image\":{\"@id\":\"https:\/\/www.andesrace.pe\/#\/schema\/logo\/image\/\"}}]}<\/script>\n<!-- \/ Yoast SEO plugin. -->","yoast_head_json":{"title":"Fotos Andes Race 2023 - ANDES RACE","description":"Las mejores fotos Andes Race 2023 a cargo del fot\u00f3grafo argentino Diego Winitzky, quien vino a Per\u00fa para la cobertura de nuestra VII Edici\u00f3n.","robots":{"index":"index","follow":"follow","max-snippet":"max-snippet:-1","max-image-preview":"max-image-preview:large","max-video-preview":"max-video-preview:-1"},"canonical":"https:\/\/www.andesrace.pe\/en\/fotos-andes-race-2023\/","og_locale":"en_US","og_type":"article","og_title":"Fotos Andes Race 2023 - ANDES RACE","og_description":"Las mejores fotos Andes Race 2023 a cargo del fot\u00f3grafo argentino Diego Winitzky, quien vino a Per\u00fa para la cobertura de nuestra VII Edici\u00f3n.","og_url":"https:\/\/www.andesrace.pe\/en\/fotos-andes-race-2023\/","og_site_name":"ANDES RACE","article_modified_time":"2023-09-08T12:04:42+00:00","twitter_card":"summary_large_image","twitter_misc":{"Est. reading time":"2 minutes"},"schema":{"@context":"https:\/\/schema.org","@graph":[{"@type":"WebPage","@id":"https:\/\/www.andesrace.pe\/fotos-andes-race-2023\/","url":"https:\/\/www.andesrace.pe\/fotos-andes-race-2023\/","name":"Fotos Andes Race 2023 - ANDES RACE","isPartOf":{"@id":"https:\/\/www.andesrace.pe\/#website"},"datePublished":"2023-09-08T11:36:02+00:00","dateModified":"2023-09-08T12:04:42+00:00","description":"Las mejores fotos Andes Race 2023 a cargo del fot\u00f3grafo argentino Diego Winitzky, quien vino a Per\u00fa para la cobertura de nuestra VII Edici\u00f3n.","breadcrumb":{"@id":"https:\/\/www.andesrace.pe\/fotos-andes-race-2023\/#breadcrumb"},"inLanguage":"en-US","potentialAction":[{"@type":"ReadAction","target":["https:\/\/www.andesrace.pe\/fotos-andes-race-2023\/"]}]},{"@type":"BreadcrumbList","@id":"https:\/\/www.andesrace.pe\/fotos-andes-race-2023\/#breadcrumb","itemListElement":[{"@type":"ListItem","position":1,"name":"Portada","item":"https:\/\/www.andesrace.pe\/"},{"@type":"ListItem","position":2,"name":"Fotos Andes Race 2023"}]},{"@type":"WebSite","@id":"https:\/\/www.andesrace.pe\/#website","url":"https:\/\/www.andesrace.pe\/","name":"ANDES RACE","description":"The Chaski Challenge","publisher":{"@id":"https:\/\/www.andesrace.pe\/#organization"},"potentialAction":[{"@type":"SearchAction","target":{"@type":"EntryPoint","urlTemplate":"https:\/\/www.andesrace.pe\/?s={search_term_string}"},"query-input":{"@type":"PropertyValueSpecification","valueRequired":true,"valueName":"search_term_string"}}],"inLanguage":"en-US"},{"@type":"Organization","@id":"https:\/\/www.andesrace.pe\/#organization","name":"Andes Race","url":"https:\/\/www.andesrace.pe\/","logo":{"@type":"ImageObject","inLanguage":"en-US","@id":"https:\/\/www.andesrace.pe\/#\/schema\/logo\/image\/","url":"https:\/\/www.andesrace.pe\/wp-content\/uploads\/2013\/08\/LOGO.png","contentUrl":"https:\/\/www.andesrace.pe\/wp-content\/uploads\/2013\/08\/LOGO.png","width":400,"height":118,"caption":"Andes Race"},"image":{"@id":"https:\/\/www.andesrace.pe\/#\/schema\/logo\/image\/"}}]}},"_links":{"self":[{"href":"https:\/\/www.andesrace.pe\/en\/wp-json\/wp\/v2\/pages\/15560","targetHints":{"allow":["GET"]}}],"collection":[{"href":"https:\/\/www.andesrace.pe\/en\/wp-json\/wp\/v2\/pages"}],"about":[{"href":"https:\/\/www.andesrace.pe\/en\/wp-json\/wp\/v2\/types\/page"}],"author":[{"embeddable":true,"href":"https:\/\/www.andesrace.pe\/en\/wp-json\/wp\/v2\/users\/1"}],"replies":[{"embeddable":true,"href":"https:\/\/www.andesrace.pe\/en\/wp-json\/wp\/v2\/comments?post=15560"}],"version-history":[{"count":3,"href":"https:\/\/www.andesrace.pe\/en\/wp-json\/wp\/v2\/pages\/15560\/revisions"}],"predecessor-version":[{"id":15563,"href":"https:\/\/www.andesrace.pe\/en\/wp-json\/wp\/v2\/pages\/15560\/revisions\/15563"}],"wp:attachment":[{"href":"https:\/\/www.andesrace.pe\/en\/wp-json\/wp\/v2\/media?parent=15560"}],"curies":[{"name":"wp","href":"https:\/\/api.w.org\/{rel}","templated":true}]}}