{"id":15054,"date":"2023-07-13T17:32:29","date_gmt":"2023-07-13T17:32:29","guid":{"rendered":"https:\/\/www.andesrace.pe\/?page_id=15054"},"modified":"2023-12-13T11:59:06","modified_gmt":"2023-12-13T11:59:06","slug":"viaje-a-machu-picchu","status":"publish","type":"page","link":"https:\/\/www.andesrace.pe\/en\/viaje-a-machu-picchu\/","title":{"rendered":"Viaje a Machu Picchu"},"content":{"rendered":"<div id=\"fws_69ea3e7133438\"  data-column-margin=\"default\" data-midnight=\"dark\"  class=\"wpb_row vc_row-fluid vc_row\"  style=\"padding-top: 0px; padding-bottom: 0px; \"><div class=\"row-bg-wrap\" data-bg-animation=\"none\" data-bg-overlay=\"false\"><div class=\"inner-wrap\"><div class=\"row-bg viewport-desktop\"  style=\"\"><\/div><\/div><\/div><div class=\"row_col_wrap_12 col span_12 dark left\">\n\t<div  class=\"vc_col-sm-12 wpb_column column_container vc_column_container col no-extra-padding inherit_tablet inherit_phone\"  data-padding-pos=\"all\" data-has-bg-color=\"false\" data-bg-color=\"\" data-bg-opacity=\"1\" data-animation=\"\" data-delay=\"0\" >\n\t\t<div class=\"vc_column-inner\" >\n\t\t\t<div class=\"wpb_wrapper\">\n\t\t\t\t<div class=\"divider-wrap\" data-alignment=\"default\"><div style=\"margin-top: 12.5px; height: 1px; margin-bottom: 12.5px;\" data-width=\"100%\" data-animate=\"\" data-animation-delay=\"\" data-color=\"default\" class=\"divider-border\"><\/div><\/div>\n\t\t\t<\/div> \n\t\t<\/div>\n\t<\/div> \n<\/div><\/div>\n\t\t<div id=\"fws_69ea3e7133785\"  data-column-margin=\"default\" data-midnight=\"dark\"  class=\"wpb_row vc_row-fluid vc_row\"  style=\"padding-top: 0px; padding-bottom: 0px; \"><div class=\"row-bg-wrap\" data-bg-animation=\"none\" data-bg-overlay=\"false\"><div class=\"inner-wrap\"><div class=\"row-bg viewport-desktop\"  style=\"\"><\/div><\/div><\/div><div class=\"row_col_wrap_12 col span_12 dark left\">\n\t<div  class=\"vc_col-sm-4 wpb_column column_container vc_column_container col no-extra-padding inherit_tablet inherit_phone\"  data-padding-pos=\"all\" data-has-bg-color=\"false\" data-bg-color=\"\" data-bg-opacity=\"1\" data-animation=\"\" data-delay=\"0\" >\n\t\t<div class=\"vc_column-inner\" >\n\t\t\t<div class=\"wpb_wrapper\">\n\t\t\t\t<div class=\"img-with-aniamtion-wrap\" data-max-width=\"100%\" data-max-width-mobile=\"default\" data-shadow=\"none\" data-animation=\"fade-in\" >\n      <div class=\"inner\">\n        <div class=\"hover-wrap\"> \n          <div class=\"hover-wrap-inner\">\n            <img fetchpriority=\"high\" decoding=\"async\" class=\"img-with-animation skip-lazy\" data-delay=\"0\" height=\"400\" width=\"400\" data-animation=\"fade-in\" src=\"https:\/\/www.andesrace.pe\/wp-content\/uploads\/2023\/07\/Peru-Rail-1-2.png\" alt=\"\" srcset=\"https:\/\/www.andesrace.pe\/wp-content\/uploads\/2023\/07\/Peru-Rail-1-2.png 400w, https:\/\/www.andesrace.pe\/wp-content\/uploads\/2023\/07\/Peru-Rail-1-2-150x150.png 150w, https:\/\/www.andesrace.pe\/wp-content\/uploads\/2023\/07\/Peru-Rail-1-2-300x300.png 300w, https:\/\/www.andesrace.pe\/wp-content\/uploads\/2023\/07\/Peru-Rail-1-2-12x12.png 12w, https:\/\/www.andesrace.pe\/wp-content\/uploads\/2023\/07\/Peru-Rail-1-2-100x100.png 100w, https:\/\/www.andesrace.pe\/wp-content\/uploads\/2023\/07\/Peru-Rail-1-2-140x140.png 140w, https:\/\/www.andesrace.pe\/wp-content\/uploads\/2023\/07\/Peru-Rail-1-2-350x350.png 350w\" sizes=\"(max-width: 400px) 100vw, 400px\" \/>\n          <\/div>\n        <\/div>\n      <\/div>\n    <\/div>\n\t\t\t<\/div> \n\t\t<\/div>\n\t<\/div> \n\n\t<div  class=\"vc_col-sm-8 wpb_column column_container vc_column_container col no-extra-padding inherit_tablet inherit_phone\"  data-padding-pos=\"all\" data-has-bg-color=\"false\" data-bg-color=\"\" data-bg-opacity=\"1\" data-animation=\"\" data-delay=\"0\" >\n\t\t<div class=\"vc_column-inner\" >\n\t\t\t<div class=\"wpb_wrapper\">\n\t\t\t\t\n<div class=\"wpb_text_column wpb_content_element\" >\n\t<div class=\"wpb_wrapper\">\n\t\t<h2>Viaje en tren a Machu Picchu<\/h2>\n\t<\/div>\n<\/div>\n\n\n\n\n<div class=\"wpb_text_column wpb_content_element\" >\n\t<div class=\"wpb_wrapper\">\n\t\t<p>La mejor y \u00fanica forma de viajar a Machu Picchu, y qu\u00e9 mejor que hacer a trav\u00e9s de la empresa de trenes <a href=\"https:\/\/incarail.com\/es\/?gad=1&amp;gclid=CjwKCAjwwb6lBhBJEiwAbuVUSnT5PqKuKNVJIOZ5pmQ3RhbpDSm9vSLo5j2F_LUKnCLe2z_4YKvlXBoC3KoQAvD_BwE\" target=\"_blank\" rel=\"noopener\">Inca Rail<\/a>.\u00a0 Nuestra recomendaci\u00f3n es tomar el tren despues de correr el Andes Race desde la misma estaci\u00f3n del pueblo de Ollantaytambo, siendo este, el lugar de llegada de todas las distancias del Andes Race.<\/p>\n<p>Desde Ollantaytambo, son solo dos horas y media de viaje hasta el pueblo de Aguas Calientes, lugar de donde se toman los buses a la ciudadela de Machu Picchu.<\/p>\n<p>Si el tiempo disponible es corto, nuestra sugerencia seria tomar el \u00faltimo tren que sale al final del d\u00eda para dormir en Aguas Calientes, y al d\u00eda siguiente tomar los primeros buses hacia Machu Picchu para regresar por la tarde.<\/p>\n\t<\/div>\n<\/div>\n\n\n\n\n\t\t\t<\/div> \n\t\t<\/div>\n\t<\/div> \n<\/div><\/div>\n\t\t<div id=\"fws_69ea3e7133d71\"  data-column-margin=\"default\" data-midnight=\"dark\"  class=\"wpb_row vc_row-fluid vc_row\"  style=\"padding-top: 0px; padding-bottom: 0px; \"><div class=\"row-bg-wrap\" data-bg-animation=\"none\" data-bg-overlay=\"false\"><div class=\"inner-wrap\"><div class=\"row-bg viewport-desktop\"  style=\"\"><\/div><\/div><\/div><div class=\"row_col_wrap_12 col span_12 dark left\">\n\t<div  class=\"vc_col-sm-12 wpb_column column_container vc_column_container col no-extra-padding inherit_tablet inherit_phone\"  data-padding-pos=\"all\" data-has-bg-color=\"false\" data-bg-color=\"\" data-bg-opacity=\"1\" data-animation=\"\" data-delay=\"0\" >\n\t\t<div class=\"vc_column-inner\" >\n\t\t\t<div class=\"wpb_wrapper\">\n\t\t\t\t\n<div class=\"wpb_text_column wpb_content_element\" >\n\t<div class=\"wpb_wrapper\">\n\t\t<h2 style=\"text-align: center;\">M\u00e1s programas de Viajes en Cusco <a href=\"https:\/\/www.calameo.com\/read\/00721758218a7e0b96852\" target=\"_blank\" rel=\"noopener\">AQU\u00cd<\/a><\/h2>\n\t<\/div>\n<\/div>\n\n\n\n\n\t\t\t<\/div> \n\t\t<\/div>\n\t<\/div> \n<\/div><\/div>","protected":false},"excerpt":{"rendered":"Viaje en tren a Machu Picchu La mejor y \u00fanica forma de viajar a Machu Picchu, y qu\u00e9 mejor que hacer a trav\u00e9s de la empresa de trenes Inca Rail.\u00a0...","protected":false},"author":1,"featured_media":0,"parent":0,"menu_order":0,"comment_status":"closed","ping_status":"closed","template":"","meta":{"nf_dc_page":"","footnotes":""},"class_list":["post-15054","page","type-page","status-publish"],"yoast_head":"<!-- This site is optimized with the Yoast SEO plugin v26.9 - https:\/\/yoast.com\/product\/yoast-seo-wordpress\/ -->\n<title>Viaje a Machu Picchu - ANDES RACE<\/title>\n<meta name=\"robots\" content=\"index, follow, max-snippet:-1, max-image-preview:large, max-video-preview:-1\" \/>\n<link rel=\"canonical\" href=\"https:\/\/www.andesrace.pe\/en\/viaje-a-machu-picchu\/\" \/>\n<meta property=\"og:locale\" content=\"en_US\" \/>\n<meta property=\"og:type\" content=\"article\" \/>\n<meta property=\"og:title\" content=\"Viaje a Machu Picchu - ANDES RACE\" \/>\n<meta property=\"og:url\" content=\"https:\/\/www.andesrace.pe\/en\/viaje-a-machu-picchu\/\" \/>\n<meta property=\"og:site_name\" content=\"ANDES RACE\" \/>\n<meta property=\"article:modified_time\" content=\"2023-12-13T11:59:06+00:00\" \/>\n<meta name=\"twitter:card\" content=\"summary_large_image\" \/>\n<meta name=\"twitter:label1\" content=\"Est. reading time\" \/>\n\t<meta name=\"twitter:data1\" content=\"2 minutes\" \/>\n<script type=\"application\/ld+json\" class=\"yoast-schema-graph\">{\"@context\":\"https:\/\/schema.org\",\"@graph\":[{\"@type\":\"WebPage\",\"@id\":\"https:\/\/www.andesrace.pe\/viaje-a-machu-picchu\/\",\"url\":\"https:\/\/www.andesrace.pe\/viaje-a-machu-picchu\/\",\"name\":\"Viaje a Machu Picchu - ANDES RACE\",\"isPartOf\":{\"@id\":\"https:\/\/www.andesrace.pe\/#website\"},\"datePublished\":\"2023-07-13T17:32:29+00:00\",\"dateModified\":\"2023-12-13T11:59:06+00:00\",\"breadcrumb\":{\"@id\":\"https:\/\/www.andesrace.pe\/viaje-a-machu-picchu\/#breadcrumb\"},\"inLanguage\":\"en-US\",\"potentialAction\":[{\"@type\":\"ReadAction\",\"target\":[\"https:\/\/www.andesrace.pe\/viaje-a-machu-picchu\/\"]}]},{\"@type\":\"BreadcrumbList\",\"@id\":\"https:\/\/www.andesrace.pe\/viaje-a-machu-picchu\/#breadcrumb\",\"itemListElement\":[{\"@type\":\"ListItem\",\"position\":1,\"name\":\"Portada\",\"item\":\"https:\/\/www.andesrace.pe\/\"},{\"@type\":\"ListItem\",\"position\":2,\"name\":\"Viaje a Machu Picchu\"}]},{\"@type\":\"WebSite\",\"@id\":\"https:\/\/www.andesrace.pe\/#website\",\"url\":\"https:\/\/www.andesrace.pe\/\",\"name\":\"ANDES RACE\",\"description\":\"The Chaski Challenge\",\"publisher\":{\"@id\":\"https:\/\/www.andesrace.pe\/#organization\"},\"potentialAction\":[{\"@type\":\"SearchAction\",\"target\":{\"@type\":\"EntryPoint\",\"urlTemplate\":\"https:\/\/www.andesrace.pe\/?s={search_term_string}\"},\"query-input\":{\"@type\":\"PropertyValueSpecification\",\"valueRequired\":true,\"valueName\":\"search_term_string\"}}],\"inLanguage\":\"en-US\"},{\"@type\":\"Organization\",\"@id\":\"https:\/\/www.andesrace.pe\/#organization\",\"name\":\"Andes Race\",\"url\":\"https:\/\/www.andesrace.pe\/\",\"logo\":{\"@type\":\"ImageObject\",\"inLanguage\":\"en-US\",\"@id\":\"https:\/\/www.andesrace.pe\/#\/schema\/logo\/image\/\",\"url\":\"https:\/\/www.andesrace.pe\/wp-content\/uploads\/2013\/08\/LOGO.png\",\"contentUrl\":\"https:\/\/www.andesrace.pe\/wp-content\/uploads\/2013\/08\/LOGO.png\",\"width\":400,\"height\":118,\"caption\":\"Andes Race\"},\"image\":{\"@id\":\"https:\/\/www.andesrace.pe\/#\/schema\/logo\/image\/\"}}]}<\/script>\n<!-- \/ Yoast SEO plugin. -->","yoast_head_json":{"title":"Viaje a Machu Picchu - ANDES RACE","robots":{"index":"index","follow":"follow","max-snippet":"max-snippet:-1","max-image-preview":"max-image-preview:large","max-video-preview":"max-video-preview:-1"},"canonical":"https:\/\/www.andesrace.pe\/en\/viaje-a-machu-picchu\/","og_locale":"en_US","og_type":"article","og_title":"Viaje a Machu Picchu - ANDES RACE","og_url":"https:\/\/www.andesrace.pe\/en\/viaje-a-machu-picchu\/","og_site_name":"ANDES RACE","article_modified_time":"2023-12-13T11:59:06+00:00","twitter_card":"summary_large_image","twitter_misc":{"Est. reading time":"2 minutes"},"schema":{"@context":"https:\/\/schema.org","@graph":[{"@type":"WebPage","@id":"https:\/\/www.andesrace.pe\/viaje-a-machu-picchu\/","url":"https:\/\/www.andesrace.pe\/viaje-a-machu-picchu\/","name":"Viaje a Machu Picchu - ANDES RACE","isPartOf":{"@id":"https:\/\/www.andesrace.pe\/#website"},"datePublished":"2023-07-13T17:32:29+00:00","dateModified":"2023-12-13T11:59:06+00:00","breadcrumb":{"@id":"https:\/\/www.andesrace.pe\/viaje-a-machu-picchu\/#breadcrumb"},"inLanguage":"en-US","potentialAction":[{"@type":"ReadAction","target":["https:\/\/www.andesrace.pe\/viaje-a-machu-picchu\/"]}]},{"@type":"BreadcrumbList","@id":"https:\/\/www.andesrace.pe\/viaje-a-machu-picchu\/#breadcrumb","itemListElement":[{"@type":"ListItem","position":1,"name":"Portada","item":"https:\/\/www.andesrace.pe\/"},{"@type":"ListItem","position":2,"name":"Viaje a Machu Picchu"}]},{"@type":"WebSite","@id":"https:\/\/www.andesrace.pe\/#website","url":"https:\/\/www.andesrace.pe\/","name":"ANDES RACE","description":"The Chaski Challenge","publisher":{"@id":"https:\/\/www.andesrace.pe\/#organization"},"potentialAction":[{"@type":"SearchAction","target":{"@type":"EntryPoint","urlTemplate":"https:\/\/www.andesrace.pe\/?s={search_term_string}"},"query-input":{"@type":"PropertyValueSpecification","valueRequired":true,"valueName":"search_term_string"}}],"inLanguage":"en-US"},{"@type":"Organization","@id":"https:\/\/www.andesrace.pe\/#organization","name":"Andes Race","url":"https:\/\/www.andesrace.pe\/","logo":{"@type":"ImageObject","inLanguage":"en-US","@id":"https:\/\/www.andesrace.pe\/#\/schema\/logo\/image\/","url":"https:\/\/www.andesrace.pe\/wp-content\/uploads\/2013\/08\/LOGO.png","contentUrl":"https:\/\/www.andesrace.pe\/wp-content\/uploads\/2013\/08\/LOGO.png","width":400,"height":118,"caption":"Andes Race"},"image":{"@id":"https:\/\/www.andesrace.pe\/#\/schema\/logo\/image\/"}}]}},"_links":{"self":[{"href":"https:\/\/www.andesrace.pe\/en\/wp-json\/wp\/v2\/pages\/15054","targetHints":{"allow":["GET"]}}],"collection":[{"href":"https:\/\/www.andesrace.pe\/en\/wp-json\/wp\/v2\/pages"}],"about":[{"href":"https:\/\/www.andesrace.pe\/en\/wp-json\/wp\/v2\/types\/page"}],"author":[{"embeddable":true,"href":"https:\/\/www.andesrace.pe\/en\/wp-json\/wp\/v2\/users\/1"}],"replies":[{"embeddable":true,"href":"https:\/\/www.andesrace.pe\/en\/wp-json\/wp\/v2\/comments?post=15054"}],"version-history":[{"count":5,"href":"https:\/\/www.andesrace.pe\/en\/wp-json\/wp\/v2\/pages\/15054\/revisions"}],"predecessor-version":[{"id":17183,"href":"https:\/\/www.andesrace.pe\/en\/wp-json\/wp\/v2\/pages\/15054\/revisions\/17183"}],"wp:attachment":[{"href":"https:\/\/www.andesrace.pe\/en\/wp-json\/wp\/v2\/media?parent=15054"}],"curies":[{"name":"wp","href":"https:\/\/api.w.org\/{rel}","templated":true}]}}