{"id":14778,"date":"2023-07-06T11:16:24","date_gmt":"2023-07-06T11:16:24","guid":{"rendered":"https:\/\/www.andesrace.pe\/?page_id=14778"},"modified":"2023-07-06T12:49:29","modified_gmt":"2023-07-06T12:49:29","slug":"ultra-panama-trail-series","status":"publish","type":"page","link":"https:\/\/www.andesrace.pe\/en\/ultra-panama-trail-series\/","title":{"rendered":"Ultra Panam\u00e1 Trail Series"},"content":{"rendered":"<div id=\"fws_69f99a17953e0\"  data-column-margin=\"default\" data-midnight=\"dark\"  class=\"wpb_row vc_row-fluid vc_row\"  style=\"padding-top: 0px; padding-bottom: 0px; \"><div class=\"row-bg-wrap\" data-bg-animation=\"none\" data-bg-overlay=\"false\"><div class=\"inner-wrap\"><div class=\"row-bg viewport-desktop\"  style=\"\"><\/div><\/div><\/div><div class=\"row_col_wrap_12 col span_12 dark left\">\n\t<div  class=\"vc_col-sm-12 wpb_column column_container vc_column_container col no-extra-padding inherit_tablet inherit_phone\"  data-padding-pos=\"all\" data-has-bg-color=\"false\" data-bg-color=\"\" data-bg-opacity=\"1\" data-animation=\"\" data-delay=\"0\" >\n\t\t<div class=\"vc_column-inner\" >\n\t\t\t<div class=\"wpb_wrapper\">\n\t\t\t\t<div class=\"divider-wrap\" data-alignment=\"default\"><div style=\"height: 25px;\" class=\"divider\"><\/div><\/div>\n\t\t\t<\/div> \n\t\t<\/div>\n\t<\/div> \n<\/div><\/div>\n\t\t<div id=\"fws_69f99a17956ba\"  data-column-margin=\"default\" data-midnight=\"dark\"  class=\"wpb_row vc_row-fluid vc_row\"  style=\"padding-top: 0px; padding-bottom: 0px; \"><div class=\"row-bg-wrap\" data-bg-animation=\"none\" data-bg-overlay=\"false\"><div class=\"inner-wrap\"><div class=\"row-bg viewport-desktop\"  style=\"\"><\/div><\/div><\/div><div class=\"row_col_wrap_12 col span_12 dark left\">\n\t<div  class=\"vc_col-sm-4 wpb_column column_container vc_column_container col no-extra-padding inherit_tablet inherit_phone\"  data-padding-pos=\"all\" data-has-bg-color=\"false\" data-bg-color=\"\" data-bg-opacity=\"1\" data-animation=\"\" data-delay=\"0\" >\n\t\t<div class=\"vc_column-inner\" >\n\t\t\t<div class=\"wpb_wrapper\">\n\t\t\t\t<div class=\"img-with-aniamtion-wrap  custom-size\" data-max-width=\"100%\" data-max-width-mobile=\"default\" data-shadow=\"none\" data-animation=\"fade-in\" >\n      <div class=\"inner\">\n        <div class=\"hover-wrap\"> \n          <div class=\"hover-wrap-inner\">\n            <img fetchpriority=\"high\" decoding=\"async\" class=\"img-with-animation skip-lazy\" data-delay=\"0\" height=\"400\" width=\"400\" data-animation=\"fade-in\" src=\"https:\/\/www.andesrace.pe\/wp-content\/uploads\/2023\/07\/UPTS-Cover.png\" alt=\"\" srcset=\"https:\/\/www.andesrace.pe\/wp-content\/uploads\/2023\/07\/UPTS-Cover.png 400w, https:\/\/www.andesrace.pe\/wp-content\/uploads\/2023\/07\/UPTS-Cover-150x150.png 150w, https:\/\/www.andesrace.pe\/wp-content\/uploads\/2023\/07\/UPTS-Cover-300x300.png 300w, https:\/\/www.andesrace.pe\/wp-content\/uploads\/2023\/07\/UPTS-Cover-12x12.png 12w, https:\/\/www.andesrace.pe\/wp-content\/uploads\/2023\/07\/UPTS-Cover-100x100.png 100w, https:\/\/www.andesrace.pe\/wp-content\/uploads\/2023\/07\/UPTS-Cover-140x140.png 140w, https:\/\/www.andesrace.pe\/wp-content\/uploads\/2023\/07\/UPTS-Cover-350x350.png 350w\" sizes=\"(max-width: 400px) 100vw, 400px\" \/>\n          <\/div>\n        <\/div>\n      <\/div>\n    <\/div>\n\t\t\t<\/div> \n\t\t<\/div>\n\t<\/div> \n\n\t<div  class=\"vc_col-sm-8 wpb_column column_container vc_column_container col no-extra-padding inherit_tablet inherit_phone\"  data-padding-pos=\"all\" data-has-bg-color=\"false\" data-bg-color=\"\" data-bg-opacity=\"1\" data-animation=\"\" data-delay=\"0\" >\n\t\t<div class=\"vc_column-inner\" >\n\t\t\t<div class=\"wpb_wrapper\">\n\t\t\t\t\n<div class=\"wpb_text_column wpb_content_element\" >\n\t<div class=\"wpb_wrapper\">\n\t\t<h1>Ultra Panam\u00e1 Trail Series<\/h1>\n<p>Ultra Panam\u00e1 Trail Series. Panam\u00e1, puente del mundo coraz\u00f3n del universo, La ciudad del canal, de las grandes edificaciones y la diversidad de cultura, pero si hablamos de Trail Running es el pa\u00eds donde el clima tropical de selva y humedad te ponen a prueba en todo momento.<\/p>\n<p>Santa Fe, ubicado en la provincia ba\u00f1ada de ambos mares Pac\u00edfico y Atl\u00e1ntico en Veraguas, a 5 horas del centro de la capital es la sede de la Ultra Trail Panam\u00e1 Trail Series, carrera que forma parte del <a href=\"https:\/\/circuitolatinoamericanodetrail.com\/\" target=\"_blank\" rel=\"noopener\">Circuito Latinoamericano de Trail<\/a>, se desarrolla dentro del Parque Nacional de Santa Fe, conocido por sus abundantes cascadas y cientos de kil\u00f3metros de selva tropical. Este ser\u00e1 el escenario \u00e9pico, donde tendremos la primera edici\u00f3n de un evento que se considera como el m\u00e1s retador en carreras de trail running en el pa\u00eds.<\/p>\n<p>Dato curioso, la comunidad de Santa Fe es la m\u00e1s antigua de todo Panam\u00e1 y en la ruta los corredores podr\u00e1n ver nacimientos de r\u00edos, m\u00e1s de 50 cascadas y vistas incre\u00edbles al pasar por la cordillera central.<\/p>\n<p><strong>Pa\u00eds: Panam\u00e1<\/strong><br \/>\n<strong>Lugar:<\/strong> Santa F\u00e9<br \/>\n<strong>Modalidad:<\/strong>\u00a0Carrera de trail running<br \/>\n<strong>Distancias:<\/strong> 80km \/ 42km \/ 25km<br \/>\n<strong>Web:<\/strong>\u00a0<a href=\"https:\/\/ultrapanamatrailseries.com\/\" target=\"_blank\" rel=\"noopener\">www.ultrapanamatrailseries.com\/<\/a><br \/>\n<strong>Instagram:<\/strong>\u00a0<a href=\"https:\/\/www.instagram.com\/ultrapanamatrailseries\/\" target=\"_blank\" rel=\"noopener\">@ultrapanamatrailseries<\/a><\/p>\n\t<\/div>\n<\/div>\n\n\n\n\n\t\t\t<\/div> \n\t\t<\/div>\n\t<\/div> \n<\/div><\/div>\n\t\t<div id=\"fws_69f99a1795c32\"  data-column-margin=\"default\" data-midnight=\"dark\"  class=\"wpb_row vc_row-fluid vc_row\"  style=\"padding-top: 0px; padding-bottom: 0px; \"><div class=\"row-bg-wrap\" data-bg-animation=\"none\" data-bg-overlay=\"false\"><div class=\"inner-wrap\"><div class=\"row-bg viewport-desktop\"  style=\"\"><\/div><\/div><\/div><div class=\"row_col_wrap_12 col span_12 dark left\">\n\t<div  class=\"vc_col-sm-12 wpb_column column_container vc_column_container col no-extra-padding inherit_tablet inherit_phone\"  data-padding-pos=\"all\" data-has-bg-color=\"false\" data-bg-color=\"\" data-bg-opacity=\"1\" data-animation=\"\" data-delay=\"0\" >\n\t\t<div class=\"vc_column-inner\" >\n\t\t\t<div class=\"wpb_wrapper\">\n\t\t\t\t\n<div class=\"wpb_text_column wpb_content_element\" >\n\t<div class=\"wpb_wrapper\">\n\t\t<h3>LA ORGANIZACI\u00d3N DEL ANDES RACE COMO PARTE DEL CIRCUITO LATINOAMERICANO DE TRAIL OTORGA:<\/h3>\n<ul>\n<li>Cupo para el ganador masculino de los 60km para la UPTS 42K.<\/li>\n<li>Cupo para la ganadora femenina de los 60km para la UPTS 42K.<\/li>\n<li><strong><em>Boletos de avi\u00f3n:<\/em><\/strong> del pa\u00eds de destino (Aeropuerto Internacional Jorge Chavez) del evento donde se particip\u00f3, al pa\u00eds de la pr\u00f3xima fecha del CLT2023. En caso de no pertenecer al pa\u00eds de origen del evento ganador, se le entregar\u00e1 el monto en dinero, del valor del tiquete a\u00e9reo de este pa\u00eds al pa\u00eds de la pr\u00f3xima fecha del CLT2023.<\/li>\n<li><strong><em>Hospedaje:<\/em><\/strong> Ser\u00e1 definido por el Organizador del pa\u00eds anfitri\u00f3n. En este caso el m\u00ednimo ser\u00e1 de 2 noches para cada competidor. El hospedaje ser\u00e1 a criterio de cada organizaci\u00f3n.<\/li>\n<li><strong><em>Alimentaci\u00f3n:<\/em><\/strong>\u00a0Se incluir\u00e1n los 3 tiempos de alimentaci\u00f3n a partir de la hora en que el Atleta sea recibido por la organizaci\u00f3n y hasta el t\u00e9rmino del evento. Esto en los lugares definidos por el Organizador y no podr\u00e1 hacerse canje por efectivo o similar. No incluye refrigerios adicionales, ni, alimentaci\u00f3n en el Aeropuerto o escalas en caso de existir.<\/li>\n<\/ul>\n\t<\/div>\n<\/div>\n\n\n\n\n\t\t\t<\/div> \n\t\t<\/div>\n\t<\/div> \n<\/div><\/div>","protected":false},"excerpt":{"rendered":"Ultra Panam\u00e1 Trail Series Ultra Panam\u00e1 Trail Series. Panam\u00e1, puente del mundo coraz\u00f3n del universo, La ciudad del canal, de las grandes edificaciones y la diversidad de cultura, pero si...","protected":false},"author":1,"featured_media":0,"parent":0,"menu_order":0,"comment_status":"closed","ping_status":"closed","template":"","meta":{"nf_dc_page":"","footnotes":""},"class_list":["post-14778","page","type-page","status-publish"],"yoast_head":"<!-- This site is optimized with the Yoast SEO plugin v26.9 - https:\/\/yoast.com\/product\/yoast-seo-wordpress\/ -->\n<title>Ultra Panam\u00e1 Trail Series - ANDES RACE<\/title>\n<meta name=\"description\" content=\"Ultra Panam\u00e1 Trail Series, la carrera de trail running con m\u00e1s proyecci\u00f3n en Panam\u00e1 se une al Circuito Latinoamericano de Trail.\" \/>\n<meta name=\"robots\" content=\"index, follow, max-snippet:-1, max-image-preview:large, max-video-preview:-1\" \/>\n<link rel=\"canonical\" href=\"https:\/\/www.andesrace.pe\/en\/ultra-panama-trail-series\/\" \/>\n<meta property=\"og:locale\" content=\"en_US\" \/>\n<meta property=\"og:type\" content=\"article\" \/>\n<meta property=\"og:title\" content=\"Ultra Panam\u00e1 Trail Series - ANDES RACE\" \/>\n<meta property=\"og:description\" content=\"Ultra Panam\u00e1 Trail Series, la carrera de trail running con m\u00e1s proyecci\u00f3n en Panam\u00e1 se une al Circuito Latinoamericano de Trail.\" \/>\n<meta property=\"og:url\" content=\"https:\/\/www.andesrace.pe\/en\/ultra-panama-trail-series\/\" \/>\n<meta property=\"og:site_name\" content=\"ANDES RACE\" \/>\n<meta property=\"article:modified_time\" content=\"2023-07-06T12:49:29+00:00\" \/>\n<meta name=\"twitter:card\" content=\"summary_large_image\" \/>\n<meta name=\"twitter:label1\" content=\"Est. reading time\" \/>\n\t<meta name=\"twitter:data1\" content=\"3 minutes\" \/>\n<script type=\"application\/ld+json\" class=\"yoast-schema-graph\">{\"@context\":\"https:\/\/schema.org\",\"@graph\":[{\"@type\":\"WebPage\",\"@id\":\"https:\/\/www.andesrace.pe\/ultra-panama-trail-series\/\",\"url\":\"https:\/\/www.andesrace.pe\/ultra-panama-trail-series\/\",\"name\":\"Ultra Panam\u00e1 Trail Series - ANDES RACE\",\"isPartOf\":{\"@id\":\"https:\/\/www.andesrace.pe\/#website\"},\"datePublished\":\"2023-07-06T11:16:24+00:00\",\"dateModified\":\"2023-07-06T12:49:29+00:00\",\"description\":\"Ultra Panam\u00e1 Trail Series, la carrera de trail running con m\u00e1s proyecci\u00f3n en Panam\u00e1 se une al Circuito Latinoamericano de Trail.\",\"breadcrumb\":{\"@id\":\"https:\/\/www.andesrace.pe\/ultra-panama-trail-series\/#breadcrumb\"},\"inLanguage\":\"en-US\",\"potentialAction\":[{\"@type\":\"ReadAction\",\"target\":[\"https:\/\/www.andesrace.pe\/ultra-panama-trail-series\/\"]}]},{\"@type\":\"BreadcrumbList\",\"@id\":\"https:\/\/www.andesrace.pe\/ultra-panama-trail-series\/#breadcrumb\",\"itemListElement\":[{\"@type\":\"ListItem\",\"position\":1,\"name\":\"Portada\",\"item\":\"https:\/\/www.andesrace.pe\/\"},{\"@type\":\"ListItem\",\"position\":2,\"name\":\"Ultra Panam\u00e1 Trail Series\"}]},{\"@type\":\"WebSite\",\"@id\":\"https:\/\/www.andesrace.pe\/#website\",\"url\":\"https:\/\/www.andesrace.pe\/\",\"name\":\"ANDES RACE\",\"description\":\"The Chaski Challenge\",\"publisher\":{\"@id\":\"https:\/\/www.andesrace.pe\/#organization\"},\"potentialAction\":[{\"@type\":\"SearchAction\",\"target\":{\"@type\":\"EntryPoint\",\"urlTemplate\":\"https:\/\/www.andesrace.pe\/?s={search_term_string}\"},\"query-input\":{\"@type\":\"PropertyValueSpecification\",\"valueRequired\":true,\"valueName\":\"search_term_string\"}}],\"inLanguage\":\"en-US\"},{\"@type\":\"Organization\",\"@id\":\"https:\/\/www.andesrace.pe\/#organization\",\"name\":\"Andes Race\",\"url\":\"https:\/\/www.andesrace.pe\/\",\"logo\":{\"@type\":\"ImageObject\",\"inLanguage\":\"en-US\",\"@id\":\"https:\/\/www.andesrace.pe\/#\/schema\/logo\/image\/\",\"url\":\"https:\/\/www.andesrace.pe\/wp-content\/uploads\/2013\/08\/LOGO.png\",\"contentUrl\":\"https:\/\/www.andesrace.pe\/wp-content\/uploads\/2013\/08\/LOGO.png\",\"width\":400,\"height\":118,\"caption\":\"Andes Race\"},\"image\":{\"@id\":\"https:\/\/www.andesrace.pe\/#\/schema\/logo\/image\/\"}}]}<\/script>\n<!-- \/ Yoast SEO plugin. -->","yoast_head_json":{"title":"Ultra Panam\u00e1 Trail Series - ANDES RACE","description":"Ultra Panam\u00e1 Trail Series, la carrera de trail running con m\u00e1s proyecci\u00f3n en Panam\u00e1 se une al Circuito Latinoamericano de Trail.","robots":{"index":"index","follow":"follow","max-snippet":"max-snippet:-1","max-image-preview":"max-image-preview:large","max-video-preview":"max-video-preview:-1"},"canonical":"https:\/\/www.andesrace.pe\/en\/ultra-panama-trail-series\/","og_locale":"en_US","og_type":"article","og_title":"Ultra Panam\u00e1 Trail Series - ANDES RACE","og_description":"Ultra Panam\u00e1 Trail Series, la carrera de trail running con m\u00e1s proyecci\u00f3n en Panam\u00e1 se une al Circuito Latinoamericano de Trail.","og_url":"https:\/\/www.andesrace.pe\/en\/ultra-panama-trail-series\/","og_site_name":"ANDES RACE","article_modified_time":"2023-07-06T12:49:29+00:00","twitter_card":"summary_large_image","twitter_misc":{"Est. reading time":"3 minutes"},"schema":{"@context":"https:\/\/schema.org","@graph":[{"@type":"WebPage","@id":"https:\/\/www.andesrace.pe\/ultra-panama-trail-series\/","url":"https:\/\/www.andesrace.pe\/ultra-panama-trail-series\/","name":"Ultra Panam\u00e1 Trail Series - ANDES RACE","isPartOf":{"@id":"https:\/\/www.andesrace.pe\/#website"},"datePublished":"2023-07-06T11:16:24+00:00","dateModified":"2023-07-06T12:49:29+00:00","description":"Ultra Panam\u00e1 Trail Series, la carrera de trail running con m\u00e1s proyecci\u00f3n en Panam\u00e1 se une al Circuito Latinoamericano de Trail.","breadcrumb":{"@id":"https:\/\/www.andesrace.pe\/ultra-panama-trail-series\/#breadcrumb"},"inLanguage":"en-US","potentialAction":[{"@type":"ReadAction","target":["https:\/\/www.andesrace.pe\/ultra-panama-trail-series\/"]}]},{"@type":"BreadcrumbList","@id":"https:\/\/www.andesrace.pe\/ultra-panama-trail-series\/#breadcrumb","itemListElement":[{"@type":"ListItem","position":1,"name":"Portada","item":"https:\/\/www.andesrace.pe\/"},{"@type":"ListItem","position":2,"name":"Ultra Panam\u00e1 Trail Series"}]},{"@type":"WebSite","@id":"https:\/\/www.andesrace.pe\/#website","url":"https:\/\/www.andesrace.pe\/","name":"ANDES RACE","description":"The Chaski Challenge","publisher":{"@id":"https:\/\/www.andesrace.pe\/#organization"},"potentialAction":[{"@type":"SearchAction","target":{"@type":"EntryPoint","urlTemplate":"https:\/\/www.andesrace.pe\/?s={search_term_string}"},"query-input":{"@type":"PropertyValueSpecification","valueRequired":true,"valueName":"search_term_string"}}],"inLanguage":"en-US"},{"@type":"Organization","@id":"https:\/\/www.andesrace.pe\/#organization","name":"Andes Race","url":"https:\/\/www.andesrace.pe\/","logo":{"@type":"ImageObject","inLanguage":"en-US","@id":"https:\/\/www.andesrace.pe\/#\/schema\/logo\/image\/","url":"https:\/\/www.andesrace.pe\/wp-content\/uploads\/2013\/08\/LOGO.png","contentUrl":"https:\/\/www.andesrace.pe\/wp-content\/uploads\/2013\/08\/LOGO.png","width":400,"height":118,"caption":"Andes Race"},"image":{"@id":"https:\/\/www.andesrace.pe\/#\/schema\/logo\/image\/"}}]}},"_links":{"self":[{"href":"https:\/\/www.andesrace.pe\/en\/wp-json\/wp\/v2\/pages\/14778","targetHints":{"allow":["GET"]}}],"collection":[{"href":"https:\/\/www.andesrace.pe\/en\/wp-json\/wp\/v2\/pages"}],"about":[{"href":"https:\/\/www.andesrace.pe\/en\/wp-json\/wp\/v2\/types\/page"}],"author":[{"embeddable":true,"href":"https:\/\/www.andesrace.pe\/en\/wp-json\/wp\/v2\/users\/1"}],"replies":[{"embeddable":true,"href":"https:\/\/www.andesrace.pe\/en\/wp-json\/wp\/v2\/comments?post=14778"}],"version-history":[{"count":7,"href":"https:\/\/www.andesrace.pe\/en\/wp-json\/wp\/v2\/pages\/14778\/revisions"}],"predecessor-version":[{"id":14808,"href":"https:\/\/www.andesrace.pe\/en\/wp-json\/wp\/v2\/pages\/14778\/revisions\/14808"}],"wp:attachment":[{"href":"https:\/\/www.andesrace.pe\/en\/wp-json\/wp\/v2\/media?parent=14778"}],"curies":[{"name":"wp","href":"https:\/\/api.w.org\/{rel}","templated":true}]}}