{"id":11731,"date":"2022-08-31T23:30:31","date_gmt":"2022-08-31T23:30:31","guid":{"rendered":"https:\/\/www.andesrace.pe\/?page_id=11731"},"modified":"2022-09-03T13:59:40","modified_gmt":"2022-09-03T13:59:40","slug":"60k-2022","status":"publish","type":"page","link":"https:\/\/www.andesrace.pe\/en\/60k-2022\/","title":{"rendered":"60K 2022"},"content":{"rendered":"<div id=\"fws_69ea3e7910086\"  data-column-margin=\"default\" data-midnight=\"dark\"  class=\"wpb_row vc_row-fluid vc_row\"  style=\"padding-top: 0px; padding-bottom: 0px; \"><div class=\"row-bg-wrap\" data-bg-animation=\"none\" data-bg-overlay=\"false\"><div class=\"inner-wrap\"><div class=\"row-bg viewport-desktop\"  style=\"\"><\/div><\/div><\/div><div class=\"row_col_wrap_12 col span_12 dark left\">\n\t<div  class=\"vc_col-sm-12 wpb_column column_container vc_column_container col no-extra-padding inherit_tablet inherit_phone\"  data-padding-pos=\"all\" data-has-bg-color=\"false\" data-bg-color=\"\" data-bg-opacity=\"1\" data-animation=\"\" data-delay=\"0\" >\n\t\t<div class=\"vc_column-inner\" >\n\t\t\t<div class=\"wpb_wrapper\">\n\t\t\t\t\n<div class=\"wpb_text_column wpb_content_element\" >\n\t<div class=\"wpb_wrapper\">\n\t\t<h1>60K General<\/h1>\n<table width=\"906\">\n<tbody>\n<tr>\n<td width=\"80\">#<\/td>\n<td width=\"80\">Dorsal<\/td>\n<td width=\"129\">Nombre<\/td>\n<td width=\"137\">Apellidos<\/td>\n<td width=\"80\">Nacionalidad<\/td>\n<td width=\"80\">Evento<\/td>\n<td width=\"80\">G\u00e9nero<\/td>\n<td width=\"80\">Estado<\/td>\n<td width=\"80\">Meta.toficial<\/td>\n<td width=\"80\">Salida-Meta.avg<\/td>\n<\/tr>\n<tr>\n<td>1<\/td>\n<td>845<\/td>\n<td>Diego Pablo<\/td>\n<td>Le\u00f3n Aruquipa<\/td>\n<td>Per\u00fa<\/td>\n<td>60K<\/td>\n<td>Masculino<\/td>\n<td>Finalizado<\/td>\n<td>09:24:29<\/td>\n<td>9&#8217;24&#8243;\/km<\/td>\n<\/tr>\n<tr>\n<td>2<\/td>\n<td>841<\/td>\n<td>Juan Manuel<\/td>\n<td>Campos Gamarra<\/td>\n<td>Per\u00fa<\/td>\n<td>60K<\/td>\n<td>Masculino<\/td>\n<td>Finalizado<\/td>\n<td>10:25:38<\/td>\n<td>10&#8217;25&#8243;\/km<\/td>\n<\/tr>\n<tr>\n<td>3<\/td>\n<td>816<\/td>\n<td>Oscar Alfredo<\/td>\n<td>Levizaca Obregon<\/td>\n<td>Per\u00fa<\/td>\n<td>60K<\/td>\n<td>Masculino<\/td>\n<td>Finalizado<\/td>\n<td>10:37:15<\/td>\n<td>10&#8217;37&#8243;\/km<\/td>\n<\/tr>\n<tr>\n<td>4<\/td>\n<td>840<\/td>\n<td>Porfirio<\/td>\n<td>Carbajal Gutierrez<\/td>\n<td>Per\u00fa<\/td>\n<td>60K<\/td>\n<td>Masculino<\/td>\n<td>Finalizado<\/td>\n<td>11:53:31<\/td>\n<td>11&#8217;53&#8243;\/km<\/td>\n<\/tr>\n<tr>\n<td>5<\/td>\n<td>839<\/td>\n<td>Donato<\/td>\n<td>Carbajal Guti\u00e9rrez<\/td>\n<td>Per\u00fa<\/td>\n<td>60K<\/td>\n<td>Masculino<\/td>\n<td>Finalizado<\/td>\n<td>11:53:33<\/td>\n<td>11&#8217;53&#8243;\/km<\/td>\n<\/tr>\n<tr>\n<td>6<\/td>\n<td>824<\/td>\n<td>Cynthia Rebeca<\/td>\n<td>Henostroza Gamarra<\/td>\n<td>Per\u00fa<\/td>\n<td>60K<\/td>\n<td>Femenino<\/td>\n<td>Finalizado<\/td>\n<td>12:02:22<\/td>\n<td>12&#8217;02&#8243;\/km<\/td>\n<\/tr>\n<tr>\n<td>7<\/td>\n<td>803<\/td>\n<td>Julia Marcela<\/td>\n<td>Toapanta Zapata<\/td>\n<td>Ecuador<\/td>\n<td>60K<\/td>\n<td>Femenino<\/td>\n<td>Finalizado<\/td>\n<td>12:07:56<\/td>\n<td>12&#8217;07&#8243;\/km<\/td>\n<\/tr>\n<tr>\n<td>8<\/td>\n<td>820<\/td>\n<td>Ivan Marcel<\/td>\n<td>Rengifo Piscoya<\/td>\n<td>Per\u00fa<\/td>\n<td>60K<\/td>\n<td>Masculino<\/td>\n<td>Finalizado<\/td>\n<td>12:09:17<\/td>\n<td>12&#8217;09&#8243;\/km<\/td>\n<\/tr>\n<tr>\n<td>9<\/td>\n<td>815<\/td>\n<td>Francisco Eduardo<\/td>\n<td>Garay Miranda<\/td>\n<td>Per\u00fa<\/td>\n<td>60K<\/td>\n<td>Masculino<\/td>\n<td>Finalizado<\/td>\n<td>12:14:39<\/td>\n<td>12&#8217;14&#8243;\/km<\/td>\n<\/tr>\n<tr>\n<td>10<\/td>\n<td>804<\/td>\n<td>Juan<\/td>\n<td>Vasconez Navas<\/td>\n<td>Ecuador<\/td>\n<td>60K<\/td>\n<td>Masculino<\/td>\n<td>Finalizado<\/td>\n<td>12:15:32<\/td>\n<td>12&#8217;15&#8243;\/km<\/td>\n<\/tr>\n<tr>\n<td>11<\/td>\n<td>829<\/td>\n<td>Julio Cesar<\/td>\n<td>Calder\u00f3n Navarrete<\/td>\n<td>Per\u00fa<\/td>\n<td>60K<\/td>\n<td>Masculino<\/td>\n<td>Finalizado<\/td>\n<td>12:19:33<\/td>\n<td>12&#8217;19&#8243;\/km<\/td>\n<\/tr>\n<tr>\n<td>12<\/td>\n<td>830<\/td>\n<td>Oscar Eduardo<\/td>\n<td>Bytton Ahumada<\/td>\n<td>Per\u00fa<\/td>\n<td>60K<\/td>\n<td>Masculino<\/td>\n<td>Finalizado<\/td>\n<td>12:23:34<\/td>\n<td>12&#8217;23&#8243;\/km<\/td>\n<\/tr>\n<tr>\n<td>13<\/td>\n<td>821<\/td>\n<td>Johan<\/td>\n<td>Blanco Carrion<\/td>\n<td>Per\u00fa<\/td>\n<td>60K<\/td>\n<td>Masculino<\/td>\n<td>Finalizado<\/td>\n<td>12:26:41<\/td>\n<td>12&#8217;26&#8243;\/km<\/td>\n<\/tr>\n<tr>\n<td>14<\/td>\n<td>847<\/td>\n<td>Pablo Sebastian<\/td>\n<td>Ostolaza Fernandez<\/td>\n<td>Per\u00fa<\/td>\n<td>60K<\/td>\n<td>Masculino<\/td>\n<td>Finalizado<\/td>\n<td>12:37:26<\/td>\n<td>12&#8217;37&#8243;\/km<\/td>\n<\/tr>\n<tr>\n<td>15<\/td>\n<td>825<\/td>\n<td>Fernando<\/td>\n<td>Varela Sol\u00eds<\/td>\n<td>Costa Rica<\/td>\n<td>60K<\/td>\n<td>Masculino<\/td>\n<td>Finalizado<\/td>\n<td>12:38:36<\/td>\n<td>12&#8217;38&#8243;\/km<\/td>\n<\/tr>\n<tr>\n<td>16<\/td>\n<td>834<\/td>\n<td>Ricardo<\/td>\n<td>Vera Crosby<\/td>\n<td>Per\u00fa<\/td>\n<td>60K<\/td>\n<td>Masculino<\/td>\n<td>Finalizado<\/td>\n<td>13:11:32<\/td>\n<td>13&#8217;11&#8243;\/km<\/td>\n<\/tr>\n<tr>\n<td>17<\/td>\n<td>832<\/td>\n<td>Diego<\/td>\n<td>Villa Malaga<\/td>\n<td>Per\u00fa<\/td>\n<td>60K<\/td>\n<td>Masculino<\/td>\n<td>Finalizado<\/td>\n<td>13:25:48<\/td>\n<td>13&#8217;25&#8243;\/km<\/td>\n<\/tr>\n<tr>\n<td>18<\/td>\n<td>831<\/td>\n<td>Javier Emilio<\/td>\n<td>Huillca Canahuire<\/td>\n<td>Per\u00fa<\/td>\n<td>60K<\/td>\n<td>Masculino<\/td>\n<td>Finalizado<\/td>\n<td>13:39:18<\/td>\n<td>13&#8217;39&#8243;\/km<\/td>\n<\/tr>\n<tr>\n<td>19<\/td>\n<td>808<\/td>\n<td>Alejandro Roberto<\/td>\n<td>Romero Lozada Biggs<\/td>\n<td>Per\u00fa<\/td>\n<td>60K<\/td>\n<td>Masculino<\/td>\n<td>Finalizado<\/td>\n<td>13:41:19<\/td>\n<td>13&#8217;41&#8243;\/km<\/td>\n<\/tr>\n<tr>\n<td>20<\/td>\n<td>836<\/td>\n<td>Carlos Esteban<\/td>\n<td>Jahuira Ramos<\/td>\n<td>Per\u00fa<\/td>\n<td>60K<\/td>\n<td>Masculino<\/td>\n<td>Finalizado<\/td>\n<td>13:41:24<\/td>\n<td>13&#8217;41&#8243;\/km<\/td>\n<\/tr>\n<tr>\n<td>21<\/td>\n<td>810<\/td>\n<td>Lizeth Andrea<\/td>\n<td>Beltr\u00e1n Jim\u00e9nez<\/td>\n<td>Colombia<\/td>\n<td>60K<\/td>\n<td>Femenino<\/td>\n<td>Finalizado<\/td>\n<td>14:02:51<\/td>\n<td>14&#8217;02&#8243;\/km<\/td>\n<\/tr>\n<tr>\n<td>22<\/td>\n<td>805<\/td>\n<td>Jorge Andr\u00e9s<\/td>\n<td>Delgado Fern\u00e1ndez<\/td>\n<td>Costa Rica<\/td>\n<td>60K<\/td>\n<td>Masculino<\/td>\n<td>Finalizado<\/td>\n<td>14:53:21<\/td>\n<td>14&#8217;53&#8243;\/km<\/td>\n<\/tr>\n<tr>\n<td>23<\/td>\n<td>844<\/td>\n<td>Ben<\/td>\n<td>Brummell<\/td>\n<td>United States<\/td>\n<td>60K<\/td>\n<td>Masculino<\/td>\n<td>Finalizado<\/td>\n<td>15:06:33<\/td>\n<td>15&#8217;06&#8243;\/km<\/td>\n<\/tr>\n<tr>\n<td>24<\/td>\n<td>801<\/td>\n<td>Jersson Milko<\/td>\n<td>Echeverria Lima<\/td>\n<td>Bolivia<\/td>\n<td>60K<\/td>\n<td>Masculino<\/td>\n<td>Finalizado<\/td>\n<td>15:06:33<\/td>\n<td>15&#8217;06&#8243;\/km<\/td>\n<\/tr>\n<tr>\n<td>25<\/td>\n<td>828<\/td>\n<td>Rafael<\/td>\n<td>Nure\u00f1a Salhuana<\/td>\n<td>Per\u00fa<\/td>\n<td>60K<\/td>\n<td>Masculino<\/td>\n<td>Finalizado<\/td>\n<td>15:06:57<\/td>\n<td>15&#8217;06&#8243;\/km<\/td>\n<\/tr>\n<tr>\n<td>26<\/td>\n<td>813<\/td>\n<td>Rick<\/td>\n<td>Locks<\/td>\n<td>Canada<\/td>\n<td>60K<\/td>\n<td>Masculino<\/td>\n<td>Finalizado<\/td>\n<td>15:09:38<\/td>\n<td>15&#8217;09&#8243;\/km<\/td>\n<\/tr>\n<tr>\n<td>27<\/td>\n<td>838<\/td>\n<td>Jahir Alfonso Junior<\/td>\n<td>Pic\u00f3n G\u00f3mez<\/td>\n<td>Per\u00fa<\/td>\n<td>60K<\/td>\n<td>Masculino<\/td>\n<td>Finalizado<\/td>\n<td>15:09:52<\/td>\n<td>15&#8217;09&#8243;\/km<\/td>\n<\/tr>\n<tr>\n<td>28<\/td>\n<td>827<\/td>\n<td>Diego Alonzo<\/td>\n<td>Saavedra Bustos<\/td>\n<td>Chile<\/td>\n<td>60K<\/td>\n<td>Masculino<\/td>\n<td>Finalizado<\/td>\n<td>15:31:30<\/td>\n<td>15&#8217;31&#8243;\/km<\/td>\n<\/tr>\n<tr>\n<td>29<\/td>\n<td>833<\/td>\n<td>Timothee Jean Anh<\/td>\n<td>Tran<\/td>\n<td>Francia<\/td>\n<td>60K<\/td>\n<td>Masculino<\/td>\n<td>Finalizado<\/td>\n<td>15:35:07<\/td>\n<td>15&#8217;35&#8243;\/km<\/td>\n<\/tr>\n<tr>\n<td>30<\/td>\n<td>807<\/td>\n<td>Ricardo Alonso<\/td>\n<td>Guzman Guerra<\/td>\n<td>Per\u00fa<\/td>\n<td>60K<\/td>\n<td>Masculino<\/td>\n<td>Finalizado<\/td>\n<td>15:38:54<\/td>\n<td>15&#8217;38&#8243;\/km<\/td>\n<\/tr>\n<\/tbody>\n<\/table>\n<h2>60K Hombres<\/h2>\n<table width=\"906\">\n<tbody>\n<tr>\n<td width=\"80\">#<\/td>\n<td width=\"80\">Dorsal<\/td>\n<td width=\"129\">Nombre<\/td>\n<td width=\"137\">Apellidos<\/td>\n<td width=\"80\">Nacionalidad<\/td>\n<td width=\"80\">Evento<\/td>\n<td width=\"80\">G\u00e9nero<\/td>\n<td width=\"80\">Estado<\/td>\n<td width=\"80\">Meta.toficial<\/td>\n<td width=\"80\">Salida-Meta.avg<\/td>\n<\/tr>\n<tr>\n<td>1<\/td>\n<td>845<\/td>\n<td>Diego Pablo<\/td>\n<td>Le\u00f3n Aruquipa<\/td>\n<td>Per\u00fa<\/td>\n<td>60K<\/td>\n<td>Masculino<\/td>\n<td>Finalizado<\/td>\n<td>09:24:29<\/td>\n<td>9&#8217;24&#8243;\/km<\/td>\n<\/tr>\n<tr>\n<td>2<\/td>\n<td>841<\/td>\n<td>Juan Manuel<\/td>\n<td>Campos Gamarra<\/td>\n<td>Per\u00fa<\/td>\n<td>60K<\/td>\n<td>Masculino<\/td>\n<td>Finalizado<\/td>\n<td>10:25:38<\/td>\n<td>10&#8217;25&#8243;\/km<\/td>\n<\/tr>\n<tr>\n<td>3<\/td>\n<td>816<\/td>\n<td>Oscar Alfredo<\/td>\n<td>Levizaca Obregon<\/td>\n<td>Per\u00fa<\/td>\n<td>60K<\/td>\n<td>Masculino<\/td>\n<td>Finalizado<\/td>\n<td>10:37:15<\/td>\n<td>10&#8217;37&#8243;\/km<\/td>\n<\/tr>\n<tr>\n<td>4<\/td>\n<td>840<\/td>\n<td>Porfirio<\/td>\n<td>Carbajal Gutierrez<\/td>\n<td>Per\u00fa<\/td>\n<td>60K<\/td>\n<td>Masculino<\/td>\n<td>Finalizado<\/td>\n<td>11:53:31<\/td>\n<td>11&#8217;53&#8243;\/km<\/td>\n<\/tr>\n<tr>\n<td>5<\/td>\n<td>839<\/td>\n<td>Donato<\/td>\n<td>Carbajal Guti\u00e9rrez<\/td>\n<td>Per\u00fa<\/td>\n<td>60K<\/td>\n<td>Masculino<\/td>\n<td>Finalizado<\/td>\n<td>11:53:33<\/td>\n<td>11&#8217;53&#8243;\/km<\/td>\n<\/tr>\n<tr>\n<td>6<\/td>\n<td>820<\/td>\n<td>Ivan Marcel<\/td>\n<td>Rengifo Piscoya<\/td>\n<td>Per\u00fa<\/td>\n<td>60K<\/td>\n<td>Masculino<\/td>\n<td>Finalizado<\/td>\n<td>12:09:17<\/td>\n<td>12&#8217;09&#8243;\/km<\/td>\n<\/tr>\n<tr>\n<td>7<\/td>\n<td>815<\/td>\n<td>Francisco Eduardo<\/td>\n<td>Garay Miranda<\/td>\n<td>Per\u00fa<\/td>\n<td>60K<\/td>\n<td>Masculino<\/td>\n<td>Finalizado<\/td>\n<td>12:14:39<\/td>\n<td>12&#8217;14&#8243;\/km<\/td>\n<\/tr>\n<tr>\n<td>8<\/td>\n<td>804<\/td>\n<td>Juan<\/td>\n<td>Vasconez Navas<\/td>\n<td>Ecuador<\/td>\n<td>60K<\/td>\n<td>Masculino<\/td>\n<td>Finalizado<\/td>\n<td>12:15:32<\/td>\n<td>12&#8217;15&#8243;\/km<\/td>\n<\/tr>\n<tr>\n<td>9<\/td>\n<td>829<\/td>\n<td>Julio Cesar<\/td>\n<td>Calder\u00f3n Navarrete<\/td>\n<td>Per\u00fa<\/td>\n<td>60K<\/td>\n<td>Masculino<\/td>\n<td>Finalizado<\/td>\n<td>12:19:33<\/td>\n<td>12&#8217;19&#8243;\/km<\/td>\n<\/tr>\n<tr>\n<td>10<\/td>\n<td>830<\/td>\n<td>Oscar Eduardo<\/td>\n<td>Bytton Ahumada<\/td>\n<td>Per\u00fa<\/td>\n<td>60K<\/td>\n<td>Masculino<\/td>\n<td>Finalizado<\/td>\n<td>12:23:34<\/td>\n<td>12&#8217;23&#8243;\/km<\/td>\n<\/tr>\n<tr>\n<td>11<\/td>\n<td>821<\/td>\n<td>Johan<\/td>\n<td>Blanco Carrion<\/td>\n<td>Per\u00fa<\/td>\n<td>60K<\/td>\n<td>Masculino<\/td>\n<td>Finalizado<\/td>\n<td>12:26:41<\/td>\n<td>12&#8217;26&#8243;\/km<\/td>\n<\/tr>\n<tr>\n<td>12<\/td>\n<td>847<\/td>\n<td>Pablo Sebastian<\/td>\n<td>Ostolaza Fernandez<\/td>\n<td>Per\u00fa<\/td>\n<td>60K<\/td>\n<td>Masculino<\/td>\n<td>Finalizado<\/td>\n<td>12:37:26<\/td>\n<td>12&#8217;37&#8243;\/km<\/td>\n<\/tr>\n<tr>\n<td>13<\/td>\n<td>825<\/td>\n<td>Fernando<\/td>\n<td>Varela Sol\u00eds<\/td>\n<td>Costa Rica<\/td>\n<td>60K<\/td>\n<td>Masculino<\/td>\n<td>Finalizado<\/td>\n<td>12:38:36<\/td>\n<td>12&#8217;38&#8243;\/km<\/td>\n<\/tr>\n<tr>\n<td>14<\/td>\n<td>834<\/td>\n<td>Ricardo<\/td>\n<td>Vera Crosby<\/td>\n<td>Per\u00fa<\/td>\n<td>60K<\/td>\n<td>Masculino<\/td>\n<td>Finalizado<\/td>\n<td>13:11:32<\/td>\n<td>13&#8217;11&#8243;\/km<\/td>\n<\/tr>\n<tr>\n<td>15<\/td>\n<td>832<\/td>\n<td>Diego<\/td>\n<td>Villa Malaga<\/td>\n<td>Per\u00fa<\/td>\n<td>60K<\/td>\n<td>Masculino<\/td>\n<td>Finalizado<\/td>\n<td>13:25:48<\/td>\n<td>13&#8217;25&#8243;\/km<\/td>\n<\/tr>\n<tr>\n<td>16<\/td>\n<td>831<\/td>\n<td>Javier Emilio<\/td>\n<td>Huillca Canahuire<\/td>\n<td>Per\u00fa<\/td>\n<td>60K<\/td>\n<td>Masculino<\/td>\n<td>Finalizado<\/td>\n<td>13:39:18<\/td>\n<td>13&#8217;39&#8243;\/km<\/td>\n<\/tr>\n<tr>\n<td>17<\/td>\n<td>808<\/td>\n<td>Alejandro Roberto<\/td>\n<td>Romero Lozada Biggs<\/td>\n<td>Per\u00fa<\/td>\n<td>60K<\/td>\n<td>Masculino<\/td>\n<td>Finalizado<\/td>\n<td>13:41:19<\/td>\n<td>13&#8217;41&#8243;\/km<\/td>\n<\/tr>\n<tr>\n<td>18<\/td>\n<td>836<\/td>\n<td>Carlos Esteban<\/td>\n<td>Jahuira Ramos<\/td>\n<td>Per\u00fa<\/td>\n<td>60K<\/td>\n<td>Masculino<\/td>\n<td>Finalizado<\/td>\n<td>13:41:24<\/td>\n<td>13&#8217;41&#8243;\/km<\/td>\n<\/tr>\n<tr>\n<td>19<\/td>\n<td>805<\/td>\n<td>Jorge Andr\u00e9s<\/td>\n<td>Delgado Fern\u00e1ndez<\/td>\n<td>Costa Rica<\/td>\n<td>60K<\/td>\n<td>Masculino<\/td>\n<td>Finalizado<\/td>\n<td>14:53:21<\/td>\n<td>14&#8217;53&#8243;\/km<\/td>\n<\/tr>\n<tr>\n<td>20<\/td>\n<td>844<\/td>\n<td>Ben<\/td>\n<td>Brummell<\/td>\n<td>United States<\/td>\n<td>60K<\/td>\n<td>Masculino<\/td>\n<td>Finalizado<\/td>\n<td>15:06:33<\/td>\n<td>15&#8217;06&#8243;\/km<\/td>\n<\/tr>\n<tr>\n<td>21<\/td>\n<td>801<\/td>\n<td>Jersson Milko<\/td>\n<td>Echeverria Lima<\/td>\n<td>Bolivia<\/td>\n<td>60K<\/td>\n<td>Masculino<\/td>\n<td>Finalizado<\/td>\n<td>15:06:33<\/td>\n<td>15&#8217;06&#8243;\/km<\/td>\n<\/tr>\n<tr>\n<td>22<\/td>\n<td>828<\/td>\n<td>Rafael<\/td>\n<td>Nure\u00f1a Salhuana<\/td>\n<td>Per\u00fa<\/td>\n<td>60K<\/td>\n<td>Masculino<\/td>\n<td>Finalizado<\/td>\n<td>15:06:57<\/td>\n<td>15&#8217;06&#8243;\/km<\/td>\n<\/tr>\n<tr>\n<td>23<\/td>\n<td>813<\/td>\n<td>Rick<\/td>\n<td>Locks<\/td>\n<td>Canada<\/td>\n<td>60K<\/td>\n<td>Masculino<\/td>\n<td>Finalizado<\/td>\n<td>15:09:38<\/td>\n<td>15&#8217;09&#8243;\/km<\/td>\n<\/tr>\n<tr>\n<td>24<\/td>\n<td>838<\/td>\n<td>Jahir Alfonso Junior<\/td>\n<td>Pic\u00f3n G\u00f3mez<\/td>\n<td>Per\u00fa<\/td>\n<td>60K<\/td>\n<td>Masculino<\/td>\n<td>Finalizado<\/td>\n<td>15:09:52<\/td>\n<td>15&#8217;09&#8243;\/km<\/td>\n<\/tr>\n<tr>\n<td>25<\/td>\n<td>827<\/td>\n<td>Diego Alonzo<\/td>\n<td>Saavedra Bustos<\/td>\n<td>Chile<\/td>\n<td>60K<\/td>\n<td>Masculino<\/td>\n<td>Finalizado<\/td>\n<td>15:31:30<\/td>\n<td>15&#8217;31&#8243;\/km<\/td>\n<\/tr>\n<tr>\n<td>26<\/td>\n<td>833<\/td>\n<td>Timothee Jean Anh<\/td>\n<td>Tran<\/td>\n<td>Francia<\/td>\n<td>60K<\/td>\n<td>Masculino<\/td>\n<td>Finalizado<\/td>\n<td>15:35:07<\/td>\n<td>15&#8217;35&#8243;\/km<\/td>\n<\/tr>\n<tr>\n<td>27<\/td>\n<td>807<\/td>\n<td>Ricardo Alonso<\/td>\n<td>Guzman Guerra<\/td>\n<td>Per\u00fa<\/td>\n<td>60K<\/td>\n<td>Masculino<\/td>\n<td>Finalizado<\/td>\n<td>15:38:54<\/td>\n<td>15&#8217;38&#8243;\/km<\/td>\n<\/tr>\n<\/tbody>\n<\/table>\n<h2>60K Mujeres<\/h2>\n<table width=\"906\">\n<tbody>\n<tr>\n<td width=\"80\">#<\/td>\n<td width=\"80\">Dorsal<\/td>\n<td width=\"129\">Nombre<\/td>\n<td width=\"137\">Apellidos<\/td>\n<td width=\"80\">Nacionalidad<\/td>\n<td width=\"80\">Evento<\/td>\n<td width=\"80\">G\u00e9nero<\/td>\n<td width=\"80\">Estado<\/td>\n<td width=\"80\">Meta.toficial<\/td>\n<td width=\"80\">Salida-Meta.avg<\/td>\n<\/tr>\n<tr>\n<td>1<\/td>\n<td>824<\/td>\n<td>Cynthia Rebeca<\/td>\n<td>Henostroza Gamarra<\/td>\n<td>Per\u00fa<\/td>\n<td>60K<\/td>\n<td>Femenino<\/td>\n<td>Finalizado<\/td>\n<td>12:02:22<\/td>\n<td>12&#8217;02&#8243;\/km<\/td>\n<\/tr>\n<tr>\n<td>2<\/td>\n<td>803<\/td>\n<td>Julia Marcela<\/td>\n<td>Toapanta Zapata<\/td>\n<td>Ecuador<\/td>\n<td>60K<\/td>\n<td>Femenino<\/td>\n<td>Finalizado<\/td>\n<td>12:07:56<\/td>\n<td>12&#8217;07&#8243;\/km<\/td>\n<\/tr>\n<tr>\n<td>3<\/td>\n<td>810<\/td>\n<td>Lizeth Andrea<\/td>\n<td>Beltr\u00e1n Jim\u00e9nez<\/td>\n<td>Colombia<\/td>\n<td>60K<\/td>\n<td>Femenino<\/td>\n<td>Finalizado<\/td>\n<td>14:02:51<\/td>\n<td>14&#8217;02&#8243;\/km<\/td>\n<\/tr>\n<\/tbody>\n<\/table>\n\t<\/div>\n<\/div>\n\n\n\n\n\t\t\t<\/div> \n\t\t<\/div>\n\t<\/div> \n<\/div><\/div>","protected":false},"excerpt":{"rendered":"60K General # Dorsal Nombre Apellidos Nacionalidad Evento G\u00e9nero Estado Meta.toficial Salida-Meta.avg 1 845 Diego Pablo Le\u00f3n Aruquipa Per\u00fa 60K Masculino Finalizado 09:24:29 9'24\"\/km 2 841 Juan Manuel Campos Gamarra...","protected":false},"author":1,"featured_media":0,"parent":0,"menu_order":0,"comment_status":"closed","ping_status":"closed","template":"","meta":{"nf_dc_page":"","footnotes":""},"class_list":["post-11731","page","type-page","status-publish"],"yoast_head":"<!-- This site is optimized with the Yoast SEO plugin v26.9 - https:\/\/yoast.com\/product\/yoast-seo-wordpress\/ -->\n<title>60K 2022 - ANDES RACE<\/title>\n<meta name=\"robots\" content=\"index, follow, max-snippet:-1, max-image-preview:large, max-video-preview:-1\" \/>\n<link rel=\"canonical\" href=\"https:\/\/www.andesrace.pe\/en\/60k-2022\/\" \/>\n<meta property=\"og:locale\" content=\"en_US\" \/>\n<meta property=\"og:type\" content=\"article\" \/>\n<meta property=\"og:title\" content=\"60K 2022 - ANDES RACE\" \/>\n<meta property=\"og:url\" content=\"https:\/\/www.andesrace.pe\/en\/60k-2022\/\" \/>\n<meta property=\"og:site_name\" content=\"ANDES RACE\" \/>\n<meta property=\"article:modified_time\" content=\"2022-09-03T13:59:40+00:00\" \/>\n<meta name=\"twitter:card\" content=\"summary_large_image\" \/>\n<meta name=\"twitter:label1\" content=\"Est. reading time\" \/>\n\t<meta name=\"twitter:data1\" content=\"4 minutes\" \/>\n<script type=\"application\/ld+json\" class=\"yoast-schema-graph\">{\"@context\":\"https:\/\/schema.org\",\"@graph\":[{\"@type\":\"WebPage\",\"@id\":\"https:\/\/www.andesrace.pe\/60k-2022\/\",\"url\":\"https:\/\/www.andesrace.pe\/60k-2022\/\",\"name\":\"60K 2022 - ANDES RACE\",\"isPartOf\":{\"@id\":\"https:\/\/www.andesrace.pe\/#website\"},\"datePublished\":\"2022-08-31T23:30:31+00:00\",\"dateModified\":\"2022-09-03T13:59:40+00:00\",\"breadcrumb\":{\"@id\":\"https:\/\/www.andesrace.pe\/60k-2022\/#breadcrumb\"},\"inLanguage\":\"en-US\",\"potentialAction\":[{\"@type\":\"ReadAction\",\"target\":[\"https:\/\/www.andesrace.pe\/60k-2022\/\"]}]},{\"@type\":\"BreadcrumbList\",\"@id\":\"https:\/\/www.andesrace.pe\/60k-2022\/#breadcrumb\",\"itemListElement\":[{\"@type\":\"ListItem\",\"position\":1,\"name\":\"Portada\",\"item\":\"https:\/\/www.andesrace.pe\/\"},{\"@type\":\"ListItem\",\"position\":2,\"name\":\"60K 2022\"}]},{\"@type\":\"WebSite\",\"@id\":\"https:\/\/www.andesrace.pe\/#website\",\"url\":\"https:\/\/www.andesrace.pe\/\",\"name\":\"ANDES RACE\",\"description\":\"The Chaski Challenge\",\"publisher\":{\"@id\":\"https:\/\/www.andesrace.pe\/#organization\"},\"potentialAction\":[{\"@type\":\"SearchAction\",\"target\":{\"@type\":\"EntryPoint\",\"urlTemplate\":\"https:\/\/www.andesrace.pe\/?s={search_term_string}\"},\"query-input\":{\"@type\":\"PropertyValueSpecification\",\"valueRequired\":true,\"valueName\":\"search_term_string\"}}],\"inLanguage\":\"en-US\"},{\"@type\":\"Organization\",\"@id\":\"https:\/\/www.andesrace.pe\/#organization\",\"name\":\"Andes Race\",\"url\":\"https:\/\/www.andesrace.pe\/\",\"logo\":{\"@type\":\"ImageObject\",\"inLanguage\":\"en-US\",\"@id\":\"https:\/\/www.andesrace.pe\/#\/schema\/logo\/image\/\",\"url\":\"https:\/\/www.andesrace.pe\/wp-content\/uploads\/2013\/08\/LOGO.png\",\"contentUrl\":\"https:\/\/www.andesrace.pe\/wp-content\/uploads\/2013\/08\/LOGO.png\",\"width\":400,\"height\":118,\"caption\":\"Andes Race\"},\"image\":{\"@id\":\"https:\/\/www.andesrace.pe\/#\/schema\/logo\/image\/\"}}]}<\/script>\n<!-- \/ Yoast SEO plugin. -->","yoast_head_json":{"title":"60K 2022 - ANDES RACE","robots":{"index":"index","follow":"follow","max-snippet":"max-snippet:-1","max-image-preview":"max-image-preview:large","max-video-preview":"max-video-preview:-1"},"canonical":"https:\/\/www.andesrace.pe\/en\/60k-2022\/","og_locale":"en_US","og_type":"article","og_title":"60K 2022 - ANDES RACE","og_url":"https:\/\/www.andesrace.pe\/en\/60k-2022\/","og_site_name":"ANDES RACE","article_modified_time":"2022-09-03T13:59:40+00:00","twitter_card":"summary_large_image","twitter_misc":{"Est. reading time":"4 minutes"},"schema":{"@context":"https:\/\/schema.org","@graph":[{"@type":"WebPage","@id":"https:\/\/www.andesrace.pe\/60k-2022\/","url":"https:\/\/www.andesrace.pe\/60k-2022\/","name":"60K 2022 - ANDES RACE","isPartOf":{"@id":"https:\/\/www.andesrace.pe\/#website"},"datePublished":"2022-08-31T23:30:31+00:00","dateModified":"2022-09-03T13:59:40+00:00","breadcrumb":{"@id":"https:\/\/www.andesrace.pe\/60k-2022\/#breadcrumb"},"inLanguage":"en-US","potentialAction":[{"@type":"ReadAction","target":["https:\/\/www.andesrace.pe\/60k-2022\/"]}]},{"@type":"BreadcrumbList","@id":"https:\/\/www.andesrace.pe\/60k-2022\/#breadcrumb","itemListElement":[{"@type":"ListItem","position":1,"name":"Portada","item":"https:\/\/www.andesrace.pe\/"},{"@type":"ListItem","position":2,"name":"60K 2022"}]},{"@type":"WebSite","@id":"https:\/\/www.andesrace.pe\/#website","url":"https:\/\/www.andesrace.pe\/","name":"ANDES RACE","description":"The Chaski Challenge","publisher":{"@id":"https:\/\/www.andesrace.pe\/#organization"},"potentialAction":[{"@type":"SearchAction","target":{"@type":"EntryPoint","urlTemplate":"https:\/\/www.andesrace.pe\/?s={search_term_string}"},"query-input":{"@type":"PropertyValueSpecification","valueRequired":true,"valueName":"search_term_string"}}],"inLanguage":"en-US"},{"@type":"Organization","@id":"https:\/\/www.andesrace.pe\/#organization","name":"Andes Race","url":"https:\/\/www.andesrace.pe\/","logo":{"@type":"ImageObject","inLanguage":"en-US","@id":"https:\/\/www.andesrace.pe\/#\/schema\/logo\/image\/","url":"https:\/\/www.andesrace.pe\/wp-content\/uploads\/2013\/08\/LOGO.png","contentUrl":"https:\/\/www.andesrace.pe\/wp-content\/uploads\/2013\/08\/LOGO.png","width":400,"height":118,"caption":"Andes Race"},"image":{"@id":"https:\/\/www.andesrace.pe\/#\/schema\/logo\/image\/"}}]}},"_links":{"self":[{"href":"https:\/\/www.andesrace.pe\/en\/wp-json\/wp\/v2\/pages\/11731","targetHints":{"allow":["GET"]}}],"collection":[{"href":"https:\/\/www.andesrace.pe\/en\/wp-json\/wp\/v2\/pages"}],"about":[{"href":"https:\/\/www.andesrace.pe\/en\/wp-json\/wp\/v2\/types\/page"}],"author":[{"embeddable":true,"href":"https:\/\/www.andesrace.pe\/en\/wp-json\/wp\/v2\/users\/1"}],"replies":[{"embeddable":true,"href":"https:\/\/www.andesrace.pe\/en\/wp-json\/wp\/v2\/comments?post=11731"}],"version-history":[{"count":0,"href":"https:\/\/www.andesrace.pe\/en\/wp-json\/wp\/v2\/pages\/11731\/revisions"}],"wp:attachment":[{"href":"https:\/\/www.andesrace.pe\/en\/wp-json\/wp\/v2\/media?parent=11731"}],"curies":[{"name":"wp","href":"https:\/\/api.w.org\/{rel}","templated":true}]}}