{"id":11728,"date":"2022-08-31T23:11:02","date_gmt":"2022-08-31T23:11:02","guid":{"rendered":"https:\/\/www.andesrace.pe\/?page_id=11728"},"modified":"2022-09-03T14:02:18","modified_gmt":"2022-09-03T14:02:18","slug":"100k-2022","status":"publish","type":"page","link":"https:\/\/www.andesrace.pe\/en\/100k-2022\/","title":{"rendered":"100K 2022"},"content":{"rendered":"<h1>100K General<\/h1>\n<table width=\"899\">\n<tbody>\n<tr>\n<td width=\"80\">#<\/td>\n<td width=\"80\">Dorsal<\/td>\n<td width=\"115\">Nombre<\/td>\n<td width=\"126\">Apellidos<\/td>\n<td width=\"80\">Nacionalidad<\/td>\n<td width=\"98\">Evento<\/td>\n<td width=\"80\">G\u00e9nero<\/td>\n<td width=\"80\">Estado<\/td>\n<td width=\"80\">Meta.toficial<\/td>\n<td width=\"80\">Salida-Meta.avg<\/td>\n<\/tr>\n<tr>\n<td>1<\/td>\n<td>913<\/td>\n<td>V\u00edctor Ra\u00fal<\/td>\n<td>Ccanto Machacca<\/td>\n<td>Per\u00fa<\/td>\n<td>100K Non-Stop<\/td>\n<td>Masculino<\/td>\n<td>Finalizado<\/td>\n<td>18:05:23<\/td>\n<td>10&#8217;51&#8243;\/km<\/td>\n<\/tr>\n<tr>\n<td>2<\/td>\n<td>924<\/td>\n<td>Marcos Jhon<\/td>\n<td>Salinas Cisneros<\/td>\n<td>Per\u00fa<\/td>\n<td>100K Non-Stop<\/td>\n<td>Masculino<\/td>\n<td>Finalizado<\/td>\n<td>18:05:59<\/td>\n<td>10&#8217;51&#8243;\/km<\/td>\n<\/tr>\n<tr>\n<td>3<\/td>\n<td>920<\/td>\n<td>Leonidas Damaso<\/td>\n<td>Marcavillaca Castro<\/td>\n<td>Per\u00fa<\/td>\n<td>100K Non-Stop<\/td>\n<td>Masculino<\/td>\n<td>Finalizado<\/td>\n<td>19:30:57<\/td>\n<td>11&#8217;42&#8243;\/km<\/td>\n<\/tr>\n<tr>\n<td>4<\/td>\n<td>921<\/td>\n<td>Julio Ramiro<\/td>\n<td>Caiza Ba\u00f1o<\/td>\n<td>Ecuador<\/td>\n<td>100K Non-Stop<\/td>\n<td>Masculino<\/td>\n<td>Finalizado<\/td>\n<td>20:00:21<\/td>\n<td>12&#8217;00&#8243;\/km<\/td>\n<\/tr>\n<tr>\n<td>5<\/td>\n<td>902<\/td>\n<td>Miguel Angel<\/td>\n<td>Carrion Huaman<\/td>\n<td>Per\u00fa<\/td>\n<td>100K Non-Stop<\/td>\n<td>Masculino<\/td>\n<td>Finalizado<\/td>\n<td>22:58:33<\/td>\n<td>13&#8217;47&#8243;\/km<\/td>\n<\/tr>\n<tr>\n<td>6<\/td>\n<td>923<\/td>\n<td>Jorge Luis<\/td>\n<td>G\u00e1lvez Aramburu<\/td>\n<td>Per\u00fa<\/td>\n<td>100K Non-Stop<\/td>\n<td>Masculino<\/td>\n<td>Finalizado<\/td>\n<td>24:06:17<\/td>\n<td>14&#8217;27&#8243;\/km<\/td>\n<\/tr>\n<tr>\n<td>7<\/td>\n<td>909<\/td>\n<td>Arnold Fabi\u00e1n<\/td>\n<td>Burga Casta\u00f1os<\/td>\n<td>Per\u00fa<\/td>\n<td>100K Non-Stop<\/td>\n<td>Masculino<\/td>\n<td>Finalizado<\/td>\n<td>24:23:14<\/td>\n<td>14&#8217;37&#8243;\/km<\/td>\n<\/tr>\n<tr>\n<td>8<\/td>\n<td>925<\/td>\n<td>Marilyn Yanina<\/td>\n<td>Yache Estrella<\/td>\n<td>Per\u00fa<\/td>\n<td>100K Non-Stop<\/td>\n<td>Femenino<\/td>\n<td>Finalizado<\/td>\n<td>25:06:25<\/td>\n<td>15&#8217;03&#8243;\/km<\/td>\n<\/tr>\n<tr>\n<td>9<\/td>\n<td>915<\/td>\n<td>Roberto Junior<\/td>\n<td>Romero Villanueva<\/td>\n<td>Per\u00fa<\/td>\n<td>100K Non-Stop<\/td>\n<td>Masculino<\/td>\n<td>Finalizado<\/td>\n<td>25:23:28<\/td>\n<td>15&#8217;14&#8243;\/km<\/td>\n<\/tr>\n<\/tbody>\n<\/table>\n<h2>100K Hombres<\/h2>\n<table width=\"899\">\n<tbody>\n<tr>\n<td width=\"80\">#<\/td>\n<td width=\"80\">Dorsal<\/td>\n<td width=\"115\">Nombre<\/td>\n<td width=\"126\">Apellidos<\/td>\n<td width=\"80\">Nacionalidad<\/td>\n<td width=\"98\">Evento<\/td>\n<td width=\"80\">G\u00e9nero<\/td>\n<td width=\"80\">Estado<\/td>\n<td width=\"80\">Meta.toficial<\/td>\n<td width=\"80\">Salida-Meta.avg<\/td>\n<\/tr>\n<tr>\n<td>1<\/td>\n<td>913<\/td>\n<td>V\u00edctor Ra\u00fal<\/td>\n<td>Ccanto Machacca<\/td>\n<td>Per\u00fa<\/td>\n<td>100K Non-Stop<\/td>\n<td>Masculino<\/td>\n<td>Finalizado<\/td>\n<td>18:05:23<\/td>\n<td>10&#8217;51&#8243;\/km<\/td>\n<\/tr>\n<tr>\n<td>2<\/td>\n<td>924<\/td>\n<td>Marcos Jhon<\/td>\n<td>Salinas Cisneros<\/td>\n<td>Per\u00fa<\/td>\n<td>100K Non-Stop<\/td>\n<td>Masculino<\/td>\n<td>Finalizado<\/td>\n<td>18:05:59<\/td>\n<td>10&#8217;51&#8243;\/km<\/td>\n<\/tr>\n<tr>\n<td>3<\/td>\n<td>920<\/td>\n<td>Leonidas Damaso<\/td>\n<td>Marcavillaca Castro<\/td>\n<td>Per\u00fa<\/td>\n<td>100K Non-Stop<\/td>\n<td>Masculino<\/td>\n<td>Finalizado<\/td>\n<td>19:30:57<\/td>\n<td>11&#8217;42&#8243;\/km<\/td>\n<\/tr>\n<tr>\n<td>4<\/td>\n<td>921<\/td>\n<td>Julio Ramiro<\/td>\n<td>Caiza Ba\u00f1o<\/td>\n<td>Ecuador<\/td>\n<td>100K Non-Stop<\/td>\n<td>Masculino<\/td>\n<td>Finalizado<\/td>\n<td>20:00:21<\/td>\n<td>12&#8217;00&#8243;\/km<\/td>\n<\/tr>\n<tr>\n<td>5<\/td>\n<td>902<\/td>\n<td>Miguel Angel<\/td>\n<td>Carrion Huaman<\/td>\n<td>Per\u00fa<\/td>\n<td>100K Non-Stop<\/td>\n<td>Masculino<\/td>\n<td>Finalizado<\/td>\n<td>22:58:33<\/td>\n<td>13&#8217;47&#8243;\/km<\/td>\n<\/tr>\n<tr>\n<td>6<\/td>\n<td>923<\/td>\n<td>Jorge Luis<\/td>\n<td>G\u00e1lvez Aramburu<\/td>\n<td>Per\u00fa<\/td>\n<td>100K Non-Stop<\/td>\n<td>Masculino<\/td>\n<td>Finalizado<\/td>\n<td>24:06:17<\/td>\n<td>14&#8217;27&#8243;\/km<\/td>\n<\/tr>\n<tr>\n<td>7<\/td>\n<td>909<\/td>\n<td>Arnold Fabi\u00e1n<\/td>\n<td>Burga Casta\u00f1os<\/td>\n<td>Per\u00fa<\/td>\n<td>100K Non-Stop<\/td>\n<td>Masculino<\/td>\n<td>Finalizado<\/td>\n<td>24:23:14<\/td>\n<td>14&#8217;37&#8243;\/km<\/td>\n<\/tr>\n<tr>\n<td>8<\/td>\n<td>915<\/td>\n<td>Roberto Junior<\/td>\n<td>Romero Villanueva<\/td>\n<td>Per\u00fa<\/td>\n<td>100K Non-Stop<\/td>\n<td>Masculino<\/td>\n<td>Finalizado<\/td>\n<td>25:23:28<\/td>\n<td>15&#8217;14&#8243;\/km<\/td>\n<\/tr>\n<\/tbody>\n<\/table>\n<h2>100K Mujeres<\/h2>\n<table width=\"899\">\n<tbody>\n<tr>\n<td width=\"80\">#<\/td>\n<td width=\"80\">Dorsal<\/td>\n<td width=\"115\">Nombre<\/td>\n<td width=\"126\">Apellidos<\/td>\n<td width=\"80\">Nacionalidad<\/td>\n<td width=\"98\">Evento<\/td>\n<td width=\"80\">G\u00e9nero<\/td>\n<td width=\"80\">Estado<\/td>\n<td width=\"80\">Meta.toficial<\/td>\n<td width=\"80\">Salida-Meta.avg<\/td>\n<\/tr>\n<tr>\n<td>1<\/td>\n<td>925<\/td>\n<td>Marilyn Yanina<\/td>\n<td>Yache Estrella<\/td>\n<td>Per\u00fa<\/td>\n<td>100K Non-Stop<\/td>\n<td>Femenino<\/td>\n<td>Finalizado<\/td>\n<td>25:06:25<\/td>\n<td>15&#8217;03&#8243;\/km<\/td>\n<\/tr>\n<\/tbody>\n<\/table>","protected":false},"excerpt":{"rendered":"<p>100K General # Dorsal Nombre Apellidos Nacionalidad Evento G\u00e9nero Estado Meta.toficial Salida-Meta.avg 1 913 V\u00edctor Ra\u00fal Ccanto Machacca Per\u00fa 100K Non-Stop Masculino Finalizado 18:05:23 10&#8217;51&#8243;\/km 2 924 Marcos Jhon Salinas&#8230;<\/p>","protected":false},"author":1,"featured_media":0,"parent":0,"menu_order":0,"comment_status":"closed","ping_status":"closed","template":"","meta":{"nf_dc_page":"","footnotes":""},"class_list":["post-11728","page","type-page","status-publish"],"yoast_head":"<!-- This site is optimized with the Yoast SEO plugin v26.9 - https:\/\/yoast.com\/product\/yoast-seo-wordpress\/ -->\n<title>100K 2022 - ANDES RACE<\/title>\n<meta name=\"robots\" content=\"index, follow, max-snippet:-1, max-image-preview:large, max-video-preview:-1\" \/>\n<link rel=\"canonical\" href=\"https:\/\/www.andesrace.pe\/en\/100k-2022\/\" \/>\n<meta property=\"og:locale\" content=\"en_US\" \/>\n<meta property=\"og:type\" content=\"article\" \/>\n<meta property=\"og:title\" content=\"100K 2022 - ANDES RACE\" \/>\n<meta property=\"og:description\" content=\"100K General # Dorsal Nombre Apellidos Nacionalidad Evento G\u00e9nero Estado Meta.toficial Salida-Meta.avg 1 913 V\u00edctor Ra\u00fal Ccanto Machacca Per\u00fa 100K Non-Stop Masculino Finalizado 18:05:23 10&#8217;51&#8243;\/km 2 924 Marcos Jhon Salinas...\" \/>\n<meta property=\"og:url\" content=\"https:\/\/www.andesrace.pe\/en\/100k-2022\/\" \/>\n<meta property=\"og:site_name\" content=\"ANDES RACE\" \/>\n<meta property=\"article:modified_time\" content=\"2022-09-03T14:02:18+00:00\" \/>\n<meta name=\"twitter:card\" content=\"summary_large_image\" \/>\n<meta name=\"twitter:label1\" content=\"Est. reading time\" \/>\n\t<meta name=\"twitter:data1\" content=\"2 minutes\" \/>\n<script type=\"application\/ld+json\" class=\"yoast-schema-graph\">{\"@context\":\"https:\/\/schema.org\",\"@graph\":[{\"@type\":\"WebPage\",\"@id\":\"https:\/\/www.andesrace.pe\/100k-2022\/\",\"url\":\"https:\/\/www.andesrace.pe\/100k-2022\/\",\"name\":\"100K 2022 - ANDES RACE\",\"isPartOf\":{\"@id\":\"https:\/\/www.andesrace.pe\/#website\"},\"datePublished\":\"2022-08-31T23:11:02+00:00\",\"dateModified\":\"2022-09-03T14:02:18+00:00\",\"breadcrumb\":{\"@id\":\"https:\/\/www.andesrace.pe\/100k-2022\/#breadcrumb\"},\"inLanguage\":\"en-US\",\"potentialAction\":[{\"@type\":\"ReadAction\",\"target\":[\"https:\/\/www.andesrace.pe\/100k-2022\/\"]}]},{\"@type\":\"BreadcrumbList\",\"@id\":\"https:\/\/www.andesrace.pe\/100k-2022\/#breadcrumb\",\"itemListElement\":[{\"@type\":\"ListItem\",\"position\":1,\"name\":\"Portada\",\"item\":\"https:\/\/www.andesrace.pe\/\"},{\"@type\":\"ListItem\",\"position\":2,\"name\":\"100K 2022\"}]},{\"@type\":\"WebSite\",\"@id\":\"https:\/\/www.andesrace.pe\/#website\",\"url\":\"https:\/\/www.andesrace.pe\/\",\"name\":\"ANDES RACE\",\"description\":\"The Chaski Challenge\",\"publisher\":{\"@id\":\"https:\/\/www.andesrace.pe\/#organization\"},\"potentialAction\":[{\"@type\":\"SearchAction\",\"target\":{\"@type\":\"EntryPoint\",\"urlTemplate\":\"https:\/\/www.andesrace.pe\/?s={search_term_string}\"},\"query-input\":{\"@type\":\"PropertyValueSpecification\",\"valueRequired\":true,\"valueName\":\"search_term_string\"}}],\"inLanguage\":\"en-US\"},{\"@type\":\"Organization\",\"@id\":\"https:\/\/www.andesrace.pe\/#organization\",\"name\":\"Andes Race\",\"url\":\"https:\/\/www.andesrace.pe\/\",\"logo\":{\"@type\":\"ImageObject\",\"inLanguage\":\"en-US\",\"@id\":\"https:\/\/www.andesrace.pe\/#\/schema\/logo\/image\/\",\"url\":\"https:\/\/www.andesrace.pe\/wp-content\/uploads\/2013\/08\/LOGO.png\",\"contentUrl\":\"https:\/\/www.andesrace.pe\/wp-content\/uploads\/2013\/08\/LOGO.png\",\"width\":400,\"height\":118,\"caption\":\"Andes Race\"},\"image\":{\"@id\":\"https:\/\/www.andesrace.pe\/#\/schema\/logo\/image\/\"}}]}<\/script>\n<!-- \/ Yoast SEO plugin. -->","yoast_head_json":{"title":"100K 2022 - ANDES RACE","robots":{"index":"index","follow":"follow","max-snippet":"max-snippet:-1","max-image-preview":"max-image-preview:large","max-video-preview":"max-video-preview:-1"},"canonical":"https:\/\/www.andesrace.pe\/en\/100k-2022\/","og_locale":"en_US","og_type":"article","og_title":"100K 2022 - ANDES RACE","og_description":"100K General # Dorsal Nombre Apellidos Nacionalidad Evento G\u00e9nero Estado Meta.toficial Salida-Meta.avg 1 913 V\u00edctor Ra\u00fal Ccanto Machacca Per\u00fa 100K Non-Stop Masculino Finalizado 18:05:23 10&#8217;51&#8243;\/km 2 924 Marcos Jhon Salinas...","og_url":"https:\/\/www.andesrace.pe\/en\/100k-2022\/","og_site_name":"ANDES RACE","article_modified_time":"2022-09-03T14:02:18+00:00","twitter_card":"summary_large_image","twitter_misc":{"Est. reading time":"2 minutes"},"schema":{"@context":"https:\/\/schema.org","@graph":[{"@type":"WebPage","@id":"https:\/\/www.andesrace.pe\/100k-2022\/","url":"https:\/\/www.andesrace.pe\/100k-2022\/","name":"100K 2022 - ANDES RACE","isPartOf":{"@id":"https:\/\/www.andesrace.pe\/#website"},"datePublished":"2022-08-31T23:11:02+00:00","dateModified":"2022-09-03T14:02:18+00:00","breadcrumb":{"@id":"https:\/\/www.andesrace.pe\/100k-2022\/#breadcrumb"},"inLanguage":"en-US","potentialAction":[{"@type":"ReadAction","target":["https:\/\/www.andesrace.pe\/100k-2022\/"]}]},{"@type":"BreadcrumbList","@id":"https:\/\/www.andesrace.pe\/100k-2022\/#breadcrumb","itemListElement":[{"@type":"ListItem","position":1,"name":"Portada","item":"https:\/\/www.andesrace.pe\/"},{"@type":"ListItem","position":2,"name":"100K 2022"}]},{"@type":"WebSite","@id":"https:\/\/www.andesrace.pe\/#website","url":"https:\/\/www.andesrace.pe\/","name":"ANDES RACE","description":"The Chaski Challenge","publisher":{"@id":"https:\/\/www.andesrace.pe\/#organization"},"potentialAction":[{"@type":"SearchAction","target":{"@type":"EntryPoint","urlTemplate":"https:\/\/www.andesrace.pe\/?s={search_term_string}"},"query-input":{"@type":"PropertyValueSpecification","valueRequired":true,"valueName":"search_term_string"}}],"inLanguage":"en-US"},{"@type":"Organization","@id":"https:\/\/www.andesrace.pe\/#organization","name":"Andes Race","url":"https:\/\/www.andesrace.pe\/","logo":{"@type":"ImageObject","inLanguage":"en-US","@id":"https:\/\/www.andesrace.pe\/#\/schema\/logo\/image\/","url":"https:\/\/www.andesrace.pe\/wp-content\/uploads\/2013\/08\/LOGO.png","contentUrl":"https:\/\/www.andesrace.pe\/wp-content\/uploads\/2013\/08\/LOGO.png","width":400,"height":118,"caption":"Andes Race"},"image":{"@id":"https:\/\/www.andesrace.pe\/#\/schema\/logo\/image\/"}}]}},"_links":{"self":[{"href":"https:\/\/www.andesrace.pe\/en\/wp-json\/wp\/v2\/pages\/11728","targetHints":{"allow":["GET"]}}],"collection":[{"href":"https:\/\/www.andesrace.pe\/en\/wp-json\/wp\/v2\/pages"}],"about":[{"href":"https:\/\/www.andesrace.pe\/en\/wp-json\/wp\/v2\/types\/page"}],"author":[{"embeddable":true,"href":"https:\/\/www.andesrace.pe\/en\/wp-json\/wp\/v2\/users\/1"}],"replies":[{"embeddable":true,"href":"https:\/\/www.andesrace.pe\/en\/wp-json\/wp\/v2\/comments?post=11728"}],"version-history":[{"count":0,"href":"https:\/\/www.andesrace.pe\/en\/wp-json\/wp\/v2\/pages\/11728\/revisions"}],"wp:attachment":[{"href":"https:\/\/www.andesrace.pe\/en\/wp-json\/wp\/v2\/media?parent=11728"}],"curies":[{"name":"wp","href":"https:\/\/api.w.org\/{rel}","templated":true}]}}